{"id":252294,"date":"2021-10-27T10:15:42","date_gmt":"2021-10-27T16:26:28","guid":{"rendered":"https:\/\/fumaiolo.com\/product\/cappelletti-ai-formaggi-2\/"},"modified":"2021-10-27T18:26:28","modified_gmt":"2021-10-27T16:26:28","slug":"cappelletti-ai-formaggi-horeca-2","status":"publish","type":"product","link":"https:\/\/fumaiolo.com\/fr\/prodotto\/cappelletti-ai-formaggi-horeca-2\/","title":{"rendered":"Cappelletti ai formaggi"},"content":{"rendered":"<p>Un \u00e9crin parfum\u00e9 au c\u0153ur tendre et \u00e0 la saveur persistante mais d\u00e9licate. Leur p\u00e2te dor\u00e9e et poreuse renferme une cr\u00e8me \u00e0 base de fromages s\u00e9lectionn\u00e9s, \u00e9quilibr\u00e9e et savoureuse.<\/p>\n<h2 class=\"olivier\" style=\"color: #373737\"><strong>Pr\u00e8paration<\/strong><\/h2>\n<div class=\"text\">\n<p class=\"p1\">Versez le produit, sans l\u2019avoir d\u00e9congel\u00e9 au pr\u00e9alable, dans une grande quantit\u00e9 d\u2019eau sal\u00e9e bouillante. \u00c9gouttez donc environ <span class=\"s1\">deux minutes<\/span> apr\u00e8s la reprise de l\u2019\u00e9bullition.<\/p>\n<\/div>\n<p>&nbsp;<\/p>\n","protected":false},"excerpt":{"rendered":"<p>Un \u00e9crin parfum\u00e9 au c\u0153ur tendre et \u00e0 la saveur persistante mais d\u00e9licate. Leur p\u00e2te dor\u00e9e et poreuse renferme une cr\u00e8me \u00e0 base de fromages s\u00e9lectionn\u00e9s, \u00e9quilibr\u00e9e et savoureuse. Pr\u00e8paration Versez le produit, sans l\u2019avoir d\u00e9congel\u00e9 au pr\u00e9alable, dans une grande quantit\u00e9 d\u2019eau sal\u00e9e bouillante. \u00c9gouttez donc environ deux minutes apr\u00e8s la reprise de l\u2019\u00e9bullition. [&hellip;]<\/p>\n","protected":false},"featured_media":252016,"comment_status":"closed","ping_status":"closed","template":"","meta":{"_et_pb_use_builder":"","_et_pb_old_content":"","_et_gb_content_width":"","wp_mapbox_gl_js_media":[]},"product_cat":[368,369],"product_tag":[],"class_list":["post-252294","product","type-product","status-publish","has-post-thumbnail","hentry","product_cat-horeca-fr","product_cat-le-ripiene-fr"],"acf":[],"_links":{"self":[{"href":"https:\/\/fumaiolo.com\/fr\/wp-json\/wp\/v2\/product\/252294","targetHints":{"allow":["GET"]}}],"collection":[{"href":"https:\/\/fumaiolo.com\/fr\/wp-json\/wp\/v2\/product"}],"about":[{"href":"https:\/\/fumaiolo.com\/fr\/wp-json\/wp\/v2\/types\/product"}],"replies":[{"embeddable":true,"href":"https:\/\/fumaiolo.com\/fr\/wp-json\/wp\/v2\/comments?post=252294"}],"wp:featuredmedia":[{"embeddable":true,"href":"https:\/\/fumaiolo.com\/fr\/wp-json\/wp\/v2\/media\/252016"}],"wp:attachment":[{"href":"https:\/\/fumaiolo.com\/fr\/wp-json\/wp\/v2\/media?parent=252294"}],"wp:term":[{"taxonomy":"product_cat","embeddable":true,"href":"https:\/\/fumaiolo.com\/fr\/wp-json\/wp\/v2\/product_cat?post=252294"},{"taxonomy":"product_tag","embeddable":true,"href":"https:\/\/fumaiolo.com\/fr\/wp-json\/wp\/v2\/product_tag?post=252294"}],"curies":[{"name":"wp","href":"https:\/\/api.w.org\/{rel}","templated":true}]}}