{"id":252273,"date":"2021-10-26T16:30:36","date_gmt":"2021-10-27T16:19:31","guid":{"rendered":"https:\/\/fumaiolo.com\/product\/tortelli-di-erbe-sulla-lastra-2\/"},"modified":"2021-10-27T18:19:31","modified_gmt":"2021-10-27T16:19:31","slug":"tortelli-di-erbe-sulla-lastra-horeca-2","status":"publish","type":"product","link":"https:\/\/fumaiolo.com\/fr\/prodotto\/tortelli-di-erbe-sulla-lastra-horeca-2\/","title":{"rendered":"Tortelli di erbe sulla lastra"},"content":{"rendered":"<p>Les tortelli cuits sur plaque Fumaiolo respectent et renouvellent la tradition du haut Apennin tosco-\u00e9milien. Un plat d\u00e9licieux qui contient, entre deux voiles minces, une farce moelleuse et savoureuse.<\/p>\n<h2 class=\"olivier\" style=\"color: #373737\"><strong>Pr\u00e8paration<\/strong><\/h2>\n<div class=\"text\">\n<div class=\"offset-1 col-11 col-md-8\">\n<div class=\"text\">\n<div class=\"offset-1 col-11 col-md-8\">\n<div class=\"text\">\n<p class=\"p1\">Sans les d\u00e9congeler au pr\u00e9alable, faites les chauffer dans une po\u00eale antiadh\u00e9sive ou un grille-pain, ou faites frire dans une grande quantit\u00e9 d\u2019huile chaude.<\/p>\n<\/div>\n<\/div>\n<\/div>\n<\/div>\n<\/div>\n<p>&nbsp;<\/p>\n","protected":false},"excerpt":{"rendered":"<p>Les tortelli cuits sur plaque Fumaiolo respectent et renouvellent la tradition du haut Apennin tosco-\u00e9milien. Un plat d\u00e9licieux qui contient, entre deux voiles minces, une farce moelleuse et savoureuse. Pr\u00e8paration Sans les d\u00e9congeler au pr\u00e9alable, faites les chauffer dans une po\u00eale antiadh\u00e9sive ou un grille-pain, ou faites frire dans une grande quantit\u00e9 d\u2019huile chaude. &nbsp;<\/p>\n","protected":false},"featured_media":255077,"comment_status":"closed","ping_status":"closed","template":"","meta":{"_et_pb_use_builder":"","_et_pb_old_content":"","_et_gb_content_width":"","wp_mapbox_gl_js_media":[]},"product_cat":[368,379],"product_tag":[],"class_list":["post-252273","product","type-product","status-publish","has-post-thumbnail","hentry","product_cat-horeca-fr","product_cat-i-tortelli-sulla-lastra-fr"],"acf":[],"_links":{"self":[{"href":"https:\/\/fumaiolo.com\/fr\/wp-json\/wp\/v2\/product\/252273","targetHints":{"allow":["GET"]}}],"collection":[{"href":"https:\/\/fumaiolo.com\/fr\/wp-json\/wp\/v2\/product"}],"about":[{"href":"https:\/\/fumaiolo.com\/fr\/wp-json\/wp\/v2\/types\/product"}],"replies":[{"embeddable":true,"href":"https:\/\/fumaiolo.com\/fr\/wp-json\/wp\/v2\/comments?post=252273"}],"wp:featuredmedia":[{"embeddable":true,"href":"https:\/\/fumaiolo.com\/fr\/wp-json\/wp\/v2\/media\/255077"}],"wp:attachment":[{"href":"https:\/\/fumaiolo.com\/fr\/wp-json\/wp\/v2\/media?parent=252273"}],"wp:term":[{"taxonomy":"product_cat","embeddable":true,"href":"https:\/\/fumaiolo.com\/fr\/wp-json\/wp\/v2\/product_cat?post=252273"},{"taxonomy":"product_tag","embeddable":true,"href":"https:\/\/fumaiolo.com\/fr\/wp-json\/wp\/v2\/product_tag?post=252273"}],"curies":[{"name":"wp","href":"https:\/\/api.w.org\/{rel}","templated":true}]}}