{"id":252255,"date":"2021-10-26T16:13:53","date_gmt":"2021-10-27T16:13:57","guid":{"rendered":"https:\/\/fumaiolo.com\/product\/pici-2\/"},"modified":"2021-10-27T18:13:57","modified_gmt":"2021-10-27T16:13:57","slug":"pici-horeca-2","status":"publish","type":"product","link":"https:\/\/fumaiolo.com\/fr\/prodotto\/pici-horeca-2\/","title":{"rendered":"Pici"},"content":{"rendered":"<p>Le go\u00fbt, la fra\u00eecheur et la qualit\u00e9 sont r\u00e9unis dans les pici Fumaiolo, un \u00ab plat du pauvre \u00bb mais succulent, fruit d\u2019une utilisation judicieuse d\u2019ingr\u00e9dients simples.<\/p>\n<h2 class=\"olivier\" style=\"color: #373737\"><strong>Pr\u00e8paration<\/strong><\/h2>\n<div class=\"text\">\n<p class=\"p1\">Versez le produit, sans l\u2019avoir d\u00e9congel\u00e9 au pr\u00e9alable, dans une grande quantit\u00e9 d\u2019eau sal\u00e9e bouillante. \u00c9gouttez donc environ<span class=\"s1\">cinq minutes<\/span> apr\u00e8s la reprise de l\u2019\u00e9bullition.<\/p>\n<\/div>\n<p>&nbsp;<\/p>\n","protected":false},"excerpt":{"rendered":"<p>Le go\u00fbt, la fra\u00eecheur et la qualit\u00e9 sont r\u00e9unis dans les pici Fumaiolo, un \u00ab plat du pauvre \u00bb mais succulent, fruit d\u2019une utilisation judicieuse d\u2019ingr\u00e9dients simples. Pr\u00e8paration Versez le produit, sans l\u2019avoir d\u00e9congel\u00e9 au pr\u00e9alable, dans une grande quantit\u00e9 d\u2019eau sal\u00e9e bouillante. \u00c9gouttez donc environcinq minutes apr\u00e8s la reprise de l\u2019\u00e9bullition. &nbsp;<\/p>\n","protected":false},"featured_media":251891,"comment_status":"closed","ping_status":"closed","template":"","meta":{"_et_pb_use_builder":"","_et_pb_old_content":"","_et_gb_content_width":"","wp_mapbox_gl_js_media":[]},"product_cat":[368,375],"product_tag":[],"class_list":["post-252255","product","type-product","status-publish","has-post-thumbnail","hentry","product_cat-horeca-fr","product_cat-le-tradizionali-fr"],"acf":[],"_links":{"self":[{"href":"https:\/\/fumaiolo.com\/fr\/wp-json\/wp\/v2\/product\/252255","targetHints":{"allow":["GET"]}}],"collection":[{"href":"https:\/\/fumaiolo.com\/fr\/wp-json\/wp\/v2\/product"}],"about":[{"href":"https:\/\/fumaiolo.com\/fr\/wp-json\/wp\/v2\/types\/product"}],"replies":[{"embeddable":true,"href":"https:\/\/fumaiolo.com\/fr\/wp-json\/wp\/v2\/comments?post=252255"}],"wp:featuredmedia":[{"embeddable":true,"href":"https:\/\/fumaiolo.com\/fr\/wp-json\/wp\/v2\/media\/251891"}],"wp:attachment":[{"href":"https:\/\/fumaiolo.com\/fr\/wp-json\/wp\/v2\/media?parent=252255"}],"wp:term":[{"taxonomy":"product_cat","embeddable":true,"href":"https:\/\/fumaiolo.com\/fr\/wp-json\/wp\/v2\/product_cat?post=252255"},{"taxonomy":"product_tag","embeddable":true,"href":"https:\/\/fumaiolo.com\/fr\/wp-json\/wp\/v2\/product_tag?post=252255"}],"curies":[{"name":"wp","href":"https:\/\/api.w.org\/{rel}","templated":true}]}}