{"id":252246,"date":"2021-10-26T16:11:00","date_gmt":"2021-10-27T16:11:09","guid":{"rendered":"https:\/\/fumaiolo.com\/product\/passatelli-2\/"},"modified":"2021-10-27T18:11:09","modified_gmt":"2021-10-27T16:11:09","slug":"passatelli-horeca-2","status":"publish","type":"product","link":"https:\/\/fumaiolo.com\/fr\/prodotto\/passatelli-horeca-2\/","title":{"rendered":"Passatelli"},"content":{"rendered":"<p>Excellente entr\u00e9e typique du terroir, \u00e9labor\u00e9e avec un m\u00e9lange parfum\u00e9 d\u2019\u0153ufs frais, de grana padano, de chapelure, de noix de muscade et de citron. D\u00e9licieux m\u00eame secs, sp\u00e9ciaux dans un bouillon.<\/p>\n<h2 class=\"olivier\" style=\"color: #373737\"><strong>Pr\u00e8paration<\/strong><\/h2>\n<div class=\"text\">\n<div class=\"offset-1 col-11 col-md-8\">\n<div class=\"text\">\n<p class=\"p1\">Versez le produit, sans l\u2019avoir d\u00e9congel\u00e9 au pr\u00e9alable, dans une grande quantit\u00e9 d\u2019eau sal\u00e9e bouillante. <span class=\"s1\">\u00c9gouttez<\/span>donc environ deux (trois, quatre) minutes apr\u00e8s la reprise de l\u2019\u00e9bullition.<\/p>\n<\/div>\n<\/div>\n<\/div>\n<p>&nbsp;<\/p>\n","protected":false},"excerpt":{"rendered":"<p>Excellente entr\u00e9e typique du terroir, \u00e9labor\u00e9e avec un m\u00e9lange parfum\u00e9 d\u2019\u0153ufs frais, de grana padano, de chapelure, de noix de muscade et de citron. D\u00e9licieux m\u00eame secs, sp\u00e9ciaux dans un bouillon. Pr\u00e8paration Versez le produit, sans l\u2019avoir d\u00e9congel\u00e9 au pr\u00e9alable, dans une grande quantit\u00e9 d\u2019eau sal\u00e9e bouillante. \u00c9gouttezdonc environ deux (trois, quatre) minutes apr\u00e8s la [&hellip;]<\/p>\n","protected":false},"featured_media":251897,"comment_status":"closed","ping_status":"closed","template":"","meta":{"_et_pb_use_builder":"","_et_pb_old_content":"","_et_gb_content_width":"","wp_mapbox_gl_js_media":[]},"product_cat":[368,375],"product_tag":[],"class_list":["post-252246","product","type-product","status-publish","has-post-thumbnail","hentry","product_cat-horeca-fr","product_cat-le-tradizionali-fr"],"acf":[],"_links":{"self":[{"href":"https:\/\/fumaiolo.com\/fr\/wp-json\/wp\/v2\/product\/252246","targetHints":{"allow":["GET"]}}],"collection":[{"href":"https:\/\/fumaiolo.com\/fr\/wp-json\/wp\/v2\/product"}],"about":[{"href":"https:\/\/fumaiolo.com\/fr\/wp-json\/wp\/v2\/types\/product"}],"replies":[{"embeddable":true,"href":"https:\/\/fumaiolo.com\/fr\/wp-json\/wp\/v2\/comments?post=252246"}],"wp:featuredmedia":[{"embeddable":true,"href":"https:\/\/fumaiolo.com\/fr\/wp-json\/wp\/v2\/media\/251897"}],"wp:attachment":[{"href":"https:\/\/fumaiolo.com\/fr\/wp-json\/wp\/v2\/media?parent=252246"}],"wp:term":[{"taxonomy":"product_cat","embeddable":true,"href":"https:\/\/fumaiolo.com\/fr\/wp-json\/wp\/v2\/product_cat?post=252246"},{"taxonomy":"product_tag","embeddable":true,"href":"https:\/\/fumaiolo.com\/fr\/wp-json\/wp\/v2\/product_tag?post=252246"}],"curies":[{"name":"wp","href":"https:\/\/api.w.org\/{rel}","templated":true}]}}