{"id":252237,"date":"2021-10-26T15:48:07","date_gmt":"2021-10-27T16:07:38","guid":{"rendered":"https:\/\/fumaiolo.com\/product\/gnocchi-di-zucca-2\/"},"modified":"2021-10-27T18:07:38","modified_gmt":"2021-10-27T16:07:38","slug":"gnocchi-di-zucca-horeca-2","status":"publish","type":"product","link":"https:\/\/fumaiolo.com\/fr\/prodotto\/gnocchi-di-zucca-horeca-2\/","title":{"rendered":"Gnocchi di zucca"},"content":{"rendered":"<p>Doux, savoureux et parfum\u00e9s gr\u00e2ce \u00e0 la citrouille et moelleux gr\u00e2ce aux d\u00e9licates pommes de terre des Apennins, ces gnocchi sont id\u00e9aux pour apporter \u00e0 la table les saveurs de l\u2019automne. En parfaite association avec le gorgonzola ou d\u2019autres fromages bleus, ils conviennent \u00e9galement aux sauces plus d\u00e9licates telles courgettes et menthe, ou aux sauces plus riches, telles que speck et noix.<\/p>\n<h2 class=\"olivier\" style=\"color: #373737\"><strong>Pr\u00e8paration<\/strong><\/h2>\n<div class=\"text\">\n<p class=\"p1\">Versez le produit, sans l\u2019avoir d\u00e9congel\u00e9 au pr\u00e9alable, dans une grande quantit\u00e9 d\u2019eau sal\u00e9e bouillante. \u00c9gouttez donc environ deux (trois, quatre) minutes apr\u00e8s la reprise de l\u2019\u00e9bullition.<\/p>\n<\/div>\n<p>&nbsp;<\/p>\n","protected":false},"excerpt":{"rendered":"<p>Doux, savoureux et parfum\u00e9s gr\u00e2ce \u00e0 la citrouille et moelleux gr\u00e2ce aux d\u00e9licates pommes de terre des Apennins, ces gnocchi sont id\u00e9aux pour apporter \u00e0 la table les saveurs de l\u2019automne. En parfaite association avec le gorgonzola ou d\u2019autres fromages bleus, ils conviennent \u00e9galement aux sauces plus d\u00e9licates telles courgettes et menthe, ou aux sauces [&hellip;]<\/p>\n","protected":false},"featured_media":251910,"comment_status":"closed","ping_status":"closed","template":"","meta":{"_et_pb_use_builder":"","_et_pb_old_content":"","_et_gb_content_width":"","wp_mapbox_gl_js_media":[]},"product_cat":[368,375],"product_tag":[],"class_list":["post-252237","product","type-product","status-publish","has-post-thumbnail","hentry","product_cat-horeca-fr","product_cat-le-tradizionali-fr"],"acf":[],"_links":{"self":[{"href":"https:\/\/fumaiolo.com\/fr\/wp-json\/wp\/v2\/product\/252237","targetHints":{"allow":["GET"]}}],"collection":[{"href":"https:\/\/fumaiolo.com\/fr\/wp-json\/wp\/v2\/product"}],"about":[{"href":"https:\/\/fumaiolo.com\/fr\/wp-json\/wp\/v2\/types\/product"}],"replies":[{"embeddable":true,"href":"https:\/\/fumaiolo.com\/fr\/wp-json\/wp\/v2\/comments?post=252237"}],"wp:featuredmedia":[{"embeddable":true,"href":"https:\/\/fumaiolo.com\/fr\/wp-json\/wp\/v2\/media\/251910"}],"wp:attachment":[{"href":"https:\/\/fumaiolo.com\/fr\/wp-json\/wp\/v2\/media?parent=252237"}],"wp:term":[{"taxonomy":"product_cat","embeddable":true,"href":"https:\/\/fumaiolo.com\/fr\/wp-json\/wp\/v2\/product_cat?post=252237"},{"taxonomy":"product_tag","embeddable":true,"href":"https:\/\/fumaiolo.com\/fr\/wp-json\/wp\/v2\/product_tag?post=252237"}],"curies":[{"name":"wp","href":"https:\/\/api.w.org\/{rel}","templated":true}]}}