{"id":252236,"date":"2021-10-26T15:36:07","date_gmt":"2021-10-27T16:07:28","guid":{"rendered":"https:\/\/fumaiolo.com\/product\/gnocchi-curcuma-e-zafferano-2\/"},"modified":"2021-10-27T18:07:28","modified_gmt":"2021-10-27T16:07:28","slug":"gnocchi-curcuma-e-zafferano-horeca-2","status":"publish","type":"product","link":"https:\/\/fumaiolo.com\/fr\/prodotto\/gnocchi-curcuma-e-zafferano-horeca-2\/","title":{"rendered":"Gnocchi curcuma e zafferano"},"content":{"rendered":"<p>Moelleux et tr\u00e8s doux, les gnocchi au safran et au curcuma du Fumaiolo pr\u00e9servent tout le go\u00fbt et la d\u00e9licatesse des gnocchi faits maison. Au go\u00fbt d\u00e9licat des pommes de terre des Apennins s\u2019ajoutent les propri\u00e9t\u00e9s b\u00e9n\u00e9fiques du safran et l\u2019ar\u00f4me particulier mais raffin\u00e9 du curcuma. Ce plat conf\u00e8re au palais une explosion de go\u00fbt qui vous enveloppe, accompagn\u00e9 d\u2019une parfaite harmonie de saveurs.<\/p>\n<h2 class=\"olivier\" style=\"color: #373737\"><strong>Pr\u00e8paration<\/strong><\/h2>\n<div class=\"text\">\n<div class=\"offset-1 col-11 col-md-8\">\n<div class=\"text\">\n<div class=\"offset-1 col-11 col-md-8\">\n<div class=\"text\">\n<p class=\"p1\">Versez le produit, sans l\u2019avoir d\u00e9congel\u00e9 au pr\u00e9alable, dans une grande quantit\u00e9 d\u2019eau sal\u00e9e bouillante. \u00c9gouttez donc environ deux (trois, quatre) minutes apr\u00e8s la reprise de l\u2019\u00e9bullition.<\/p>\n<\/div>\n<\/div>\n<\/div>\n<\/div>\n<\/div>\n<p>&nbsp;<\/p>\n","protected":false},"excerpt":{"rendered":"<p>Moelleux et tr\u00e8s doux, les gnocchi au safran et au curcuma du Fumaiolo pr\u00e9servent tout le go\u00fbt et la d\u00e9licatesse des gnocchi faits maison. Au go\u00fbt d\u00e9licat des pommes de terre des Apennins s\u2019ajoutent les propri\u00e9t\u00e9s b\u00e9n\u00e9fiques du safran et l\u2019ar\u00f4me particulier mais raffin\u00e9 du curcuma. Ce plat conf\u00e8re au palais une explosion de go\u00fbt [&hellip;]<\/p>\n","protected":false},"featured_media":252169,"comment_status":"closed","ping_status":"closed","template":"","meta":{"_et_pb_use_builder":"","_et_pb_old_content":"","_et_gb_content_width":"","wp_mapbox_gl_js_media":[]},"product_cat":[368,375],"product_tag":[],"class_list":["post-252236","product","type-product","status-publish","has-post-thumbnail","hentry","product_cat-horeca-fr","product_cat-le-tradizionali-fr"],"acf":[],"_links":{"self":[{"href":"https:\/\/fumaiolo.com\/fr\/wp-json\/wp\/v2\/product\/252236","targetHints":{"allow":["GET"]}}],"collection":[{"href":"https:\/\/fumaiolo.com\/fr\/wp-json\/wp\/v2\/product"}],"about":[{"href":"https:\/\/fumaiolo.com\/fr\/wp-json\/wp\/v2\/types\/product"}],"replies":[{"embeddable":true,"href":"https:\/\/fumaiolo.com\/fr\/wp-json\/wp\/v2\/comments?post=252236"}],"wp:featuredmedia":[{"embeddable":true,"href":"https:\/\/fumaiolo.com\/fr\/wp-json\/wp\/v2\/media\/252169"}],"wp:attachment":[{"href":"https:\/\/fumaiolo.com\/fr\/wp-json\/wp\/v2\/media?parent=252236"}],"wp:term":[{"taxonomy":"product_cat","embeddable":true,"href":"https:\/\/fumaiolo.com\/fr\/wp-json\/wp\/v2\/product_cat?post=252236"},{"taxonomy":"product_tag","embeddable":true,"href":"https:\/\/fumaiolo.com\/fr\/wp-json\/wp\/v2\/product_tag?post=252236"}],"curies":[{"name":"wp","href":"https:\/\/api.w.org\/{rel}","templated":true}]}}