{"id":252228,"date":"2021-10-26T15:27:36","date_gmt":"2021-10-27T16:05:32","guid":{"rendered":"https:\/\/fumaiolo.com\/product\/gnocchi-tricolore-2\/"},"modified":"2021-10-27T18:05:32","modified_gmt":"2021-10-27T16:05:32","slug":"gnocchi-tricolore-horeca-2","status":"publish","type":"product","link":"https:\/\/fumaiolo.com\/fr\/prodotto\/gnocchi-tricolore-horeca-2\/","title":{"rendered":"Gnocchi Tricolore"},"content":{"rendered":"<p>Le format traditionnel des gnocchi mais avec une touche de fantaisie. Si vous voulez apporter un peu de joie dans votre assiette, et peut-\u00eatre faire plaisir \u00e0 vos petits invit\u00e9s, les gnocchi tricolores du Fumaiolo sont faits pour vous. P\u00e2te \u00e0 base de pommes de terre parfum\u00e9es des Apennins, puis une touche de couleur donn\u00e9e par la betterave et les \u00e9pinards : doux et d\u00e9licats, id\u00e9aux autant pour les sauces simples que les sauces plus complexes.<\/p>\n<h2 class=\"olivier\" style=\"color: #f9bb2d\"><strong>Pr\u00e8paration<\/strong><\/h2>\n<div class=\"text\">\n<p class=\"p1\">Versez le produit, sans l\u2019avoir d\u00e9congel\u00e9 au pr\u00e9alable, dans une grande quantit\u00e9 d\u2019eau sal\u00e9e bouillante. Vierta el producto, todav\u00eda congelado, en abundante agua hirviendo con sal.<\/p>\n<\/div>\n<p>&nbsp;<\/p>\n","protected":false},"excerpt":{"rendered":"<p>Le format traditionnel des gnocchi mais avec une touche de fantaisie. Si vous voulez apporter un peu de joie dans votre assiette, et peut-\u00eatre faire plaisir \u00e0 vos petits invit\u00e9s, les gnocchi tricolores du Fumaiolo sont faits pour vous. P\u00e2te \u00e0 base de pommes de terre parfum\u00e9es des Apennins, puis une touche de couleur donn\u00e9e [&hellip;]<\/p>\n","protected":false},"featured_media":251922,"comment_status":"closed","ping_status":"closed","template":"","meta":{"_et_pb_use_builder":"","_et_pb_old_content":"","_et_gb_content_width":"","wp_mapbox_gl_js_media":[]},"product_cat":[368,375],"product_tag":[],"class_list":["post-252228","product","type-product","status-publish","has-post-thumbnail","hentry","product_cat-horeca-fr","product_cat-le-tradizionali-fr"],"acf":[],"_links":{"self":[{"href":"https:\/\/fumaiolo.com\/fr\/wp-json\/wp\/v2\/product\/252228","targetHints":{"allow":["GET"]}}],"collection":[{"href":"https:\/\/fumaiolo.com\/fr\/wp-json\/wp\/v2\/product"}],"about":[{"href":"https:\/\/fumaiolo.com\/fr\/wp-json\/wp\/v2\/types\/product"}],"replies":[{"embeddable":true,"href":"https:\/\/fumaiolo.com\/fr\/wp-json\/wp\/v2\/comments?post=252228"}],"wp:featuredmedia":[{"embeddable":true,"href":"https:\/\/fumaiolo.com\/fr\/wp-json\/wp\/v2\/media\/251922"}],"wp:attachment":[{"href":"https:\/\/fumaiolo.com\/fr\/wp-json\/wp\/v2\/media?parent=252228"}],"wp:term":[{"taxonomy":"product_cat","embeddable":true,"href":"https:\/\/fumaiolo.com\/fr\/wp-json\/wp\/v2\/product_cat?post=252228"},{"taxonomy":"product_tag","embeddable":true,"href":"https:\/\/fumaiolo.com\/fr\/wp-json\/wp\/v2\/product_tag?post=252228"}],"curies":[{"name":"wp","href":"https:\/\/api.w.org\/{rel}","templated":true}]}}