{"id":252226,"date":"2021-10-26T15:18:38","date_gmt":"2021-10-27T16:05:24","guid":{"rendered":"https:\/\/fumaiolo.com\/product\/gnocchi-rossi-2\/"},"modified":"2021-10-27T18:05:24","modified_gmt":"2021-10-27T16:05:24","slug":"gnocchi-rossi-horeca-2","status":"publish","type":"product","link":"https:\/\/fumaiolo.com\/fr\/prodotto\/gnocchi-rossi-horeca-2\/","title":{"rendered":"Gnocchi rossi"},"content":{"rendered":"<p>D\u00e9licieux et avec une saveur d\u00e9licate, les gnocchi rouges de Fumaiolo sont pr\u00e9par\u00e9s avec les pommes de terre parfum\u00e9es des Apennins et de la betterave, ce qui leur donne une touche de couleur et les rend encore plus d\u00e9licieux. Id\u00e9aux pour \u00eatre servis avec des sauces d\u00e9licates ou avec des condiments plus forts, pour une entr\u00e9e savoureuse et pleine de caract\u00e8re.<\/p>\n<h2 class=\"olivier\" style=\"color: #373737\"><strong>Pr\u00e8paration<\/strong><\/h2>\n<div class=\"text\">\n<p class=\"p1\">Versez le produit, sans l\u2019avoir d\u00e9congel\u00e9 au pr\u00e9alable, dans une grande quantit\u00e9 d\u2019eau sal\u00e9e bouillante. \u00c9gouttez donc environ deux (trois, quatre) minutes apr\u00e8s la reprise de l\u2019\u00e9bullition.<\/p>\n<\/div>\n<p>&nbsp;<\/p>\n","protected":false},"excerpt":{"rendered":"<p>D\u00e9licieux et avec une saveur d\u00e9licate, les gnocchi rouges de Fumaiolo sont pr\u00e9par\u00e9s avec les pommes de terre parfum\u00e9es des Apennins et de la betterave, ce qui leur donne une touche de couleur et les rend encore plus d\u00e9licieux. Id\u00e9aux pour \u00eatre servis avec des sauces d\u00e9licates ou avec des condiments plus forts, pour une [&hellip;]<\/p>\n","protected":false},"featured_media":252163,"comment_status":"closed","ping_status":"closed","template":"","meta":{"_et_pb_use_builder":"","_et_pb_old_content":"","_et_gb_content_width":"","wp_mapbox_gl_js_media":[]},"product_cat":[368,375],"product_tag":[],"class_list":["post-252226","product","type-product","status-publish","has-post-thumbnail","hentry","product_cat-horeca-fr","product_cat-le-tradizionali-fr"],"acf":[],"_links":{"self":[{"href":"https:\/\/fumaiolo.com\/fr\/wp-json\/wp\/v2\/product\/252226","targetHints":{"allow":["GET"]}}],"collection":[{"href":"https:\/\/fumaiolo.com\/fr\/wp-json\/wp\/v2\/product"}],"about":[{"href":"https:\/\/fumaiolo.com\/fr\/wp-json\/wp\/v2\/types\/product"}],"replies":[{"embeddable":true,"href":"https:\/\/fumaiolo.com\/fr\/wp-json\/wp\/v2\/comments?post=252226"}],"wp:featuredmedia":[{"embeddable":true,"href":"https:\/\/fumaiolo.com\/fr\/wp-json\/wp\/v2\/media\/252163"}],"wp:attachment":[{"href":"https:\/\/fumaiolo.com\/fr\/wp-json\/wp\/v2\/media?parent=252226"}],"wp:term":[{"taxonomy":"product_cat","embeddable":true,"href":"https:\/\/fumaiolo.com\/fr\/wp-json\/wp\/v2\/product_cat?post=252226"},{"taxonomy":"product_tag","embeddable":true,"href":"https:\/\/fumaiolo.com\/fr\/wp-json\/wp\/v2\/product_tag?post=252226"}],"curies":[{"name":"wp","href":"https:\/\/api.w.org\/{rel}","templated":true}]}}