{"id":252218,"date":"2021-10-26T15:11:28","date_gmt":"2021-10-27T16:03:15","guid":{"rendered":"https:\/\/fumaiolo.com\/product\/gnocchi-verdi-2\/"},"modified":"2021-10-27T18:03:15","modified_gmt":"2021-10-27T16:03:15","slug":"gnocchi-verdi-horeca-2","status":"publish","type":"product","link":"https:\/\/fumaiolo.com\/fr\/prodotto\/gnocchi-verdi-horeca-2\/","title":{"rendered":"Gnocchi verdi"},"content":{"rendered":"<p>Tasty crumbly potatoes are combined with the aroma of Mount Fumaiolo\u2019s fresh herbs. This is how the soft and delicious Green Gnocchi are created. They are perfect both as an accompaniment to sweeter sauces <span class=\"s1\">as well as seasonings with a strong character.<\/span><\/p>\n<h2 class=\"olivier\" style=\"color: #373737\"><strong>Pr\u00e8paration<\/strong><\/h2>\n<div class=\"text\">\n<p class=\"p1\">Versez le produit, sans l\u2019avoir d\u00e9congel\u00e9 au pr\u00e9alable, dans une grande quantit\u00e9 d\u2019eau sal\u00e9e bouillante. <span class=\"s1\">\u00c9gouttez<\/span>donc environ deux (trois, quatre) minutes apr\u00e8s la reprise de l\u2019\u00e9bullition.<\/p>\n<\/div>\n<p>&nbsp;<\/p>\n","protected":false},"excerpt":{"rendered":"<p>Tasty crumbly potatoes are combined with the aroma of Mount Fumaiolo\u2019s fresh herbs. This is how the soft and delicious Green Gnocchi are created. They are perfect both as an accompaniment to sweeter sauces as well as seasonings with a strong character. Pr\u00e8paration Versez le produit, sans l\u2019avoir d\u00e9congel\u00e9 au pr\u00e9alable, dans une grande quantit\u00e9 [&hellip;]<\/p>\n","protected":false},"featured_media":252157,"comment_status":"closed","ping_status":"closed","template":"","meta":{"_et_pb_use_builder":"","_et_pb_old_content":"","_et_gb_content_width":"","wp_mapbox_gl_js_media":[]},"product_cat":[368,375],"product_tag":[],"class_list":["post-252218","product","type-product","status-publish","has-post-thumbnail","hentry","product_cat-horeca-fr","product_cat-le-tradizionali-fr"],"acf":[],"_links":{"self":[{"href":"https:\/\/fumaiolo.com\/fr\/wp-json\/wp\/v2\/product\/252218","targetHints":{"allow":["GET"]}}],"collection":[{"href":"https:\/\/fumaiolo.com\/fr\/wp-json\/wp\/v2\/product"}],"about":[{"href":"https:\/\/fumaiolo.com\/fr\/wp-json\/wp\/v2\/types\/product"}],"replies":[{"embeddable":true,"href":"https:\/\/fumaiolo.com\/fr\/wp-json\/wp\/v2\/comments?post=252218"}],"wp:featuredmedia":[{"embeddable":true,"href":"https:\/\/fumaiolo.com\/fr\/wp-json\/wp\/v2\/media\/252157"}],"wp:attachment":[{"href":"https:\/\/fumaiolo.com\/fr\/wp-json\/wp\/v2\/media?parent=252218"}],"wp:term":[{"taxonomy":"product_cat","embeddable":true,"href":"https:\/\/fumaiolo.com\/fr\/wp-json\/wp\/v2\/product_cat?post=252218"},{"taxonomy":"product_tag","embeddable":true,"href":"https:\/\/fumaiolo.com\/fr\/wp-json\/wp\/v2\/product_tag?post=252218"}],"curies":[{"name":"wp","href":"https:\/\/api.w.org\/{rel}","templated":true}]}}