{"id":252217,"date":"2021-10-26T15:07:25","date_gmt":"2021-10-27T16:03:05","guid":{"rendered":"https:\/\/fumaiolo.com\/product\/gnocchi-di-patate-2\/"},"modified":"2021-10-27T18:03:05","modified_gmt":"2021-10-27T16:03:05","slug":"gnocchi-di-patate-horeca-2","status":"publish","type":"product","link":"https:\/\/fumaiolo.com\/fr\/prodotto\/gnocchi-di-patate-horeca-2\/","title":{"rendered":"Gnocchi di patate"},"content":{"rendered":"<p>Les pommes de terre des Apennins, dor\u00e9es et friables, sont pr\u00e9par\u00e9es avec de la farine et des \u0153ufs pour donner vie aux gnocchi Fumaiolo. Avec leur texture douce et leur go\u00fbt d\u00e9licat, les gnocchi de pommes de terre offrent un go\u00fbt unique et enveloppant.<\/p>\n<h2 class=\"olivier\" style=\"color: #373737\"><strong>Pr\u00e8paration<\/strong><\/h2>\n<div class=\"text\">\n<p class=\"p1\">Versez le produit, sans l\u2019avoir d\u00e9congel\u00e9 au pr\u00e9alable, dans une grande quantit\u00e9 d\u2019eau sal\u00e9e bouillante. Les p\u00e2tes sont cuites quand elles montent \u00e0 la <span class=\"s1\">surface<\/span> et l\u2019\u00e9bullition reprend.<\/p>\n<\/div>\n<p>&nbsp;<\/p>\n","protected":false},"excerpt":{"rendered":"<p>Les pommes de terre des Apennins, dor\u00e9es et friables, sont pr\u00e9par\u00e9es avec de la farine et des \u0153ufs pour donner vie aux gnocchi Fumaiolo. Avec leur texture douce et leur go\u00fbt d\u00e9licat, les gnocchi de pommes de terre offrent un go\u00fbt unique et enveloppant. Pr\u00e8paration Versez le produit, sans l\u2019avoir d\u00e9congel\u00e9 au pr\u00e9alable, dans une [&hellip;]<\/p>\n","protected":false},"featured_media":252151,"comment_status":"closed","ping_status":"closed","template":"","meta":{"_et_pb_use_builder":"","_et_pb_old_content":"","_et_gb_content_width":"","wp_mapbox_gl_js_media":[]},"product_cat":[368,375],"product_tag":[],"class_list":["post-252217","product","type-product","status-publish","has-post-thumbnail","hentry","product_cat-horeca-fr","product_cat-le-tradizionali-fr"],"acf":[],"_links":{"self":[{"href":"https:\/\/fumaiolo.com\/fr\/wp-json\/wp\/v2\/product\/252217","targetHints":{"allow":["GET"]}}],"collection":[{"href":"https:\/\/fumaiolo.com\/fr\/wp-json\/wp\/v2\/product"}],"about":[{"href":"https:\/\/fumaiolo.com\/fr\/wp-json\/wp\/v2\/types\/product"}],"replies":[{"embeddable":true,"href":"https:\/\/fumaiolo.com\/fr\/wp-json\/wp\/v2\/comments?post=252217"}],"wp:featuredmedia":[{"embeddable":true,"href":"https:\/\/fumaiolo.com\/fr\/wp-json\/wp\/v2\/media\/252151"}],"wp:attachment":[{"href":"https:\/\/fumaiolo.com\/fr\/wp-json\/wp\/v2\/media?parent=252217"}],"wp:term":[{"taxonomy":"product_cat","embeddable":true,"href":"https:\/\/fumaiolo.com\/fr\/wp-json\/wp\/v2\/product_cat?post=252217"},{"taxonomy":"product_tag","embeddable":true,"href":"https:\/\/fumaiolo.com\/fr\/wp-json\/wp\/v2\/product_tag?post=252217"}],"curies":[{"name":"wp","href":"https:\/\/api.w.org\/{rel}","templated":true}]}}