{"id":252212,"date":"2021-10-26T14:23:03","date_gmt":"2021-10-27T16:00:00","guid":{"rendered":"https:\/\/fumaiolo.com\/product\/ravioli-di-patate-2\/"},"modified":"2021-10-27T18:00:00","modified_gmt":"2021-10-27T16:00:00","slug":"ravioli-di-patate-horeca-2","status":"publish","type":"product","link":"https:\/\/fumaiolo.com\/fr\/prodotto\/ravioli-di-patate-horeca-2\/","title":{"rendered":"Ravioli di patate"},"content":{"rendered":"<p>Le parfum d\u00e9licat de la noix de muscade dans une farce velout\u00e9e et d\u00e9licieuse \u00e0 base de pommes de terre, de ricotta et de grana padano. C\u2019est ainsi que naissent les raviolis aux pommes de terre Fumaiolo, comme le veut la tradition.<\/p>\n<h2 class=\"olivier\" style=\"color: #373737\"><strong>Pr\u00e8paration<\/strong><\/h2>\n<div class=\"text\">\n<p class=\"p1\">Versez le produit, sans l\u2019avoir d\u00e9congel\u00e9 au pr\u00e9alable, dans une grande quantit\u00e9 d\u2019eau sal\u00e9e bouillante. \u00c9gouttez donc environ <span class=\"s1\">trois minutes<\/span> apr\u00e8s la reprise de l\u2019\u00e9bullition.<\/p>\n<\/div>\n<p>&nbsp;<\/p>\n","protected":false},"excerpt":{"rendered":"<p>Le parfum d\u00e9licat de la noix de muscade dans une farce velout\u00e9e et d\u00e9licieuse \u00e0 base de pommes de terre, de ricotta et de grana padano. C\u2019est ainsi que naissent les raviolis aux pommes de terre Fumaiolo, comme le veut la tradition. Pr\u00e8paration Versez le produit, sans l\u2019avoir d\u00e9congel\u00e9 au pr\u00e9alable, dans une grande quantit\u00e9 [&hellip;]<\/p>\n","protected":false},"featured_media":251940,"comment_status":"closed","ping_status":"closed","template":"","meta":{"_et_pb_use_builder":"","_et_pb_old_content":"","_et_gb_content_width":"","wp_mapbox_gl_js_media":[]},"product_cat":[368,369],"product_tag":[],"class_list":["post-252212","product","type-product","status-publish","has-post-thumbnail","hentry","product_cat-horeca-fr","product_cat-le-ripiene-fr"],"acf":[],"_links":{"self":[{"href":"https:\/\/fumaiolo.com\/fr\/wp-json\/wp\/v2\/product\/252212","targetHints":{"allow":["GET"]}}],"collection":[{"href":"https:\/\/fumaiolo.com\/fr\/wp-json\/wp\/v2\/product"}],"about":[{"href":"https:\/\/fumaiolo.com\/fr\/wp-json\/wp\/v2\/types\/product"}],"replies":[{"embeddable":true,"href":"https:\/\/fumaiolo.com\/fr\/wp-json\/wp\/v2\/comments?post=252212"}],"wp:featuredmedia":[{"embeddable":true,"href":"https:\/\/fumaiolo.com\/fr\/wp-json\/wp\/v2\/media\/251940"}],"wp:attachment":[{"href":"https:\/\/fumaiolo.com\/fr\/wp-json\/wp\/v2\/media?parent=252212"}],"wp:term":[{"taxonomy":"product_cat","embeddable":true,"href":"https:\/\/fumaiolo.com\/fr\/wp-json\/wp\/v2\/product_cat?post=252212"},{"taxonomy":"product_tag","embeddable":true,"href":"https:\/\/fumaiolo.com\/fr\/wp-json\/wp\/v2\/product_tag?post=252212"}],"curies":[{"name":"wp","href":"https:\/\/api.w.org\/{rel}","templated":true}]}}