{"id":252207,"date":"2021-10-26T14:19:57","date_gmt":"2021-10-27T15:57:47","guid":{"rendered":"https:\/\/fumaiolo.com\/product\/ravioli-di-erbe-2\/"},"modified":"2021-10-27T17:57:47","modified_gmt":"2021-10-27T15:57:47","slug":"ravioli-di-erbe-horeca-2","status":"publish","type":"product","link":"https:\/\/fumaiolo.com\/fr\/prodotto\/ravioli-di-erbe-horeca-2\/","title":{"rendered":"Ravioli di erbe"},"content":{"rendered":"<p>Un classique de la cuisine italienne, que Fumaiolo propose dans une version personnelle aux saveurs \u00e9quilibr\u00e9es. Leur p\u00e2te aux \u0153ufs, jaune et rugueuse, contient une farce d\u2019\u00e9pinards tendre, agr\u00e9ment\u00e9e d\u2019une note \u00e9pic\u00e9e sp\u00e9ciale.<\/p>\n<h2 class=\"olivier\" style=\"color: #373737\"><strong>Pr\u00e8paration<\/strong><\/h2>\n<div class=\"text\">\n<p class=\"p1\">Versez le produit, sans l\u2019avoir d\u00e9congel\u00e9 au pr\u00e9alable, dans une grande quantit\u00e9 d\u2019eau sal\u00e9e bouillante. \u00c9gouttez donc environ <span class=\"s1\">trois minutes<\/span> apr\u00e8s la reprise de l\u2019\u00e9bullition.<\/p>\n<\/div>\n<p>&nbsp;<\/p>\n","protected":false},"excerpt":{"rendered":"<p>Un classique de la cuisine italienne, que Fumaiolo propose dans une version personnelle aux saveurs \u00e9quilibr\u00e9es. Leur p\u00e2te aux \u0153ufs, jaune et rugueuse, contient une farce d\u2019\u00e9pinards tendre, agr\u00e9ment\u00e9e d\u2019une note \u00e9pic\u00e9e sp\u00e9ciale. Pr\u00e8paration Versez le produit, sans l\u2019avoir d\u00e9congel\u00e9 au pr\u00e9alable, dans une grande quantit\u00e9 d\u2019eau sal\u00e9e bouillante. \u00c9gouttez donc environ trois minutes apr\u00e8s [&hellip;]<\/p>\n","protected":false},"featured_media":251940,"comment_status":"closed","ping_status":"closed","template":"","meta":{"_et_pb_use_builder":"","_et_pb_old_content":"","_et_gb_content_width":"","wp_mapbox_gl_js_media":[]},"product_cat":[368,369],"product_tag":[],"class_list":["post-252207","product","type-product","status-publish","has-post-thumbnail","hentry","product_cat-horeca-fr","product_cat-le-ripiene-fr"],"acf":[],"_links":{"self":[{"href":"https:\/\/fumaiolo.com\/fr\/wp-json\/wp\/v2\/product\/252207","targetHints":{"allow":["GET"]}}],"collection":[{"href":"https:\/\/fumaiolo.com\/fr\/wp-json\/wp\/v2\/product"}],"about":[{"href":"https:\/\/fumaiolo.com\/fr\/wp-json\/wp\/v2\/types\/product"}],"replies":[{"embeddable":true,"href":"https:\/\/fumaiolo.com\/fr\/wp-json\/wp\/v2\/comments?post=252207"}],"wp:featuredmedia":[{"embeddable":true,"href":"https:\/\/fumaiolo.com\/fr\/wp-json\/wp\/v2\/media\/251940"}],"wp:attachment":[{"href":"https:\/\/fumaiolo.com\/fr\/wp-json\/wp\/v2\/media?parent=252207"}],"wp:term":[{"taxonomy":"product_cat","embeddable":true,"href":"https:\/\/fumaiolo.com\/fr\/wp-json\/wp\/v2\/product_cat?post=252207"},{"taxonomy":"product_tag","embeddable":true,"href":"https:\/\/fumaiolo.com\/fr\/wp-json\/wp\/v2\/product_tag?post=252207"}],"curies":[{"name":"wp","href":"https:\/\/api.w.org\/{rel}","templated":true}]}}