{"id":252199,"date":"2021-10-26T13:57:30","date_gmt":"2021-10-27T15:53:29","guid":{"rendered":"https:\/\/fumaiolo.com\/product\/tortelloni-di-erbe-2\/"},"modified":"2021-10-27T17:53:29","modified_gmt":"2021-10-27T15:53:29","slug":"tortelloni-di-erbe-horeca-2","status":"publish","type":"product","link":"https:\/\/fumaiolo.com\/fr\/prodotto\/tortelloni-di-erbe-horeca-2\/","title":{"rendered":"Tortelloni di erbe"},"content":{"rendered":"<p>Les tortelloni di Erbe sont pr\u00e9par\u00e9s avec des \u00e9pinards cultiv\u00e9s dans la r\u00e9gion. La p\u00e2te est \u00e9paisse, afin de pr\u00e9server la farce, et se pr\u00eate \u00e0 \u00eatre accompagn\u00e9e de sauces fra\u00eeches pr\u00e9par\u00e9es avec des ingr\u00e9dients de saison. Pour un plaisir simple mais excitant.<\/p>\n<h2 class=\"olivier\" style=\"color: #373737\"><strong>Pr\u00e8paration<\/strong><\/h2>\n<div class=\"text\">\n<p class=\"p1\">Versez le produit, sans l\u2019avoir d\u00e9congel\u00e9 au pr\u00e9alable, dans une grande quantit\u00e9 d\u2019eau sal\u00e9e bouillante. \u00c9gouttez donc environ <span class=\"s1\">trois minutes<\/span> apr\u00e8s la reprise de l\u2019\u00e9bullition.<\/p>\n<\/div>\n<p>&nbsp;<\/p>\n","protected":false},"excerpt":{"rendered":"<p>Les tortelloni di Erbe sont pr\u00e9par\u00e9s avec des \u00e9pinards cultiv\u00e9s dans la r\u00e9gion. La p\u00e2te est \u00e9paisse, afin de pr\u00e9server la farce, et se pr\u00eate \u00e0 \u00eatre accompagn\u00e9e de sauces fra\u00eeches pr\u00e9par\u00e9es avec des ingr\u00e9dients de saison. Pour un plaisir simple mais excitant. Pr\u00e8paration Versez le produit, sans l\u2019avoir d\u00e9congel\u00e9 au pr\u00e9alable, dans une grande [&hellip;]<\/p>\n","protected":false},"featured_media":251946,"comment_status":"closed","ping_status":"closed","template":"","meta":{"_et_pb_use_builder":"","_et_pb_old_content":"","_et_gb_content_width":"","wp_mapbox_gl_js_media":[]},"product_cat":[368,369],"product_tag":[],"class_list":["post-252199","product","type-product","status-publish","has-post-thumbnail","hentry","product_cat-horeca-fr","product_cat-le-ripiene-fr"],"acf":[],"_links":{"self":[{"href":"https:\/\/fumaiolo.com\/fr\/wp-json\/wp\/v2\/product\/252199","targetHints":{"allow":["GET"]}}],"collection":[{"href":"https:\/\/fumaiolo.com\/fr\/wp-json\/wp\/v2\/product"}],"about":[{"href":"https:\/\/fumaiolo.com\/fr\/wp-json\/wp\/v2\/types\/product"}],"replies":[{"embeddable":true,"href":"https:\/\/fumaiolo.com\/fr\/wp-json\/wp\/v2\/comments?post=252199"}],"wp:featuredmedia":[{"embeddable":true,"href":"https:\/\/fumaiolo.com\/fr\/wp-json\/wp\/v2\/media\/251946"}],"wp:attachment":[{"href":"https:\/\/fumaiolo.com\/fr\/wp-json\/wp\/v2\/media?parent=252199"}],"wp:term":[{"taxonomy":"product_cat","embeddable":true,"href":"https:\/\/fumaiolo.com\/fr\/wp-json\/wp\/v2\/product_cat?post=252199"},{"taxonomy":"product_tag","embeddable":true,"href":"https:\/\/fumaiolo.com\/fr\/wp-json\/wp\/v2\/product_tag?post=252199"}],"curies":[{"name":"wp","href":"https:\/\/api.w.org\/{rel}","templated":true}]}}