{"id":252187,"date":"2021-10-26T12:30:37","date_gmt":"2021-10-27T15:29:29","guid":{"rendered":"https:\/\/fumaiolo.com\/product\/tortelletti-di-erbe-2\/"},"modified":"2021-10-27T17:29:29","modified_gmt":"2021-10-27T15:29:29","slug":"tortelletti-di-erbe-horeca-2","status":"publish","type":"product","link":"https:\/\/fumaiolo.com\/fr\/prodotto\/tortelletti-di-erbe-horeca-2\/","title":{"rendered":"Tortelletti di erbe"},"content":{"rendered":"<p>Les tortelletti Fumaiolo sont n\u00e9s de la rencontre de d\u00e9licieux fromages avec des herbes. Ils sont pr\u00e9par\u00e9s avec des \u00e9pinards savamment m\u00e9lang\u00e9s avec du grana padano et une ricotta parfaitement fra\u00eeche, enferm\u00e9s dans une p\u00e2te rugueuse, pour une entr\u00e9e d\u00e9licate et app\u00e9tissante.<\/p>\n<h2 class=\"olivier\" style=\"color: #373737\"><strong>Pr\u00e8paration<\/strong><\/h2>\n<div class=\"text\">\n<p class=\"p1\">Versez le produit, sans l\u2019avoir d\u00e9congel\u00e9 au pr\u00e9alable, dans une grande quantit\u00e9 d\u2019eau sal\u00e9e bouillante. <span class=\"s1\">\u00c9gouttez<\/span>donc environ deux (trois, quatre) minutes apr\u00e8s la reprise de l\u2019\u00e9bullition.<\/p>\n<\/div>\n<p>&nbsp;<\/p>\n","protected":false},"excerpt":{"rendered":"<p>Les tortelletti Fumaiolo sont n\u00e9s de la rencontre de d\u00e9licieux fromages avec des herbes. Ils sont pr\u00e9par\u00e9s avec des \u00e9pinards savamment m\u00e9lang\u00e9s avec du grana padano et une ricotta parfaitement fra\u00eeche, enferm\u00e9s dans une p\u00e2te rugueuse, pour une entr\u00e9e d\u00e9licate et app\u00e9tissante. Pr\u00e8paration Versez le produit, sans l\u2019avoir d\u00e9congel\u00e9 au pr\u00e9alable, dans une grande quantit\u00e9 [&hellip;]<\/p>\n","protected":false},"featured_media":251959,"comment_status":"closed","ping_status":"closed","template":"","meta":{"_et_pb_use_builder":"","_et_pb_old_content":"","_et_gb_content_width":"","wp_mapbox_gl_js_media":[]},"product_cat":[368,369],"product_tag":[],"class_list":["post-252187","product","type-product","status-publish","has-post-thumbnail","hentry","product_cat-horeca-fr","product_cat-le-ripiene-fr"],"acf":[],"_links":{"self":[{"href":"https:\/\/fumaiolo.com\/fr\/wp-json\/wp\/v2\/product\/252187","targetHints":{"allow":["GET"]}}],"collection":[{"href":"https:\/\/fumaiolo.com\/fr\/wp-json\/wp\/v2\/product"}],"about":[{"href":"https:\/\/fumaiolo.com\/fr\/wp-json\/wp\/v2\/types\/product"}],"replies":[{"embeddable":true,"href":"https:\/\/fumaiolo.com\/fr\/wp-json\/wp\/v2\/comments?post=252187"}],"wp:featuredmedia":[{"embeddable":true,"href":"https:\/\/fumaiolo.com\/fr\/wp-json\/wp\/v2\/media\/251959"}],"wp:attachment":[{"href":"https:\/\/fumaiolo.com\/fr\/wp-json\/wp\/v2\/media?parent=252187"}],"wp:term":[{"taxonomy":"product_cat","embeddable":true,"href":"https:\/\/fumaiolo.com\/fr\/wp-json\/wp\/v2\/product_cat?post=252187"},{"taxonomy":"product_tag","embeddable":true,"href":"https:\/\/fumaiolo.com\/fr\/wp-json\/wp\/v2\/product_tag?post=252187"}],"curies":[{"name":"wp","href":"https:\/\/api.w.org\/{rel}","templated":true}]}}