{"id":252183,"date":"2021-10-26T12:23:55","date_gmt":"2021-10-27T15:25:49","guid":{"rendered":"https:\/\/fumaiolo.com\/product\/tortelletti-di-carne-2\/"},"modified":"2021-10-27T17:25:49","modified_gmt":"2021-10-27T15:25:49","slug":"tortelletti-di-carne-horeca-2","status":"publish","type":"product","link":"https:\/\/fumaiolo.com\/fr\/prodotto\/tortelletti-di-carne-horeca-2\/","title":{"rendered":"Tortelletti di Carne"},"content":{"rendered":"<p>Leur p\u00e2te poreuse contient tout le go\u00fbt d\u2019une farce d\u00e9licieuse et authentique, pr\u00e9par\u00e9e avec la meilleure viande de porc combin\u00e9e \u00e0 la ricotta, au grana padano, aux \u0153ufs et aux ar\u00f4mes naturels des Apennins.<\/p>\n<h2 class=\"olivier\" style=\"color: #373737\"><strong>Pr\u00e8paration<\/strong><\/h2>\n<div class=\"text\">\n<p class=\"p1\">Versez le produit, sans l\u2019avoir d\u00e9congel\u00e9 au pr\u00e9alable, dans une grande quantit\u00e9 d\u2019eau sal\u00e9e bouillante. <span class=\"s1\">\u00c9gouttez<\/span>donc environ deux (trois, quatre) minutes apr\u00e8s la reprise de l\u2019\u00e9bullition.<\/p>\n<\/div>\n<p>&nbsp;<\/p>\n","protected":false},"excerpt":{"rendered":"<p>Leur p\u00e2te poreuse contient tout le go\u00fbt d\u2019une farce d\u00e9licieuse et authentique, pr\u00e9par\u00e9e avec la meilleure viande de porc combin\u00e9e \u00e0 la ricotta, au grana padano, aux \u0153ufs et aux ar\u00f4mes naturels des Apennins. Pr\u00e8paration Versez le produit, sans l\u2019avoir d\u00e9congel\u00e9 au pr\u00e9alable, dans une grande quantit\u00e9 d\u2019eau sal\u00e9e bouillante. \u00c9gouttezdonc environ deux (trois, quatre) [&hellip;]<\/p>\n","protected":false},"featured_media":251959,"comment_status":"closed","ping_status":"closed","template":"","meta":{"_et_pb_use_builder":"","_et_pb_old_content":"","_et_gb_content_width":"","wp_mapbox_gl_js_media":[]},"product_cat":[368,369],"product_tag":[],"class_list":["post-252183","product","type-product","status-publish","has-post-thumbnail","hentry","product_cat-horeca-fr","product_cat-le-ripiene-fr"],"acf":[],"_links":{"self":[{"href":"https:\/\/fumaiolo.com\/fr\/wp-json\/wp\/v2\/product\/252183","targetHints":{"allow":["GET"]}}],"collection":[{"href":"https:\/\/fumaiolo.com\/fr\/wp-json\/wp\/v2\/product"}],"about":[{"href":"https:\/\/fumaiolo.com\/fr\/wp-json\/wp\/v2\/types\/product"}],"replies":[{"embeddable":true,"href":"https:\/\/fumaiolo.com\/fr\/wp-json\/wp\/v2\/comments?post=252183"}],"wp:featuredmedia":[{"embeddable":true,"href":"https:\/\/fumaiolo.com\/fr\/wp-json\/wp\/v2\/media\/251959"}],"wp:attachment":[{"href":"https:\/\/fumaiolo.com\/fr\/wp-json\/wp\/v2\/media?parent=252183"}],"wp:term":[{"taxonomy":"product_cat","embeddable":true,"href":"https:\/\/fumaiolo.com\/fr\/wp-json\/wp\/v2\/product_cat?post=252183"},{"taxonomy":"product_tag","embeddable":true,"href":"https:\/\/fumaiolo.com\/fr\/wp-json\/wp\/v2\/product_tag?post=252183"}],"curies":[{"name":"wp","href":"https:\/\/api.w.org\/{rel}","templated":true}]}}