{"id":247496,"date":"2021-07-20T18:45:19","date_gmt":"2021-09-08T08:18:27","guid":{"rendered":"https:\/\/fumaiolo.com\/product\/tortelletti-di-patate\/"},"modified":"2021-10-27T13:03:36","modified_gmt":"2021-10-27T11:03:36","slug":"tortelletti-di-patate","status":"publish","type":"product","link":"https:\/\/fumaiolo.com\/fr\/prodotto\/tortelletti-di-patate\/","title":{"rendered":"Tortelletti di patate"},"content":{"rendered":"<p>Des carr\u00e9s de p\u00e2te rugueuse avec une garniture simple et authentique, dans le respect de la tradition:<br \/>\npommes de terre, ricotta et grana padano. Les tortelletti de pommes de terre sont particuli\u00e8rement indiqu\u00e9s pour mettre en valeur les senteurs de la for\u00eat.<\/p>\n<h2 class=\"olivier\" style=\"color: #373737\"><strong>Pr\u00e8paration<\/strong><\/h2>\n<div class=\"text\">\n<p class=\"p1\">Versez le produit, sans l\u2019avoir d\u00e9congel\u00e9 au pr\u00e9alable, dans une grande quantit\u00e9 d\u2019eau sal\u00e9e bouillante. <span class=\"s1\">\u00c9gouttez<\/span>donc environ deux (trois, quatre) minutes apr\u00e8s la reprise de l\u2019\u00e9bullition.<\/p>\n<\/div>\n<p>&nbsp;<\/p>\n","protected":false},"excerpt":{"rendered":"<p>Des carr\u00e9s de p\u00e2te rugueuse avec une garniture simple et authentique, dans le respect de la tradition: pommes de terre, ricotta et grana padano. Les tortelletti de pommes de terre sont particuli\u00e8rement indiqu\u00e9s pour mettre en valeur les senteurs de la for\u00eat. Pr\u00e8paration Versez le produit, sans l\u2019avoir d\u00e9congel\u00e9 au pr\u00e9alable, dans une grande quantit\u00e9 [&hellip;]<\/p>\n","protected":false},"featured_media":254001,"comment_status":"closed","ping_status":"closed","template":"","meta":{"_et_pb_use_builder":"","_et_pb_old_content":"","_et_gb_content_width":"","wp_mapbox_gl_js_media":[]},"product_cat":[261,314],"product_tag":[],"class_list":["post-247496","product","type-product","status-publish","has-post-thumbnail","hentry","product_cat-la-pasta-fr","product_cat-tortelli-fr"],"acf":[],"_links":{"self":[{"href":"https:\/\/fumaiolo.com\/fr\/wp-json\/wp\/v2\/product\/247496","targetHints":{"allow":["GET"]}}],"collection":[{"href":"https:\/\/fumaiolo.com\/fr\/wp-json\/wp\/v2\/product"}],"about":[{"href":"https:\/\/fumaiolo.com\/fr\/wp-json\/wp\/v2\/types\/product"}],"replies":[{"embeddable":true,"href":"https:\/\/fumaiolo.com\/fr\/wp-json\/wp\/v2\/comments?post=247496"}],"wp:featuredmedia":[{"embeddable":true,"href":"https:\/\/fumaiolo.com\/fr\/wp-json\/wp\/v2\/media\/254001"}],"wp:attachment":[{"href":"https:\/\/fumaiolo.com\/fr\/wp-json\/wp\/v2\/media?parent=247496"}],"wp:term":[{"taxonomy":"product_cat","embeddable":true,"href":"https:\/\/fumaiolo.com\/fr\/wp-json\/wp\/v2\/product_cat?post=247496"},{"taxonomy":"product_tag","embeddable":true,"href":"https:\/\/fumaiolo.com\/fr\/wp-json\/wp\/v2\/product_tag?post=247496"}],"curies":[{"name":"wp","href":"https:\/\/api.w.org\/{rel}","templated":true}]}}