{"id":247492,"date":"2021-07-20T18:47:18","date_gmt":"2021-09-08T08:12:47","guid":{"rendered":"https:\/\/fumaiolo.com\/product\/tortelletti-al-tartufo\/"},"modified":"2021-10-27T13:11:10","modified_gmt":"2021-10-27T11:11:10","slug":"tortelletti-al-tartufo","status":"publish","type":"product","link":"https:\/\/fumaiolo.com\/fr\/prodotto\/tortelletti-al-tartufo\/","title":{"rendered":"Tortelletti al tartufo"},"content":{"rendered":"<p>Le go\u00fbt prononc\u00e9 du roi noir des Apennins se combine \u00e0 la finesse des fromages. Pr\u00e9par\u00e9s avec une farce de pommes de terre, ricotta, grana padano et truffes noires, ils sont parfaits pour les amateurs de saveurs fortes.<br \/>\n&nbsp;<\/p>\n<h2 class=\"olivier\" style=\"color: #373737\"><strong>Pr\u00e8paration<\/strong><\/h2>\n<div class=\"text\">\n<p class=\"p1\">Versez le produit, sans l\u2019avoir d\u00e9congel\u00e9 au pr\u00e9alable, dans une grande quantit\u00e9 d\u2019eau sal\u00e9e bouillante. <span class=\"s1\">\u00c9gouttez<\/span>donc environ deux (trois, quatre) minutes apr\u00e8s la reprise de l\u2019\u00e9bullition.<\/p>\n<\/div>\n","protected":false},"excerpt":{"rendered":"<p>Le go\u00fbt prononc\u00e9 du roi noir des Apennins se combine \u00e0 la finesse des fromages. Pr\u00e9par\u00e9s avec une farce de pommes de terre, ricotta, grana padano et truffes noires, ils sont parfaits pour les amateurs de saveurs fortes. &nbsp; Pr\u00e8paration Versez le produit, sans l\u2019avoir d\u00e9congel\u00e9 au pr\u00e9alable, dans une grande quantit\u00e9 d\u2019eau sal\u00e9e bouillante. [&hellip;]<\/p>\n","protected":false},"featured_media":254006,"comment_status":"closed","ping_status":"closed","template":"","meta":{"_et_pb_use_builder":"","_et_pb_old_content":"","_et_gb_content_width":"","wp_mapbox_gl_js_media":[]},"product_cat":[261,314],"product_tag":[],"class_list":["post-247492","product","type-product","status-publish","has-post-thumbnail","hentry","product_cat-la-pasta-fr","product_cat-tortelli-fr"],"acf":[],"_links":{"self":[{"href":"https:\/\/fumaiolo.com\/fr\/wp-json\/wp\/v2\/product\/247492","targetHints":{"allow":["GET"]}}],"collection":[{"href":"https:\/\/fumaiolo.com\/fr\/wp-json\/wp\/v2\/product"}],"about":[{"href":"https:\/\/fumaiolo.com\/fr\/wp-json\/wp\/v2\/types\/product"}],"replies":[{"embeddable":true,"href":"https:\/\/fumaiolo.com\/fr\/wp-json\/wp\/v2\/comments?post=247492"}],"wp:featuredmedia":[{"embeddable":true,"href":"https:\/\/fumaiolo.com\/fr\/wp-json\/wp\/v2\/media\/254006"}],"wp:attachment":[{"href":"https:\/\/fumaiolo.com\/fr\/wp-json\/wp\/v2\/media?parent=247492"}],"wp:term":[{"taxonomy":"product_cat","embeddable":true,"href":"https:\/\/fumaiolo.com\/fr\/wp-json\/wp\/v2\/product_cat?post=247492"},{"taxonomy":"product_tag","embeddable":true,"href":"https:\/\/fumaiolo.com\/fr\/wp-json\/wp\/v2\/product_tag?post=247492"}],"curies":[{"name":"wp","href":"https:\/\/api.w.org\/{rel}","templated":true}]}}