{"id":247477,"date":"2021-07-21T09:31:09","date_gmt":"2021-09-08T07:52:23","guid":{"rendered":"https:\/\/fumaiolo.com\/product\/tortelloni-di-patate\/"},"modified":"2021-10-27T14:07:49","modified_gmt":"2021-10-27T12:07:49","slug":"tortelloni-di-patate","status":"publish","type":"product","link":"https:\/\/fumaiolo.com\/fr\/prodotto\/tortelloni-di-patate\/","title":{"rendered":"Tortelloni di patate"},"content":{"rendered":"<p>Un \u00e9quilibre d\u00e9licat de saveurs pour une farce douce et savoureuse. Entre deux couches de p\u00e2te se trouve une farce pr\u00e9par\u00e9e avec des pommes de terre des Apennins, de la ricotta s\u00e9lectionn\u00e9e et du grana padano.<\/p>\n<h2 class=\"olivier\" style=\"color: #373737\"><strong>Pr\u00e8paration<\/strong><\/h2>\n<div class=\"text\">\n<p class=\"p1\">Versez le produit, sans l\u2019avoir d\u00e9congel\u00e9 au pr\u00e9alable, dans une grande quantit\u00e9 d\u2019eau sal\u00e9e bouillante. \u00c9gouttez donc environ <span class=\"s1\">trois minutes<\/span> apr\u00e8s la reprise de l\u2019\u00e9bullition.<\/p>\n<\/div>\n<p>&nbsp;<\/p>\n","protected":false},"excerpt":{"rendered":"<p>Un \u00e9quilibre d\u00e9licat de saveurs pour une farce douce et savoureuse. Entre deux couches de p\u00e2te se trouve une farce pr\u00e9par\u00e9e avec des pommes de terre des Apennins, de la ricotta s\u00e9lectionn\u00e9e et du grana padano. Pr\u00e8paration Versez le produit, sans l\u2019avoir d\u00e9congel\u00e9 au pr\u00e9alable, dans une grande quantit\u00e9 d\u2019eau sal\u00e9e bouillante. \u00c9gouttez donc environ [&hellip;]<\/p>\n","protected":false},"featured_media":254857,"comment_status":"closed","ping_status":"closed","template":"","meta":{"_et_pb_use_builder":"","_et_pb_old_content":"","_et_gb_content_width":"","wp_mapbox_gl_js_media":[]},"product_cat":[261,314],"product_tag":[],"class_list":["post-247477","product","type-product","status-publish","has-post-thumbnail","hentry","product_cat-la-pasta-fr","product_cat-tortelli-fr"],"acf":[],"_links":{"self":[{"href":"https:\/\/fumaiolo.com\/fr\/wp-json\/wp\/v2\/product\/247477","targetHints":{"allow":["GET"]}}],"collection":[{"href":"https:\/\/fumaiolo.com\/fr\/wp-json\/wp\/v2\/product"}],"about":[{"href":"https:\/\/fumaiolo.com\/fr\/wp-json\/wp\/v2\/types\/product"}],"replies":[{"embeddable":true,"href":"https:\/\/fumaiolo.com\/fr\/wp-json\/wp\/v2\/comments?post=247477"}],"wp:featuredmedia":[{"embeddable":true,"href":"https:\/\/fumaiolo.com\/fr\/wp-json\/wp\/v2\/media\/254857"}],"wp:attachment":[{"href":"https:\/\/fumaiolo.com\/fr\/wp-json\/wp\/v2\/media?parent=247477"}],"wp:term":[{"taxonomy":"product_cat","embeddable":true,"href":"https:\/\/fumaiolo.com\/fr\/wp-json\/wp\/v2\/product_cat?post=247477"},{"taxonomy":"product_tag","embeddable":true,"href":"https:\/\/fumaiolo.com\/fr\/wp-json\/wp\/v2\/product_tag?post=247477"}],"curies":[{"name":"wp","href":"https:\/\/api.w.org\/{rel}","templated":true}]}}