{"id":247460,"date":"2021-07-23T13:54:35","date_gmt":"2021-09-08T07:23:10","guid":{"rendered":"https:\/\/fumaiolo.com\/product\/raviolini-ai-formaggi\/"},"modified":"2021-10-27T14:33:17","modified_gmt":"2021-10-27T12:33:17","slug":"raviolini-ai-formaggi","status":"publish","type":"product","link":"https:\/\/fumaiolo.com\/fr\/prodotto\/raviolini-ai-formaggi\/","title":{"rendered":"Raviolini ai formaggi"},"content":{"rendered":"<p>Une combinaison de saveurs d\u00e9licieuses, qui surprendra m\u00eame les palais les plus exigeants. Les raviolini au fromage Fumaiolo sont le r\u00e9sultat de la d\u00e9licieuse rencontre entre la p\u00e2te et la ricotta fra\u00eeche, le pecorino et le grana padano.<\/p>\n<h2 class=\"olivier\" style=\"color: #373737\"><strong>Pr\u00e8paration<\/strong><\/h2>\n<div class=\"text\">\n<p class=\"p1\">Versez le produit, sans l\u2019avoir d\u00e9congel\u00e9 au pr\u00e9alable, dans une grande quantit\u00e9 d\u2019eau sal\u00e9e bouillante. \u00c9gouttez donc environ <span class=\"s1\">deux minutes<\/span> apr\u00e8s la reprise de l\u2019\u00e9bullition.<\/p>\n<\/div>\n<p>&nbsp;<\/p>\n","protected":false},"excerpt":{"rendered":"<p>Une combinaison de saveurs d\u00e9licieuses, qui surprendra m\u00eame les palais les plus exigeants. Les raviolini au fromage Fumaiolo sont le r\u00e9sultat de la d\u00e9licieuse rencontre entre la p\u00e2te et la ricotta fra\u00eeche, le pecorino et le grana padano. Pr\u00e8paration Versez le produit, sans l\u2019avoir d\u00e9congel\u00e9 au pr\u00e9alable, dans une grande quantit\u00e9 d\u2019eau sal\u00e9e bouillante. \u00c9gouttez [&hellip;]<\/p>\n","protected":false},"featured_media":254032,"comment_status":"closed","ping_status":"closed","template":"","meta":{"_et_pb_use_builder":"","_et_pb_old_content":"","_et_gb_content_width":"","wp_mapbox_gl_js_media":[]},"product_cat":[261,311],"product_tag":[],"class_list":["post-247460","product","type-product","status-publish","has-post-thumbnail","hentry","product_cat-la-pasta-fr","product_cat-ravioli-fr"],"acf":[],"_links":{"self":[{"href":"https:\/\/fumaiolo.com\/fr\/wp-json\/wp\/v2\/product\/247460","targetHints":{"allow":["GET"]}}],"collection":[{"href":"https:\/\/fumaiolo.com\/fr\/wp-json\/wp\/v2\/product"}],"about":[{"href":"https:\/\/fumaiolo.com\/fr\/wp-json\/wp\/v2\/types\/product"}],"replies":[{"embeddable":true,"href":"https:\/\/fumaiolo.com\/fr\/wp-json\/wp\/v2\/comments?post=247460"}],"wp:featuredmedia":[{"embeddable":true,"href":"https:\/\/fumaiolo.com\/fr\/wp-json\/wp\/v2\/media\/254032"}],"wp:attachment":[{"href":"https:\/\/fumaiolo.com\/fr\/wp-json\/wp\/v2\/media?parent=247460"}],"wp:term":[{"taxonomy":"product_cat","embeddable":true,"href":"https:\/\/fumaiolo.com\/fr\/wp-json\/wp\/v2\/product_cat?post=247460"},{"taxonomy":"product_tag","embeddable":true,"href":"https:\/\/fumaiolo.com\/fr\/wp-json\/wp\/v2\/product_tag?post=247460"}],"curies":[{"name":"wp","href":"https:\/\/api.w.org\/{rel}","templated":true}]}}