{"id":247430,"date":"2021-07-23T16:24:06","date_gmt":"2021-09-07T13:36:05","guid":{"rendered":"https:\/\/fumaiolo.com\/product\/pappardelle\/"},"modified":"2021-10-27T15:33:01","modified_gmt":"2021-10-27T13:33:01","slug":"pappardelle","status":"publish","type":"product","link":"https:\/\/fumaiolo.com\/fr\/prodotto\/pappardelle\/","title":{"rendered":"Pappardelle"},"content":{"rendered":"<p>Pour ceux qui aiment le go\u00fbt des p\u00e2tes, les pappardelle Fumaiolo sont le choix id\u00e9al. Avec leur format plus grand et leur p\u00e2te poreuse, elles sont parfaites pour des combinaisons inhabituelles et sophistiqu\u00e9es.<\/p>\n<h2 class=\"olivier\" style=\"color: #373737\"><strong>Pr\u00e8paration<\/strong><\/h2>\n<div class=\"text\">\n<p class=\"p1\">Versez le produit, sans l\u2019avoir d\u00e9congel\u00e9 au pr\u00e9alable, dans une grande quantit\u00e9 d\u2019eau sal\u00e9e bouillante. <span class=\"s1\">\u00c9gouttez<\/span>donc environ deux (trois, quatre) minutes apr\u00e8s la reprise de l\u2019\u00e9bullition.<\/p>\n<\/div>\n<p>&nbsp;<\/p>\n","protected":false},"excerpt":{"rendered":"<p>Pour ceux qui aiment le go\u00fbt des p\u00e2tes, les pappardelle Fumaiolo sont le choix id\u00e9al. Avec leur format plus grand et leur p\u00e2te poreuse, elles sont parfaites pour des combinaisons inhabituelles et sophistiqu\u00e9es. Pr\u00e8paration Versez le produit, sans l\u2019avoir d\u00e9congel\u00e9 au pr\u00e9alable, dans une grande quantit\u00e9 d\u2019eau sal\u00e9e bouillante. \u00c9gouttezdonc environ deux (trois, quatre) minutes [&hellip;]<\/p>\n","protected":false},"featured_media":254877,"comment_status":"closed","ping_status":"closed","template":"","meta":{"_et_pb_use_builder":"","_et_pb_old_content":"","_et_gb_content_width":"","wp_mapbox_gl_js_media":[]},"product_cat":[261,307,292],"product_tag":[],"class_list":["post-247430","product","type-product","status-publish","has-post-thumbnail","hentry","product_cat-la-pasta-fr","product_cat-pappardelle-fr","product_cat-pasta-lunga-fr"],"acf":[],"_links":{"self":[{"href":"https:\/\/fumaiolo.com\/fr\/wp-json\/wp\/v2\/product\/247430","targetHints":{"allow":["GET"]}}],"collection":[{"href":"https:\/\/fumaiolo.com\/fr\/wp-json\/wp\/v2\/product"}],"about":[{"href":"https:\/\/fumaiolo.com\/fr\/wp-json\/wp\/v2\/types\/product"}],"replies":[{"embeddable":true,"href":"https:\/\/fumaiolo.com\/fr\/wp-json\/wp\/v2\/comments?post=247430"}],"wp:featuredmedia":[{"embeddable":true,"href":"https:\/\/fumaiolo.com\/fr\/wp-json\/wp\/v2\/media\/254877"}],"wp:attachment":[{"href":"https:\/\/fumaiolo.com\/fr\/wp-json\/wp\/v2\/media?parent=247430"}],"wp:term":[{"taxonomy":"product_cat","embeddable":true,"href":"https:\/\/fumaiolo.com\/fr\/wp-json\/wp\/v2\/product_cat?post=247430"},{"taxonomy":"product_tag","embeddable":true,"href":"https:\/\/fumaiolo.com\/fr\/wp-json\/wp\/v2\/product_tag?post=247430"}],"curies":[{"name":"wp","href":"https:\/\/api.w.org\/{rel}","templated":true}]}}