{"id":247416,"date":"2021-07-23T16:45:22","date_gmt":"2021-09-07T13:13:31","guid":{"rendered":"https:\/\/fumaiolo.com\/product\/tagliatelle\/"},"modified":"2021-09-15T15:26:44","modified_gmt":"2021-09-15T13:26:44","slug":"tagliatelle","status":"publish","type":"product","link":"https:\/\/fumaiolo.com\/fr\/prodotto\/tagliatelle\/","title":{"rendered":"Tagliatelle FR"},"content":{"rendered":"<p>Protagonistes incontest\u00e9es des tables de Romagne, les tagliatelles sont la combinaison id\u00e9ale pour les rago\u00fbts, qu\u2019elles capturent et maintiennent fermement gr\u00e2ce \u00e0 leur porosit\u00e9. Elles se pr\u00eatent \u00e0 de nombreuses combinaisons exquises.<\/p>\n<h2 class=\"olivier\" style=\"color: #373737\"><strong>Pr\u00e8paration<\/strong><\/h2>\n<div class=\"text\">\n<p class=\"p1\">Versez le produit, sans l\u2019avoir d\u00e9congel\u00e9 au pr\u00e9alable, dans une grande quantit\u00e9 d\u2019eau sal\u00e9e bouillante. <span class=\"s1\">\u00c9gouttez<\/span>donc environ deux (trois, quatre) minutes apr\u00e8s la reprise de l\u2019\u00e9bullition.<\/p>\n<\/div>\n<p>&nbsp;<\/p>\n","protected":false},"excerpt":{"rendered":"<p>Protagonistes incontest\u00e9es des tables de Romagne, les tagliatelles sont la combinaison id\u00e9ale pour les rago\u00fbts, qu\u2019elles capturent et maintiennent fermement gr\u00e2ce \u00e0 leur porosit\u00e9. Elles se pr\u00eatent \u00e0 de nombreuses combinaisons exquises. Pr\u00e8paration Versez le produit, sans l\u2019avoir d\u00e9congel\u00e9 au pr\u00e9alable, dans une grande quantit\u00e9 d\u2019eau sal\u00e9e bouillante. \u00c9gouttezdonc environ deux (trois, quatre) minutes apr\u00e8s [&hellip;]<\/p>\n","protected":false},"featured_media":254842,"comment_status":"closed","ping_status":"closed","template":"","meta":{"_et_pb_use_builder":"","_et_pb_old_content":"","_et_gb_content_width":"","wp_mapbox_gl_js_media":[]},"product_cat":[261,292,299],"product_tag":[],"class_list":["post-247416","product","type-product","status-publish","has-post-thumbnail","hentry","product_cat-la-pasta-fr","product_cat-pasta-lunga-fr","product_cat-tagliatellev"],"acf":[],"_links":{"self":[{"href":"https:\/\/fumaiolo.com\/fr\/wp-json\/wp\/v2\/product\/247416","targetHints":{"allow":["GET"]}}],"collection":[{"href":"https:\/\/fumaiolo.com\/fr\/wp-json\/wp\/v2\/product"}],"about":[{"href":"https:\/\/fumaiolo.com\/fr\/wp-json\/wp\/v2\/types\/product"}],"replies":[{"embeddable":true,"href":"https:\/\/fumaiolo.com\/fr\/wp-json\/wp\/v2\/comments?post=247416"}],"wp:featuredmedia":[{"embeddable":true,"href":"https:\/\/fumaiolo.com\/fr\/wp-json\/wp\/v2\/media\/254842"}],"wp:attachment":[{"href":"https:\/\/fumaiolo.com\/fr\/wp-json\/wp\/v2\/media?parent=247416"}],"wp:term":[{"taxonomy":"product_cat","embeddable":true,"href":"https:\/\/fumaiolo.com\/fr\/wp-json\/wp\/v2\/product_cat?post=247416"},{"taxonomy":"product_tag","embeddable":true,"href":"https:\/\/fumaiolo.com\/fr\/wp-json\/wp\/v2\/product_tag?post=247416"}],"curies":[{"name":"wp","href":"https:\/\/api.w.org\/{rel}","templated":true}]}}