{"id":247395,"date":"2021-07-23T17:01:09","date_gmt":"2021-09-07T12:44:00","guid":{"rendered":"https:\/\/fumaiolo.com\/product\/strozzapreti\/"},"modified":"2021-09-15T15:26:28","modified_gmt":"2021-09-15T13:26:28","slug":"strozzapreti-2","status":"publish","type":"product","link":"https:\/\/fumaiolo.com\/fr\/prodotto\/strozzapreti-2\/","title":{"rendered":"Strozzapreti FR"},"content":{"rendered":"<p>Pr\u00e9par\u00e9s avec un c\u0153ur de farine, d\u2019eau pure du mont Fumaiolo et une pinc\u00e9e de sel, ils sont synonymes de la simplicit\u00e9 de l\u2019ancienne tradition romagnole. Les strozzapreti Fumaiolo r\u00e9sistent parfaitement \u00e0 la cuisson et rehaussent le go\u00fbt de chaque condiment. Cr\u00e9\u00e9s pour accompagner les sauces \u00e0 la viande, ils sont \u00e9galement excellents avec le poisson.<\/p>\n<h2 class=\"olivier\" style=\"color: #373737\"><strong>Pr\u00e8paration<\/strong><\/h2>\n<div class=\"text\">\n<div class=\"offset-1 col-11 col-md-8\">\n<div class=\"text\">\n<div class=\"offset-1 col-11 col-md-8\">\n<div class=\"text\">\n<p class=\"p1\">Versez le produit, sans l\u2019avoir d\u00e9congel\u00e9 au pr\u00e9alable, dans une grande quantit\u00e9 d\u2019eau sal\u00e9e bouillante. <span class=\"s1\">\u00c9gouttez<\/span> donc environ quatre minutes apr\u00e8s la reprise de l\u2019\u00e9bullition.<\/p>\n<\/div>\n<\/div>\n<\/div>\n<\/div>\n<\/div>\n<p>&nbsp;<\/p>\n","protected":false},"excerpt":{"rendered":"<p>Pr\u00e9par\u00e9s avec un c\u0153ur de farine, d\u2019eau pure du mont Fumaiolo et une pinc\u00e9e de sel, ils sont synonymes de la simplicit\u00e9 de l\u2019ancienne tradition romagnole. Les strozzapreti Fumaiolo r\u00e9sistent parfaitement \u00e0 la cuisson et rehaussent le go\u00fbt de chaque condiment. Cr\u00e9\u00e9s pour accompagner les sauces \u00e0 la viande, ils sont \u00e9galement excellents avec le [&hellip;]<\/p>\n","protected":false},"featured_media":254077,"comment_status":"closed","ping_status":"closed","template":"","meta":{"_et_pb_use_builder":"","_et_pb_old_content":"","_et_gb_content_width":"","wp_mapbox_gl_js_media":[]},"product_cat":[261,283],"product_tag":[],"class_list":["post-247395","product","type-product","status-publish","has-post-thumbnail","hentry","product_cat-la-pasta-fr","product_cat-strozzapreti-fr"],"acf":[],"_links":{"self":[{"href":"https:\/\/fumaiolo.com\/fr\/wp-json\/wp\/v2\/product\/247395","targetHints":{"allow":["GET"]}}],"collection":[{"href":"https:\/\/fumaiolo.com\/fr\/wp-json\/wp\/v2\/product"}],"about":[{"href":"https:\/\/fumaiolo.com\/fr\/wp-json\/wp\/v2\/types\/product"}],"replies":[{"embeddable":true,"href":"https:\/\/fumaiolo.com\/fr\/wp-json\/wp\/v2\/comments?post=247395"}],"wp:featuredmedia":[{"embeddable":true,"href":"https:\/\/fumaiolo.com\/fr\/wp-json\/wp\/v2\/media\/254077"}],"wp:attachment":[{"href":"https:\/\/fumaiolo.com\/fr\/wp-json\/wp\/v2\/media?parent=247395"}],"wp:term":[{"taxonomy":"product_cat","embeddable":true,"href":"https:\/\/fumaiolo.com\/fr\/wp-json\/wp\/v2\/product_cat?post=247395"},{"taxonomy":"product_tag","embeddable":true,"href":"https:\/\/fumaiolo.com\/fr\/wp-json\/wp\/v2\/product_tag?post=247395"}],"curies":[{"name":"wp","href":"https:\/\/api.w.org\/{rel}","templated":true}]}}