{"id":247385,"date":"2021-07-23T17:03:46","date_gmt":"2021-09-07T12:36:10","guid":{"rendered":"https:\/\/fumaiolo.com\/product\/strozzapreti-curcuma-e-zafferano\/"},"modified":"2021-10-27T15:39:28","modified_gmt":"2021-10-27T13:39:28","slug":"strozzapreti-curcuma-e-zafferano","status":"publish","type":"product","link":"https:\/\/fumaiolo.com\/fr\/prodotto\/strozzapreti-curcuma-e-zafferano\/","title":{"rendered":"Strozzapreti curcuma e zafferano"},"content":{"rendered":"<p>Dans cette proposition savoureuse qui allie tradition et innovation, les strozzapreti de Fumaiolo rev\u00eatent un jaune \u00e9clatant. La simplicit\u00e9 et le naturel de la tradition romagnole se m\u00ealent au go\u00fbt prononc\u00e9 et incomparable du safran et du curcuma, donnant vie \u00e0 un plat domin\u00e9 par un caract\u00e8re all\u00e9chant et app\u00e9tissant.<\/p>\n<h2 class=\"olivier\" style=\"color: #373737\"><strong>Pr\u00e8paration<\/strong><\/h2>\n<div class=\"text\">\n<div class=\"offset-1 col-11 col-md-8\">\n<div class=\"text\">\n<div class=\"offset-1 col-11 col-md-8\">\n<div class=\"text\">\n<p class=\"p1\">Versez le produit, sans l\u2019avoir d\u00e9congel\u00e9 au pr\u00e9alable, dans une grande quantit\u00e9 d\u2019eau sal\u00e9e bouillante. \u00c9gouttez donc environ quatre minutes apr\u00e8s la reprise de l\u2019\u00e9bullition.<\/p>\n<\/div>\n<\/div>\n<\/div>\n<\/div>\n<\/div>\n<p>&nbsp;<\/p>\n","protected":false},"excerpt":{"rendered":"<p>Dans cette proposition savoureuse qui allie tradition et innovation, les strozzapreti de Fumaiolo rev\u00eatent un jaune \u00e9clatant. La simplicit\u00e9 et le naturel de la tradition romagnole se m\u00ealent au go\u00fbt prononc\u00e9 et incomparable du safran et du curcuma, donnant vie \u00e0 un plat domin\u00e9 par un caract\u00e8re all\u00e9chant et app\u00e9tissant. Pr\u00e8paration Versez le produit, sans [&hellip;]<\/p>\n","protected":false},"featured_media":254082,"comment_status":"closed","ping_status":"closed","template":"","meta":{"_et_pb_use_builder":"","_et_pb_old_content":"","_et_gb_content_width":"","wp_mapbox_gl_js_media":[]},"product_cat":[261,283],"product_tag":[],"class_list":["post-247385","product","type-product","status-publish","has-post-thumbnail","hentry","product_cat-la-pasta-fr","product_cat-strozzapreti-fr"],"acf":[],"_links":{"self":[{"href":"https:\/\/fumaiolo.com\/fr\/wp-json\/wp\/v2\/product\/247385","targetHints":{"allow":["GET"]}}],"collection":[{"href":"https:\/\/fumaiolo.com\/fr\/wp-json\/wp\/v2\/product"}],"about":[{"href":"https:\/\/fumaiolo.com\/fr\/wp-json\/wp\/v2\/types\/product"}],"replies":[{"embeddable":true,"href":"https:\/\/fumaiolo.com\/fr\/wp-json\/wp\/v2\/comments?post=247385"}],"wp:featuredmedia":[{"embeddable":true,"href":"https:\/\/fumaiolo.com\/fr\/wp-json\/wp\/v2\/media\/254082"}],"wp:attachment":[{"href":"https:\/\/fumaiolo.com\/fr\/wp-json\/wp\/v2\/media?parent=247385"}],"wp:term":[{"taxonomy":"product_cat","embeddable":true,"href":"https:\/\/fumaiolo.com\/fr\/wp-json\/wp\/v2\/product_cat?post=247385"},{"taxonomy":"product_tag","embeddable":true,"href":"https:\/\/fumaiolo.com\/fr\/wp-json\/wp\/v2\/product_tag?post=247385"}],"curies":[{"name":"wp","href":"https:\/\/api.w.org\/{rel}","templated":true}]}}