{"id":247378,"date":"2021-07-23T17:11:51","date_gmt":"2021-09-07T12:16:38","guid":{"rendered":"https:\/\/fumaiolo.com\/product\/piadina-light\/"},"modified":"2021-09-15T15:26:19","modified_gmt":"2021-09-15T13:26:19","slug":"piadina-light-2","status":"publish","type":"product","link":"https:\/\/fumaiolo.com\/fr\/prodotto\/piadina-light-2\/","title":{"rendered":"Piadina light FR"},"content":{"rendered":"<p>La piadina all\u00e9g\u00e9e Fumaiolo, parfum\u00e9e et authentique comme faite maison, pr\u00e9serve les bienfaits de la recette ancienne de Romagne, avec un avantage de 40 % moins de gras que la version traditionnelle, gr\u00e2ce \u00e0 l\u2019utilisation d\u2019huile de ma\u00efs \u00e0 la place du saindoux.<\/p>\n<h2 class=\"olivier\" style=\"color: #373737\"><strong>Pr\u00e8paration<\/strong><\/h2>\n<div class=\"text\">\n<div class=\"offset-1 col-11 col-md-8\">\n<div class=\"text\">\n<div class=\"offset-1 col-11 col-md-8\">\n<div class=\"text\">\n<p class=\"p1\">Chauffer sur une casserole ou une po\u00eale s\u00e8che. Id\u00e9ale avec la charcuterie et au lieu du pain.<\/p>\n<\/div>\n<\/div>\n<\/div>\n<\/div>\n<\/div>\n<p>&nbsp;<\/p>\n","protected":false},"excerpt":{"rendered":"<p>La piadina all\u00e9g\u00e9e Fumaiolo, parfum\u00e9e et authentique comme faite maison, pr\u00e9serve les bienfaits de la recette ancienne de Romagne, avec un avantage de 40 % moins de gras que la version traditionnelle, gr\u00e2ce \u00e0 l\u2019utilisation d\u2019huile de ma\u00efs \u00e0 la place du saindoux. Pr\u00e8paration Chauffer sur une casserole ou une po\u00eale s\u00e8che. Id\u00e9ale avec la [&hellip;]<\/p>\n","protected":false},"featured_media":254102,"comment_status":"closed","ping_status":"closed","template":"","meta":{"_et_pb_use_builder":"","_et_pb_old_content":"","_et_gb_content_width":"","wp_mapbox_gl_js_media":[]},"product_cat":[276,277],"product_tag":[],"class_list":["post-247378","product","type-product","status-publish","has-post-thumbnail","hentry","product_cat-piadina-fr","product_cat-piadina-trancio-fr"],"acf":[],"_links":{"self":[{"href":"https:\/\/fumaiolo.com\/fr\/wp-json\/wp\/v2\/product\/247378","targetHints":{"allow":["GET"]}}],"collection":[{"href":"https:\/\/fumaiolo.com\/fr\/wp-json\/wp\/v2\/product"}],"about":[{"href":"https:\/\/fumaiolo.com\/fr\/wp-json\/wp\/v2\/types\/product"}],"replies":[{"embeddable":true,"href":"https:\/\/fumaiolo.com\/fr\/wp-json\/wp\/v2\/comments?post=247378"}],"wp:featuredmedia":[{"embeddable":true,"href":"https:\/\/fumaiolo.com\/fr\/wp-json\/wp\/v2\/media\/254102"}],"wp:attachment":[{"href":"https:\/\/fumaiolo.com\/fr\/wp-json\/wp\/v2\/media?parent=247378"}],"wp:term":[{"taxonomy":"product_cat","embeddable":true,"href":"https:\/\/fumaiolo.com\/fr\/wp-json\/wp\/v2\/product_cat?post=247378"},{"taxonomy":"product_tag","embeddable":true,"href":"https:\/\/fumaiolo.com\/fr\/wp-json\/wp\/v2\/product_tag?post=247378"}],"curies":[{"name":"wp","href":"https:\/\/api.w.org\/{rel}","templated":true}]}}