{"id":247371,"date":"2021-07-23T17:15:29","date_gmt":"2021-09-07T12:11:09","guid":{"rendered":"https:\/\/fumaiolo.com\/product\/piadina-light-intera\/"},"modified":"2021-09-15T15:25:24","modified_gmt":"2021-09-15T13:25:24","slug":"piadina-light-intera-2","status":"publish","type":"product","link":"https:\/\/fumaiolo.com\/fr\/prodotto\/piadina-light-intera-2\/","title":{"rendered":"Piadina light Intera FR"},"content":{"rendered":"<p>La plus c\u00e9l\u00e8bre des galettes rondes du monde, croustillante \u00e0 l\u2019ext\u00e9rieur et douce \u00e0 l\u2019int\u00e9rieur, est la reine de la table en Romagne. Partenaire par excellence des charcuteries et des fromages, elle se pr\u00eate \u00e9galement parfaitement aux accords gastronomiques.<\/p>\n<h2 class=\"olivier\" style=\"color: #373737\"><strong>Pr\u00e8paration<\/strong><\/h2>\n<div class=\"text\">\n<div class=\"offset-1 col-11 col-md-8\">\n<div class=\"text\">\n<div class=\"offset-1 col-11 col-md-8\">\n<div class=\"text\">\n<p class=\"p1\">Chauffer sur une casserole ou une po\u00eale s\u00e8che. Id\u00e9ale avec la charcuterie et au lieu du pain.<\/p>\n<\/div>\n<\/div>\n<\/div>\n<\/div>\n<\/div>\n<p>&nbsp;<\/p>\n","protected":false},"excerpt":{"rendered":"<p>La plus c\u00e9l\u00e8bre des galettes rondes du monde, croustillante \u00e0 l\u2019ext\u00e9rieur et douce \u00e0 l\u2019int\u00e9rieur, est la reine de la table en Romagne. Partenaire par excellence des charcuteries et des fromages, elle se pr\u00eate \u00e9galement parfaitement aux accords gastronomiques. Pr\u00e8paration Chauffer sur une casserole ou une po\u00eale s\u00e8che. Id\u00e9ale avec la charcuterie et au lieu [&hellip;]<\/p>\n","protected":false},"featured_media":254568,"comment_status":"closed","ping_status":"closed","template":"","meta":{"_et_pb_use_builder":"","_et_pb_old_content":"","_et_gb_content_width":"","wp_mapbox_gl_js_media":[]},"product_cat":[276],"product_tag":[],"class_list":["post-247371","product","type-product","status-publish","has-post-thumbnail","hentry","product_cat-piadina-fr"],"acf":[],"_links":{"self":[{"href":"https:\/\/fumaiolo.com\/fr\/wp-json\/wp\/v2\/product\/247371","targetHints":{"allow":["GET"]}}],"collection":[{"href":"https:\/\/fumaiolo.com\/fr\/wp-json\/wp\/v2\/product"}],"about":[{"href":"https:\/\/fumaiolo.com\/fr\/wp-json\/wp\/v2\/types\/product"}],"replies":[{"embeddable":true,"href":"https:\/\/fumaiolo.com\/fr\/wp-json\/wp\/v2\/comments?post=247371"}],"wp:featuredmedia":[{"embeddable":true,"href":"https:\/\/fumaiolo.com\/fr\/wp-json\/wp\/v2\/media\/254568"}],"wp:attachment":[{"href":"https:\/\/fumaiolo.com\/fr\/wp-json\/wp\/v2\/media?parent=247371"}],"wp:term":[{"taxonomy":"product_cat","embeddable":true,"href":"https:\/\/fumaiolo.com\/fr\/wp-json\/wp\/v2\/product_cat?post=247371"},{"taxonomy":"product_tag","embeddable":true,"href":"https:\/\/fumaiolo.com\/fr\/wp-json\/wp\/v2\/product_tag?post=247371"}],"curies":[{"name":"wp","href":"https:\/\/api.w.org\/{rel}","templated":true}]}}