{"id":247363,"date":"2021-07-23T17:19:01","date_gmt":"2021-09-07T11:38:40","guid":{"rendered":"https:\/\/fumaiolo.com\/product\/piadina-sottile-da-arrotolare\/"},"modified":"2021-09-15T15:25:18","modified_gmt":"2021-09-15T13:25:18","slug":"piadina-sottile-da-arrotolare","status":"publish","type":"product","link":"https:\/\/fumaiolo.com\/fr\/prodotto\/piadina-sottile-da-arrotolare\/","title":{"rendered":"Piadina sottile da arrotolare FR"},"content":{"rendered":"<p>Saine, savoureuse et polyvalente, la piadina fine Fumaiolo, aussi bonne que la version traditionnelle, mais moins \u00e9paisse, est id\u00e9ale pour pr\u00e9parer de d\u00e9licieux petits rouleaux farcis.<\/p>\n<h2 class=\"olivier\" style=\"color: #373737\"><strong>Pr\u00e8paration<\/strong><\/h2>\n<div class=\"text\">\n<div class=\"offset-1 col-11 col-md-8\">\n<div class=\"text\">\n<div class=\"offset-1 col-11 col-md-8\">\n<div class=\"text\">\n<p class=\"p1\">Chauffer sur une casserole ou une po\u00eale s\u00e8che. Id\u00e9ale avec la charcuterie et au lieu du pain.<\/p>\n<\/div>\n<\/div>\n<\/div>\n<\/div>\n<\/div>\n<p>&nbsp;<\/p>\n","protected":false},"excerpt":{"rendered":"<p>Saine, savoureuse et polyvalente, la piadina fine Fumaiolo, aussi bonne que la version traditionnelle, mais moins \u00e9paisse, est id\u00e9ale pour pr\u00e9parer de d\u00e9licieux petits rouleaux farcis. Pr\u00e8paration Chauffer sur une casserole ou une po\u00eale s\u00e8che. Id\u00e9ale avec la charcuterie et au lieu du pain. &nbsp;<\/p>\n","protected":false},"featured_media":254163,"comment_status":"closed","ping_status":"closed","template":"","meta":{"_et_pb_use_builder":"","_et_pb_old_content":"","_et_gb_content_width":"","wp_mapbox_gl_js_media":[]},"product_cat":[276],"product_tag":[],"class_list":["post-247363","product","type-product","status-publish","has-post-thumbnail","hentry","product_cat-piadina-fr"],"acf":[],"_links":{"self":[{"href":"https:\/\/fumaiolo.com\/fr\/wp-json\/wp\/v2\/product\/247363","targetHints":{"allow":["GET"]}}],"collection":[{"href":"https:\/\/fumaiolo.com\/fr\/wp-json\/wp\/v2\/product"}],"about":[{"href":"https:\/\/fumaiolo.com\/fr\/wp-json\/wp\/v2\/types\/product"}],"replies":[{"embeddable":true,"href":"https:\/\/fumaiolo.com\/fr\/wp-json\/wp\/v2\/comments?post=247363"}],"wp:featuredmedia":[{"embeddable":true,"href":"https:\/\/fumaiolo.com\/fr\/wp-json\/wp\/v2\/media\/254163"}],"wp:attachment":[{"href":"https:\/\/fumaiolo.com\/fr\/wp-json\/wp\/v2\/media?parent=247363"}],"wp:term":[{"taxonomy":"product_cat","embeddable":true,"href":"https:\/\/fumaiolo.com\/fr\/wp-json\/wp\/v2\/product_cat?post=247363"},{"taxonomy":"product_tag","embeddable":true,"href":"https:\/\/fumaiolo.com\/fr\/wp-json\/wp\/v2\/product_tag?post=247363"}],"curies":[{"name":"wp","href":"https:\/\/api.w.org\/{rel}","templated":true}]}}