{"id":247345,"date":"2021-07-23T17:24:26","date_gmt":"2021-09-07T10:25:44","guid":{"rendered":"https:\/\/fumaiolo.com\/product\/piadina-integrale\/"},"modified":"2021-10-27T15:45:12","modified_gmt":"2021-10-27T13:45:12","slug":"piadina-integrale","status":"publish","type":"product","link":"https:\/\/fumaiolo.com\/fr\/prodotto\/piadina-integrale\/","title":{"rendered":"Piadina integrale"},"content":{"rendered":"<p>Ceux qui aiment les saveurs authentiques, pures et brutes se doivent de go\u00fbter \u00e0 <span class=\"s1\">la piadina int\u00e9grale Fumaiolo<\/span>, la version rustique et encore plus l\u00e9g\u00e8re de la piadina. Savoureuse et adapt\u00e9e \u00e0 un r\u00e9gime d\u00e9di\u00e9 au bien-\u00eatre.<\/p>\n<h2 class=\"olivier\" style=\"color: #373737\"><strong>Pr\u00e8paration<\/strong><\/h2>\n<div class=\"text\">\n<div class=\"offset-1 col-11 col-md-8\">\n<div class=\"text\">\n<div class=\"offset-1 col-11 col-md-8\">\n<div class=\"text\">\n<p class=\"p1\">Chauffer sur une casserole ou une po\u00eale s\u00e8che. Id\u00e9ale avec la charcuterie et au lieu du pain.<\/p>\n<\/div>\n<\/div>\n<\/div>\n<\/div>\n<\/div>\n<p>&nbsp;<\/p>\n","protected":false},"excerpt":{"rendered":"<p>Ceux qui aiment les saveurs authentiques, pures et brutes se doivent de go\u00fbter \u00e0 la piadina int\u00e9grale Fumaiolo, la version rustique et encore plus l\u00e9g\u00e8re de la piadina. Savoureuse et adapt\u00e9e \u00e0 un r\u00e9gime d\u00e9di\u00e9 au bien-\u00eatre. Pr\u00e8paration Chauffer sur une casserole ou une po\u00eale s\u00e8che. Id\u00e9ale avec la charcuterie et au lieu du pain. [&hellip;]<\/p>\n","protected":false},"featured_media":254112,"comment_status":"closed","ping_status":"closed","template":"","meta":{"_et_pb_use_builder":"","_et_pb_old_content":"","_et_gb_content_width":"","wp_mapbox_gl_js_media":[]},"product_cat":[276,277],"product_tag":[],"class_list":["post-247345","product","type-product","status-publish","has-post-thumbnail","hentry","product_cat-piadina-fr","product_cat-piadina-trancio-fr"],"acf":[],"_links":{"self":[{"href":"https:\/\/fumaiolo.com\/fr\/wp-json\/wp\/v2\/product\/247345","targetHints":{"allow":["GET"]}}],"collection":[{"href":"https:\/\/fumaiolo.com\/fr\/wp-json\/wp\/v2\/product"}],"about":[{"href":"https:\/\/fumaiolo.com\/fr\/wp-json\/wp\/v2\/types\/product"}],"replies":[{"embeddable":true,"href":"https:\/\/fumaiolo.com\/fr\/wp-json\/wp\/v2\/comments?post=247345"}],"wp:featuredmedia":[{"embeddable":true,"href":"https:\/\/fumaiolo.com\/fr\/wp-json\/wp\/v2\/media\/254112"}],"wp:attachment":[{"href":"https:\/\/fumaiolo.com\/fr\/wp-json\/wp\/v2\/media?parent=247345"}],"wp:term":[{"taxonomy":"product_cat","embeddable":true,"href":"https:\/\/fumaiolo.com\/fr\/wp-json\/wp\/v2\/product_cat?post=247345"},{"taxonomy":"product_tag","embeddable":true,"href":"https:\/\/fumaiolo.com\/fr\/wp-json\/wp\/v2\/product_tag?post=247345"}],"curies":[{"name":"wp","href":"https:\/\/api.w.org\/{rel}","templated":true}]}}