{"id":247338,"date":"2021-07-23T17:43:40","date_gmt":"2021-09-07T10:20:27","guid":{"rendered":"https:\/\/fumaiolo.com\/product\/piadina-10-cereali\/"},"modified":"2021-10-27T15:49:04","modified_gmt":"2021-10-27T13:49:04","slug":"piadina-10-cereali","status":"publish","type":"product","link":"https:\/\/fumaiolo.com\/fr\/prodotto\/piadina-10-cereali\/","title":{"rendered":"Piadina 10 cereali"},"content":{"rendered":"<p>La farine aux dix c\u00e9r\u00e9ales, pr\u00e9par\u00e9e par un moulin artisanal sp\u00e9cialement pour Fumaiolo, conf\u00e8re \u00e0 la piadina un go\u00fbt unique, un ar\u00f4me sp\u00e9cial et un parfum particulier. Un concentr\u00e9 de bien-\u00eatre et de saveur.<\/p>\n<h2 class=\"olivier\" style=\"color: #373737\"><strong>Pr\u00e8paration<\/strong><\/h2>\n<div class=\"text\">\n<div class=\"offset-1 col-11 col-md-8\">\n<div class=\"text\">\n<div class=\"offset-1 col-11 col-md-8\">\n<div class=\"text\">\n<p class=\"p1\">Chauffer sur une casserole ou une po\u00eale s\u00e8che. Id\u00e9ale avec la charcuterie et au lieu du pain.<\/p>\n<\/div>\n<\/div>\n<\/div>\n<\/div>\n<\/div>\n<p>&nbsp;<\/p>\n","protected":false},"excerpt":{"rendered":"<p>La farine aux dix c\u00e9r\u00e9ales, pr\u00e9par\u00e9e par un moulin artisanal sp\u00e9cialement pour Fumaiolo, conf\u00e8re \u00e0 la piadina un go\u00fbt unique, un ar\u00f4me sp\u00e9cial et un parfum particulier. Un concentr\u00e9 de bien-\u00eatre et de saveur. Pr\u00e8paration Chauffer sur une casserole ou une po\u00eale s\u00e8che. Id\u00e9ale avec la charcuterie et au lieu du pain. &nbsp;<\/p>\n","protected":false},"featured_media":254117,"comment_status":"closed","ping_status":"closed","template":"","meta":{"_et_pb_use_builder":"","_et_pb_old_content":"","_et_gb_content_width":"","wp_mapbox_gl_js_media":[]},"product_cat":[276,277],"product_tag":[],"class_list":["post-247338","product","type-product","status-publish","has-post-thumbnail","hentry","product_cat-piadina-fr","product_cat-piadina-trancio-fr"],"acf":[],"_links":{"self":[{"href":"https:\/\/fumaiolo.com\/fr\/wp-json\/wp\/v2\/product\/247338","targetHints":{"allow":["GET"]}}],"collection":[{"href":"https:\/\/fumaiolo.com\/fr\/wp-json\/wp\/v2\/product"}],"about":[{"href":"https:\/\/fumaiolo.com\/fr\/wp-json\/wp\/v2\/types\/product"}],"replies":[{"embeddable":true,"href":"https:\/\/fumaiolo.com\/fr\/wp-json\/wp\/v2\/comments?post=247338"}],"wp:featuredmedia":[{"embeddable":true,"href":"https:\/\/fumaiolo.com\/fr\/wp-json\/wp\/v2\/media\/254117"}],"wp:attachment":[{"href":"https:\/\/fumaiolo.com\/fr\/wp-json\/wp\/v2\/media?parent=247338"}],"wp:term":[{"taxonomy":"product_cat","embeddable":true,"href":"https:\/\/fumaiolo.com\/fr\/wp-json\/wp\/v2\/product_cat?post=247338"},{"taxonomy":"product_tag","embeddable":true,"href":"https:\/\/fumaiolo.com\/fr\/wp-json\/wp\/v2\/product_tag?post=247338"}],"curies":[{"name":"wp","href":"https:\/\/api.w.org\/{rel}","templated":true}]}}