{"id":247331,"date":"2021-07-23T17:45:58","date_gmt":"2021-09-07T10:14:06","guid":{"rendered":"https:\/\/fumaiolo.com\/product\/piadina-al-farro\/"},"modified":"2021-10-27T15:52:28","modified_gmt":"2021-10-27T13:52:28","slug":"piadina-al-farro","status":"publish","type":"product","link":"https:\/\/fumaiolo.com\/fr\/prodotto\/piadina-al-farro\/","title":{"rendered":"Piadina al farro"},"content":{"rendered":"<p>Un produit l\u00e9ger, riche en acides amin\u00e9s essentiels et en prot\u00e9ines, au go\u00fbt aromatique. La piadina \u00e0 l\u2019\u00e9pautre Fumaiolo est une alternative savoureuse \u00e0 la p\u00e2te traditionnelle. Farine d\u2019\u00e9peautre biologique, eau, huile de ma\u00efs, agent levant, lait \u00e9cr\u00e9m\u00e9 en poudre, sel.<\/p>\n<h2 class=\"olivier\" style=\"color: #373737\"><strong>Pr\u00e8paration<\/strong><\/h2>\n<div class=\"text\">\n<div class=\"offset-1 col-11 col-md-8\">\n<div class=\"text\">\n<div class=\"offset-1 col-11 col-md-8\">\n<div class=\"text\">\n<p class=\"p1\">Chauffer sur une casserole ou une po\u00eale s\u00e8che. Id\u00e9ale avec la charcuterie et au lieu du pain.<\/p>\n<\/div>\n<\/div>\n<\/div>\n<\/div>\n<\/div>\n<p>&nbsp;<\/p>\n","protected":false},"excerpt":{"rendered":"<p>Un produit l\u00e9ger, riche en acides amin\u00e9s essentiels et en prot\u00e9ines, au go\u00fbt aromatique. La piadina \u00e0 l\u2019\u00e9pautre Fumaiolo est une alternative savoureuse \u00e0 la p\u00e2te traditionnelle. Farine d\u2019\u00e9peautre biologique, eau, huile de ma\u00efs, agent levant, lait \u00e9cr\u00e9m\u00e9 en poudre, sel. Pr\u00e8paration Chauffer sur une casserole ou une po\u00eale s\u00e8che. Id\u00e9ale avec la charcuterie et [&hellip;]<\/p>\n","protected":false},"featured_media":254092,"comment_status":"closed","ping_status":"closed","template":"","meta":{"_et_pb_use_builder":"","_et_pb_old_content":"","_et_gb_content_width":"","wp_mapbox_gl_js_media":[]},"product_cat":[276,277],"product_tag":[],"class_list":["post-247331","product","type-product","status-publish","has-post-thumbnail","hentry","product_cat-piadina-fr","product_cat-piadina-trancio-fr"],"acf":[],"_links":{"self":[{"href":"https:\/\/fumaiolo.com\/fr\/wp-json\/wp\/v2\/product\/247331","targetHints":{"allow":["GET"]}}],"collection":[{"href":"https:\/\/fumaiolo.com\/fr\/wp-json\/wp\/v2\/product"}],"about":[{"href":"https:\/\/fumaiolo.com\/fr\/wp-json\/wp\/v2\/types\/product"}],"replies":[{"embeddable":true,"href":"https:\/\/fumaiolo.com\/fr\/wp-json\/wp\/v2\/comments?post=247331"}],"wp:featuredmedia":[{"embeddable":true,"href":"https:\/\/fumaiolo.com\/fr\/wp-json\/wp\/v2\/media\/254092"}],"wp:attachment":[{"href":"https:\/\/fumaiolo.com\/fr\/wp-json\/wp\/v2\/media?parent=247331"}],"wp:term":[{"taxonomy":"product_cat","embeddable":true,"href":"https:\/\/fumaiolo.com\/fr\/wp-json\/wp\/v2\/product_cat?post=247331"},{"taxonomy":"product_tag","embeddable":true,"href":"https:\/\/fumaiolo.com\/fr\/wp-json\/wp\/v2\/product_tag?post=247331"}],"curies":[{"name":"wp","href":"https:\/\/api.w.org\/{rel}","templated":true}]}}