{"id":247010,"date":"2021-07-23T14:10:58","date_gmt":"2021-09-03T15:46:26","guid":{"rendered":"https:\/\/fumaiolo.com\/product\/cappelletti-di-carne\/"},"modified":"2021-10-27T14:42:30","modified_gmt":"2021-10-27T12:42:30","slug":"cappelletti-di-carne","status":"publish","type":"product","link":"https:\/\/fumaiolo.com\/fr\/prodotto\/cappelletti-di-carne\/","title":{"rendered":"Cappelletti di carne"},"content":{"rendered":"<p>Versez le produit, sans l\u2019avoir d\u00e9congel\u00e9 au pr\u00e9alable, dans une grande quantit\u00e9 d\u2019eau sal\u00e9e bouillante. Leur p\u00e2te dor\u00e9e renferme un c\u0153ur d\u00e9licieux pr\u00e9par\u00e9 avec des \u0153ufs, du grana padano et une excellente viande de porc pour cr\u00e9er un tr\u00e9sor de saveurs simples et robustes.<\/p>\n<h2 class=\"olivier\" style=\"color: #373737\"><strong>Pr\u00e8paration<\/strong><\/h2>\n<div class=\"text\">\n<p class=\"p1\">Versez le produit, sans l\u2019avoir d\u00e9congel\u00e9 au pr\u00e9alable, dans une grande quantit\u00e9 d\u2019eau sal\u00e9e bouillante. \u00c9gouttez donc environ <span class=\"s1\">deux minutes<\/span> apr\u00e8s la reprise de l\u2019\u00e9bullition.<\/p>\n<\/div>\n<p>&nbsp;<\/p>\n","protected":false},"excerpt":{"rendered":"<p>Versez le produit, sans l\u2019avoir d\u00e9congel\u00e9 au pr\u00e9alable, dans une grande quantit\u00e9 d\u2019eau sal\u00e9e bouillante. Leur p\u00e2te dor\u00e9e renferme un c\u0153ur d\u00e9licieux pr\u00e9par\u00e9 avec des \u0153ufs, du grana padano et une excellente viande de porc pour cr\u00e9er un tr\u00e9sor de saveurs simples et robustes. Pr\u00e8paration Versez le produit, sans l\u2019avoir d\u00e9congel\u00e9 au pr\u00e9alable, dans une [&hellip;]<\/p>\n","protected":false},"featured_media":254037,"comment_status":"closed","ping_status":"closed","template":"","meta":{"_et_pb_use_builder":"","_et_pb_old_content":"","_et_gb_content_width":"","wp_mapbox_gl_js_media":[]},"product_cat":[271,261],"product_tag":[],"class_list":["post-247010","product","type-product","status-publish","has-post-thumbnail","hentry","product_cat-cappelletti-fr","product_cat-la-pasta-fr"],"acf":[],"_links":{"self":[{"href":"https:\/\/fumaiolo.com\/fr\/wp-json\/wp\/v2\/product\/247010","targetHints":{"allow":["GET"]}}],"collection":[{"href":"https:\/\/fumaiolo.com\/fr\/wp-json\/wp\/v2\/product"}],"about":[{"href":"https:\/\/fumaiolo.com\/fr\/wp-json\/wp\/v2\/types\/product"}],"replies":[{"embeddable":true,"href":"https:\/\/fumaiolo.com\/fr\/wp-json\/wp\/v2\/comments?post=247010"}],"wp:featuredmedia":[{"embeddable":true,"href":"https:\/\/fumaiolo.com\/fr\/wp-json\/wp\/v2\/media\/254037"}],"wp:attachment":[{"href":"https:\/\/fumaiolo.com\/fr\/wp-json\/wp\/v2\/media?parent=247010"}],"wp:term":[{"taxonomy":"product_cat","embeddable":true,"href":"https:\/\/fumaiolo.com\/fr\/wp-json\/wp\/v2\/product_cat?post=247010"},{"taxonomy":"product_tag","embeddable":true,"href":"https:\/\/fumaiolo.com\/fr\/wp-json\/wp\/v2\/product_tag?post=247010"}],"curies":[{"name":"wp","href":"https:\/\/api.w.org\/{rel}","templated":true}]}}