{"id":246983,"date":"2021-07-26T09:26:24","date_gmt":"2021-09-03T14:55:29","guid":{"rendered":"https:\/\/fumaiolo.com\/product\/tortelli-di-patate-sulla-lastra\/"},"modified":"2021-10-27T16:00:48","modified_gmt":"2021-10-27T14:00:48","slug":"tortelli-di-patate-sulla-lastra","status":"publish","type":"product","link":"https:\/\/fumaiolo.com\/fr\/prodotto\/tortelli-di-patate-sulla-lastra\/","title":{"rendered":"Tortelli di Patate sulla lastra"},"content":{"rendered":"<p>Tendres et au go\u00fbt moelleux, les tortelli cuits sur plaque Fumaiolo fourr\u00e9s \u00e0 la pomme de terre sont parfaits pour accompagner la charcuterie et les fromages.<\/p>\n<h2 class=\"olivier\" style=\"color: #373737\"><strong>Pr\u00e8paration<\/strong><\/h2>\n<div class=\"text\">\n<div class=\"offset-1 col-11 col-md-8\">\n<div class=\"text\">\n<div class=\"offset-1 col-11 col-md-8\">\n<div class=\"text\">\n<p class=\"p1\">Sans les d\u00e9congeler au pr\u00e9alable, faites les chauffer dans une po\u00eale antiadh\u00e9sive ou un grille-pain, ou faites frire dans une grande quantit\u00e9 d\u2019huile chaude.<\/p>\n<\/div>\n<\/div>\n<\/div>\n<\/div>\n<\/div>\n<p>&nbsp;<\/p>\n","protected":false},"excerpt":{"rendered":"<p>Tendres et au go\u00fbt moelleux, les tortelli cuits sur plaque Fumaiolo fourr\u00e9s \u00e0 la pomme de terre sont parfaits pour accompagner la charcuterie et les fromages. Pr\u00e8paration Sans les d\u00e9congeler au pr\u00e9alable, faites les chauffer dans une po\u00eale antiadh\u00e9sive ou un grille-pain, ou faites frire dans une grande quantit\u00e9 d\u2019huile chaude. &nbsp;<\/p>\n","protected":false},"featured_media":255179,"comment_status":"closed","ping_status":"closed","template":"","meta":{"_et_pb_use_builder":"off","_et_pb_old_content":"","_et_gb_content_width":"","wp_mapbox_gl_js_media":[]},"product_cat":[267],"product_tag":[],"class_list":["post-246983","product","type-product","status-publish","has-post-thumbnail","hentry","product_cat-tortelli-sulla-lastra-fr"],"acf":[],"_links":{"self":[{"href":"https:\/\/fumaiolo.com\/fr\/wp-json\/wp\/v2\/product\/246983","targetHints":{"allow":["GET"]}}],"collection":[{"href":"https:\/\/fumaiolo.com\/fr\/wp-json\/wp\/v2\/product"}],"about":[{"href":"https:\/\/fumaiolo.com\/fr\/wp-json\/wp\/v2\/types\/product"}],"replies":[{"embeddable":true,"href":"https:\/\/fumaiolo.com\/fr\/wp-json\/wp\/v2\/comments?post=246983"}],"wp:featuredmedia":[{"embeddable":true,"href":"https:\/\/fumaiolo.com\/fr\/wp-json\/wp\/v2\/media\/255179"}],"wp:attachment":[{"href":"https:\/\/fumaiolo.com\/fr\/wp-json\/wp\/v2\/media?parent=246983"}],"wp:term":[{"taxonomy":"product_cat","embeddable":true,"href":"https:\/\/fumaiolo.com\/fr\/wp-json\/wp\/v2\/product_cat?post=246983"},{"taxonomy":"product_tag","embeddable":true,"href":"https:\/\/fumaiolo.com\/fr\/wp-json\/wp\/v2\/product_tag?post=246983"}],"curies":[{"name":"wp","href":"https:\/\/api.w.org\/{rel}","templated":true}]}}