{"id":246973,"date":"2021-07-26T09:29:23","date_gmt":"2021-09-03T14:40:41","guid":{"rendered":"https:\/\/fumaiolo.com\/product\/tortelli-al-tartufo-sulla-lastra\/"},"modified":"2021-10-27T16:24:36","modified_gmt":"2021-10-27T14:24:36","slug":"tortelli-al-tartufo-sulla-lastra","status":"publish","type":"product","link":"https:\/\/fumaiolo.com\/fr\/prodotto\/tortelli-al-tartufo-sulla-lastra\/","title":{"rendered":"Tortelli al Tartufo sulla lastra"},"content":{"rendered":"<p><span class=\"s1\">Sp\u00e9cialit\u00e9 typique de l\u2019Apennin tosco-\u00e9milien, <\/span><span class=\"s2\">les tortelli \u00e0 la truffe cuits sur plaque allient la douceur des pommes de terre au go\u00fbt plein et parfum\u00e9 du roi des sous-bois.<\/span><\/p>\n<h2 class=\"olivier\" style=\"color: #373737\"><strong>Pr\u00e8paration<\/strong><\/h2>\n<div class=\"text\">\n<div class=\"offset-1 col-11 col-md-8\">\n<div class=\"text\">\n<div class=\"offset-1 col-11 col-md-8\">\n<div class=\"text\">\n<p class=\"p1\">Sans les d\u00e9congeler au pr\u00e9alable, faites les chauffer dans une po\u00eale antiadh\u00e9sive ou un grille-pain, ou faites frire dans une grande quantit\u00e9 d\u2019huile chaude.<\/p>\n<\/div>\n<\/div>\n<\/div>\n<\/div>\n<\/div>\n<p>&nbsp;<\/p>\n","protected":false},"excerpt":{"rendered":"<p>Sp\u00e9cialit\u00e9 typique de l\u2019Apennin tosco-\u00e9milien, les tortelli \u00e0 la truffe cuits sur plaque allient la douceur des pommes de terre au go\u00fbt plein et parfum\u00e9 du roi des sous-bois. Pr\u00e8paration Sans les d\u00e9congeler au pr\u00e9alable, faites les chauffer dans une po\u00eale antiadh\u00e9sive ou un grille-pain, ou faites frire dans une grande quantit\u00e9 d\u2019huile chaude. &nbsp;<\/p>\n","protected":false},"featured_media":255174,"comment_status":"closed","ping_status":"closed","template":"","meta":{"_et_pb_use_builder":"","_et_pb_old_content":"","_et_gb_content_width":"","wp_mapbox_gl_js_media":[]},"product_cat":[267],"product_tag":[],"class_list":["post-246973","product","type-product","status-publish","has-post-thumbnail","hentry","product_cat-tortelli-sulla-lastra-fr"],"acf":[],"_links":{"self":[{"href":"https:\/\/fumaiolo.com\/fr\/wp-json\/wp\/v2\/product\/246973","targetHints":{"allow":["GET"]}}],"collection":[{"href":"https:\/\/fumaiolo.com\/fr\/wp-json\/wp\/v2\/product"}],"about":[{"href":"https:\/\/fumaiolo.com\/fr\/wp-json\/wp\/v2\/types\/product"}],"replies":[{"embeddable":true,"href":"https:\/\/fumaiolo.com\/fr\/wp-json\/wp\/v2\/comments?post=246973"}],"wp:featuredmedia":[{"embeddable":true,"href":"https:\/\/fumaiolo.com\/fr\/wp-json\/wp\/v2\/media\/255174"}],"wp:attachment":[{"href":"https:\/\/fumaiolo.com\/fr\/wp-json\/wp\/v2\/media?parent=246973"}],"wp:term":[{"taxonomy":"product_cat","embeddable":true,"href":"https:\/\/fumaiolo.com\/fr\/wp-json\/wp\/v2\/product_cat?post=246973"},{"taxonomy":"product_tag","embeddable":true,"href":"https:\/\/fumaiolo.com\/fr\/wp-json\/wp\/v2\/product_tag?post=246973"}],"curies":[{"name":"wp","href":"https:\/\/api.w.org\/{rel}","templated":true}]}}