{"id":246958,"date":"2021-07-26T09:58:06","date_gmt":"2021-09-03T10:41:51","guid":{"rendered":"https:\/\/fumaiolo.com\/product\/sugo-di-carne-surgelato\/"},"modified":"2021-10-27T16:58:21","modified_gmt":"2021-10-27T14:58:21","slug":"sugo-di-carne-surgelato","status":"publish","type":"product","link":"https:\/\/fumaiolo.com\/fr\/prodotto\/sugo-di-carne-surgelato\/","title":{"rendered":"Sugo di carne surgelato"},"content":{"rendered":"<p>Toutes les qualit\u00e9s du produit traditionnel dans un emballage pratique, pr\u00eat \u00e0 \u00eatre consomm\u00e9.<\/p>\n<h2 class=\"olivier\" style=\"color: #373737\"><strong>Pr\u00e8paration<\/strong><\/h2>\n<div class=\"text\">\n<div class=\"offset-1 col-11 col-md-8\">\n<div class=\"text\">\n<div class=\"offset-1 col-11 col-md-8\">\n<div class=\"text\">\n<p class=\"p1\">D\u00e9congeler \u00e0 temp\u00e9rature ambiante ou au micro-ondes en per\u00e7ant d\u2019abord le film sup\u00e9rieur.<\/p>\n<\/div>\n<\/div>\n<\/div>\n<\/div>\n<\/div>\n<p>&nbsp;<\/p>\n","protected":false},"excerpt":{"rendered":"<p>Toutes les qualit\u00e9s du produit traditionnel dans un emballage pratique, pr\u00eat \u00e0 \u00eatre consomm\u00e9. Pr\u00e8paration D\u00e9congeler \u00e0 temp\u00e9rature ambiante ou au micro-ondes en per\u00e7ant d\u2019abord le film sup\u00e9rieur. &nbsp;<\/p>\n","protected":false},"featured_media":255044,"comment_status":"closed","ping_status":"closed","template":"","meta":{"_et_pb_use_builder":"","_et_pb_old_content":"","_et_gb_content_width":"","wp_mapbox_gl_js_media":[]},"product_cat":[255],"product_tag":[],"class_list":["post-246958","product","type-product","status-publish","has-post-thumbnail","hentry","product_cat-sughi-fr"],"acf":[],"_links":{"self":[{"href":"https:\/\/fumaiolo.com\/fr\/wp-json\/wp\/v2\/product\/246958","targetHints":{"allow":["GET"]}}],"collection":[{"href":"https:\/\/fumaiolo.com\/fr\/wp-json\/wp\/v2\/product"}],"about":[{"href":"https:\/\/fumaiolo.com\/fr\/wp-json\/wp\/v2\/types\/product"}],"replies":[{"embeddable":true,"href":"https:\/\/fumaiolo.com\/fr\/wp-json\/wp\/v2\/comments?post=246958"}],"wp:featuredmedia":[{"embeddable":true,"href":"https:\/\/fumaiolo.com\/fr\/wp-json\/wp\/v2\/media\/255044"}],"wp:attachment":[{"href":"https:\/\/fumaiolo.com\/fr\/wp-json\/wp\/v2\/media?parent=246958"}],"wp:term":[{"taxonomy":"product_cat","embeddable":true,"href":"https:\/\/fumaiolo.com\/fr\/wp-json\/wp\/v2\/product_cat?post=246958"},{"taxonomy":"product_tag","embeddable":true,"href":"https:\/\/fumaiolo.com\/fr\/wp-json\/wp\/v2\/product_tag?post=246958"}],"curies":[{"name":"wp","href":"https:\/\/api.w.org\/{rel}","templated":true}]}}