{"id":246933,"date":"2021-07-26T10:00:33","date_gmt":"2021-09-03T10:09:15","guid":{"rendered":"https:\/\/fumaiolo.com\/product\/salsiccia-di-suino-sottolio\/"},"modified":"2021-09-15T15:23:55","modified_gmt":"2021-09-15T13:23:55","slug":"salsiccia-di-suino-sottolio","status":"publish","type":"product","link":"https:\/\/fumaiolo.com\/fr\/prodotto\/salsiccia-di-suino-sottolio\/","title":{"rendered":"Salsiccia di Suino sottolio FR"},"content":{"rendered":"<p>Fumaiolo s\u00e9lectionne la meilleure viande de porc pour vous proposer un produit succulent, dans le respect du savoir-faire des bouchers de Romagne. C\u2019est ainsi que l\u2019on obtient la saucisse Fumaiolo de tr\u00e8s haute qualit\u00e9, qui permet de red\u00e9couvrir les saveurs et les parfums d\u2019autrefois.<br \/>\n&nbsp;<\/p>\n<h2 class=\"olivier\" style=\"color: #373737\"><strong>Pr\u00e8paration<\/strong><\/h2>\n<div class=\"text\">\n<div class=\"offset-1 col-11 col-md-8\">\n<div class=\"text\">\n<div class=\"offset-1 col-11 col-md-8\">\n<div class=\"text\">\n<p class=\"p1\">Le produit \u00e9goutt\u00e9 est pr\u00eat \u00e0 la consommation.<\/p>\n<\/div>\n<\/div>\n<\/div>\n<\/div>\n<\/div>\n","protected":false},"excerpt":{"rendered":"<p>Fumaiolo s\u00e9lectionne la meilleure viande de porc pour vous proposer un produit succulent, dans le respect du savoir-faire des bouchers de Romagne. C\u2019est ainsi que l\u2019on obtient la saucisse Fumaiolo de tr\u00e8s haute qualit\u00e9, qui permet de red\u00e9couvrir les saveurs et les parfums d\u2019autrefois. &nbsp; Pr\u00e8paration Le produit \u00e9goutt\u00e9 est pr\u00eat \u00e0 la consommation.<\/p>\n","protected":false},"featured_media":254147,"comment_status":"closed","ping_status":"closed","template":"","meta":{"_et_pb_use_builder":"off","_et_pb_old_content":"Fumaiolo s\u00e9lectionne la meilleure viande de porc pour vous proposer un produit succulent, dans le respect du savoir-faire des bouchers de Romagne. C\u2019est ainsi que l\u2019on obtient la saucisse Fumaiolo de tr\u00e8s haute qualit\u00e9, qui permet de red\u00e9couvrir les saveurs et les parfums d\u2019autrefois.\r\n<h2 class=\"olivier\" style=\"color: #373737\"><strong>Pr\u00e8paration<\/strong><\/h2>\r\n<div class=\"text\">\r\n<div class=\"offset-1 col-11 col-md-8\">\r\n<div class=\"text\">\r\n<div class=\"offset-1 col-11 col-md-8\">\r\n<div class=\"text\">\r\n<p class=\"p1\">Le produit \u00e9goutt\u00e9 est pr\u00eat \u00e0 la consommation.<\/p>\r\n\r\n<\/div>\r\n<\/div>\r\n<\/div>\r\n<\/div>\r\n<\/div>","_et_gb_content_width":"","wp_mapbox_gl_js_media":[]},"product_cat":[250],"product_tag":[],"class_list":["post-246933","product","type-product","status-publish","has-post-thumbnail","hentry","product_cat-sottoli-fr"],"acf":[],"_links":{"self":[{"href":"https:\/\/fumaiolo.com\/fr\/wp-json\/wp\/v2\/product\/246933","targetHints":{"allow":["GET"]}}],"collection":[{"href":"https:\/\/fumaiolo.com\/fr\/wp-json\/wp\/v2\/product"}],"about":[{"href":"https:\/\/fumaiolo.com\/fr\/wp-json\/wp\/v2\/types\/product"}],"replies":[{"embeddable":true,"href":"https:\/\/fumaiolo.com\/fr\/wp-json\/wp\/v2\/comments?post=246933"}],"wp:featuredmedia":[{"embeddable":true,"href":"https:\/\/fumaiolo.com\/fr\/wp-json\/wp\/v2\/media\/254147"}],"wp:attachment":[{"href":"https:\/\/fumaiolo.com\/fr\/wp-json\/wp\/v2\/media?parent=246933"}],"wp:term":[{"taxonomy":"product_cat","embeddable":true,"href":"https:\/\/fumaiolo.com\/fr\/wp-json\/wp\/v2\/product_cat?post=246933"},{"taxonomy":"product_tag","embeddable":true,"href":"https:\/\/fumaiolo.com\/fr\/wp-json\/wp\/v2\/product_tag?post=246933"}],"curies":[{"name":"wp","href":"https:\/\/api.w.org\/{rel}","templated":true}]}}