{"id":248367,"date":"2021-09-16T11:38:58","date_gmt":"2021-09-16T09:38:58","guid":{"rendered":"https:\/\/fumaiolo.com\/la-piadina-fr\/"},"modified":"2021-11-12T17:02:35","modified_gmt":"2021-11-12T16:02:35","slug":"la-piadina","status":"publish","type":"page","link":"https:\/\/fumaiolo.com\/fr\/la-piadina\/","title":{"rendered":"Piadina"},"content":{"rendered":"<p>[et_pb_section fb_built=\u00a0\u00bb1&Prime; fullwidth=\u00a0\u00bbon\u00a0\u00bb _builder_version=\u00a0\u00bb4.9.7&Prime; _module_preset=\u00a0\u00bbdefault\u00a0\u00bb custom_margin=\u00a0\u00bb-75px||||false|false\u00a0\u00bb global_colors_info=\u00a0\u00bb{}\u00a0\u00bb][et_pb_fullwidth_slider _builder_version=\u00a0\u00bb4.11.4&Prime; _module_preset=\u00a0\u00bbdefault\u00a0\u00bb header_level=\u00a0\u00bbh1&Prime; header_font=\u00a0\u00bb|800||on|||||\u00a0\u00bb header_text_align=\u00a0\u00bbleft\u00a0\u00bb header_font_size=\u00a0\u00bb80px\u00a0\u00bb body_font=\u00a0\u00bb|700|||||||\u00a0\u00bb body_text_align=\u00a0\u00bbleft\u00a0\u00bb body_font_size=\u00a0\u00bb20px\u00a0\u00bb body_line_height=\u00a0\u00bb1.5em\u00a0\u00bb button_alignment=\u00a0\u00bbleft\u00a0\u00bb custom_padding=\u00a0\u00bb130px||||false|false\u00a0\u00bb hover_enabled=\u00a0\u00bb0&Prime; global_colors_info=\u00a0\u00bb{}\u00a0\u00bb sticky_enabled=\u00a0\u00bb0&Prime;][et_pb_slide heading=\u00a0\u00bbPIADINA\u00a0\u00bb use_bg_overlay=\u00a0\u00bbon\u00a0\u00bb bg_overlay_color=\u00a0\u00bbrgba(0,0,0,0.2)\u00a0\u00bb _builder_version=\u00a0\u00bb4.11.4&Prime; _module_preset=\u00a0\u00bbdefault\u00a0\u00bb header_font_size=\u00a0\u00bb80px\u00a0\u00bb background_color=\u00a0\u00bbRGBA(0,0,0,0)\u00a0\u00bb background_enable_color=\u00a0\u00bbon\u00a0\u00bb background_image=\u00a0\u00bbhttps:\/\/fumaiolo.com\/wp-content\/uploads\/2021\/11\/piadina-1.jpg\u00a0\u00bb background_enable_image=\u00a0\u00bbon\u00a0\u00bb background_position=\u00a0\u00bbtop_center\u00a0\u00bb hover_enabled=\u00a0\u00bb0&Prime; header_font_size_tablet=\u00a0\u00bb\u00a0\u00bb header_font_size_phone=\u00a0\u00bb40px\u00a0\u00bb header_font_size_last_edited=\u00a0\u00bbon|phone\u00a0\u00bb global_colors_info=\u00a0\u00bb{}\u00a0\u00bb sticky_transition=\u00a0\u00bbon\u00a0\u00bb sticky_enabled=\u00a0\u00bb0&Prime;]<\/p>\n<p>\n            <span>Symbole de la Romagne et cheval de bataille de l&rsquo;entreprise, la piadina Fumaiolo se caract\u00e9rise depuis toujours par sa recette utilisant de l&rsquo;huile de ma\u00efs au lieu du saindoux, ce qui lui conf\u00e8re 40% de mati\u00e8res grasses en moins que la piadina classique. Il est propos\u00e9 dans le format typique en tranches ou dans le format rond plus fin pour le rouler.<\/span>\n          <\/p>\n<p>[\/et_pb_slide][\/et_pb_fullwidth_slider][\/et_pb_section][et_pb_section fb_built=\u00a0\u00bb1&Prime; _builder_version=\u00a0\u00bb4.9.7&Prime; _module_preset=\u00a0\u00bbdefault\u00a0\u00bb custom_padding=\u00a0\u00bb||0px|||\u00a0\u00bb global_colors_info=\u00a0\u00bb{}\u00a0\u00bb][et_pb_row column_structure=\u00a0\u00bb1_5,1_5,1_5,1_5,1_5&Prime; use_custom_gutter=\u00a0\u00bbon\u00a0\u00bb gutter_width=\u00a0\u00bb1&Prime; custom_padding_last_edited=\u00a0\u00bbon|tablet\u00a0\u00bb module_class=\u00a0\u00bbcategoria-home\u00a0\u00bb _builder_version=\u00a0\u00bb4.10.6&Prime; _module_preset=\u00a0\u00bbdefault\u00a0\u00bb background_color=\u00a0\u00bb#f7f7f7&Prime; width=\u00a0\u00bb90%\u00a0\u00bb max_width=\u00a0\u00bb1200px\u00a0\u00bb custom_margin=\u00a0\u00bb15px|auto|8px|auto||\u00a0\u00bb custom_margin_tablet=\u00a0\u00bb|||auto|false|false\u00a0\u00bb custom_margin_phone=\u00a0\u00bb\u00a0\u00bb custom_margin_last_edited=\u00a0\u00bbon|tablet\u00a0\u00bb custom_padding=\u00a0\u00bb|||50px|false|false\u00a0\u00bb custom_padding_tablet=\u00a0\u00bb|||0px|false|false\u00a0\u00bb custom_padding_phone=\u00a0\u00bb20px|20px|0px|20px|false|false\u00a0\u00bb custom_css_main_element=\u00a0\u00bbdisplay:flex !important;\u00a0\u00bb border_radii=\u00a0\u00bbon|8px|8px|8px|8px\u00a0\u00bb global_module=\u00a0\u00bb241641&Prime; saved_tabs=\u00a0\u00bball\u00a0\u00bb global_colors_info=\u00a0\u00bb{}\u00a0\u00bb][et_pb_column type=\u00a0\u00bb1_5&Prime; _builder_version=\u00a0\u00bb4.9.10&Prime; _module_preset=\u00a0\u00bbdefault\u00a0\u00bb global_colors_info=\u00a0\u00bb{}\u00a0\u00bb][et_pb_blurb title=\u00a0\u00bbPasta\u00a0\u00bb url=\u00a0\u00bbhttps:\/\/fumaiolo.com\/fr\/la-pasta\/\u00a0\u00bb image=\u00a0\u00bbhttps:\/\/fumaiolo.com\/wp-content\/uploads\/2021\/07\/tortellino.png\u00a0\u00bb icon_placement=\u00a0\u00bbleft\u00a0\u00bb image_max_width=\u00a0\u00bb60px\u00a0\u00bb title_tablet=\u00a0\u00bbPasta\u00a0\u00bb title_phone=\u00a0\u00bb \u00a0\u00bb title_last_edited=\u00a0\u00bbon|tablet\u00a0\u00bb icon_placement_tablet=\u00a0\u00bbtop\u00a0\u00bb icon_placement_phone=\u00a0\u00bb\u00a0\u00bb icon_placement_last_edited=\u00a0\u00bbon|tablet\u00a0\u00bb image_max_width_tablet=\u00a0\u00bb\u00a0\u00bb image_max_width_phone=\u00a0\u00bb\u00a0\u00bb image_max_width_last_edited=\u00a0\u00bbon|phone\u00a0\u00bb _builder_version=\u00a0\u00bb4.10.7&Prime; _module_preset=\u00a0\u00bbdefault\u00a0\u00bb header_font=\u00a0\u00bb|600|||||||\u00a0\u00bb header_font_size=\u00a0\u00bb16px\u00a0\u00bb body_font=\u00a0\u00bb|||on|||||\u00a0\u00bb custom_margin_tablet=\u00a0\u00bb||||false|false\u00a0\u00bb custom_margin_phone=\u00a0\u00bb15px||||false|false\u00a0\u00bb custom_margin_last_edited=\u00a0\u00bbon|tablet\u00a0\u00bb custom_padding=\u00a0\u00bb||||false|false\u00a0\u00bb link_option_url=\u00a0\u00bbhttps:\/\/fumaiolo.com\/fr\/la-pasta\/\u00a0\u00bb header_text_align_tablet=\u00a0\u00bbcenter\u00a0\u00bb header_text_align_phone=\u00a0\u00bb\u00a0\u00bb header_text_align_last_edited=\u00a0\u00bbon|tablet\u00a0\u00bb body_text_align_tablet=\u00a0\u00bbcenter\u00a0\u00bb body_text_align_phone=\u00a0\u00bb\u00a0\u00bb body_text_align_last_edited=\u00a0\u00bbon|tablet\u00a0\u00bb text_orientation_tablet=\u00a0\u00bbcenter\u00a0\u00bb text_orientation_phone=\u00a0\u00bb\u00a0\u00bb text_orientation_last_edited=\u00a0\u00bbon|tablet\u00a0\u00bb module_alignment_tablet=\u00a0\u00bbcenter\u00a0\u00bb module_alignment_phone=\u00a0\u00bb\u00a0\u00bb module_alignment_last_edited=\u00a0\u00bbon|tablet\u00a0\u00bb custom_css_blurb_title=\u00a0\u00bbmargin-top:20px;||\u00a0\u00bb global_colors_info=\u00a0\u00bb{}\u00a0\u00bb custom_css_blurb_title_last_edited=\u00a0\u00bbon|desktop\u00a0\u00bb custom_css_blurb_image_last_edited=\u00a0\u00bbon|phone\u00a0\u00bb custom_css_blurb_title_tablet=\u00a0\u00bbmargin-top:-11px\u00a0\u00bb custom_css_blurb_title_phone=\u00a0\u00bbmargin-top:-11px\u00a0\u00bb][\/et_pb_blurb][\/et_pb_column][et_pb_column type=\u00a0\u00bb1_5&Prime; _builder_version=\u00a0\u00bb4.9.7&Prime; _module_preset=\u00a0\u00bbdefault\u00a0\u00bb global_colors_info=\u00a0\u00bb{}\u00a0\u00bb][et_pb_blurb title=\u00a0\u00bbPiadina\u00a0\u00bb url=\u00a0\u00bbhttps:\/\/fumaiolo.com\/fr\/la-piadina\/\u00a0\u00bb image=\u00a0\u00bbhttps:\/\/fumaiolo.com\/wp-content\/uploads\/2021\/07\/piadina.png\u00a0\u00bb icon_placement=\u00a0\u00bbleft\u00a0\u00bb image_max_width=\u00a0\u00bb48px\u00a0\u00bb title_tablet=\u00a0\u00bbPIADINA\u00a0\u00bb title_phone=\u00a0\u00bb \u00a0\u00bb title_last_edited=\u00a0\u00bbon|tablet\u00a0\u00bb icon_placement_tablet=\u00a0\u00bbtop\u00a0\u00bb icon_placement_phone=\u00a0\u00bb\u00a0\u00bb icon_placement_last_edited=\u00a0\u00bbon|tablet\u00a0\u00bb image_max_width_tablet=\u00a0\u00bb\u00a0\u00bb image_max_width_phone=\u00a0\u00bb\u00a0\u00bb image_max_width_last_edited=\u00a0\u00bbon|phone\u00a0\u00bb _builder_version=\u00a0\u00bb4.10.7&Prime; _module_preset=\u00a0\u00bbdefault\u00a0\u00bb header_font=\u00a0\u00bb|600|||||||\u00a0\u00bb header_text_align=\u00a0\u00bbleft\u00a0\u00bb header_font_size=\u00a0\u00bb16px\u00a0\u00bb body_font=\u00a0\u00bb|||on|||||\u00a0\u00bb body_text_align=\u00a0\u00bbleft\u00a0\u00bb custom_margin_tablet=\u00a0\u00bb\u00a0\u00bb custom_margin_phone=\u00a0\u00bb15px||||false|false\u00a0\u00bb custom_margin_last_edited=\u00a0\u00bbon|phone\u00a0\u00bb link_option_url=\u00a0\u00bbhttps:\/\/fumaiolo.com\/fr\/la-piadina\/\u00a0\u00bb header_text_align_tablet=\u00a0\u00bbcenter\u00a0\u00bb header_text_align_phone=\u00a0\u00bb\u00a0\u00bb header_text_align_last_edited=\u00a0\u00bbon|tablet\u00a0\u00bb body_text_align_tablet=\u00a0\u00bbcenter\u00a0\u00bb body_text_align_phone=\u00a0\u00bb\u00a0\u00bb body_text_align_last_edited=\u00a0\u00bbon|tablet\u00a0\u00bb text_orientation_tablet=\u00a0\u00bbcenter\u00a0\u00bb text_orientation_phone=\u00a0\u00bb\u00a0\u00bb text_orientation_last_edited=\u00a0\u00bbon|tablet\u00a0\u00bb module_alignment_tablet=\u00a0\u00bbcenter\u00a0\u00bb module_alignment_phone=\u00a0\u00bb\u00a0\u00bb module_alignment_last_edited=\u00a0\u00bbon|tablet\u00a0\u00bb custom_css_blurb_image=\u00a0\u00bbmargin-left:auto;||margin-right: auto;||\u00a0\u00bb custom_css_blurb_title=\u00a0\u00bbmargin-top:20px;|| \u00a0\u00bb global_colors_info=\u00a0\u00bb{}\u00a0\u00bb custom_css_blurb_image_last_edited=\u00a0\u00bbon|tablet\u00a0\u00bb custom_css_blurb_image_tablet=\u00a0\u00bbmargin-left:auto;||margin-right: auto;||display:inline-block;||vertical-align:top;||margin-bottom:0;\u00a0\u00bb custom_css_blurb_title_last_edited=\u00a0\u00bbon|desktop\u00a0\u00bb custom_css_blurb_image_phone=\u00a0\u00bbmargin-left:auto;||margin-right: auto;||display:inline-block;||vertical-align:top;||margin-bottom:0;\u00a0\u00bb custom_css_blurb_title_tablet=\u00a0\u00bbmargin-top:20px;|| \u00a0\u00bb custom_css_blurb_title_phone=\u00a0\u00bbmargin-top:20px;|| \u00ab\u00a0][\/et_pb_blurb][\/et_pb_column][et_pb_column type=\u00a0\u00bb1_5&Prime; _builder_version=\u00a0\u00bb4.9.7&Prime; _module_preset=\u00a0\u00bbdefault\u00a0\u00bb global_colors_info=\u00a0\u00bb{}\u00a0\u00bb][et_pb_blurb title=\u00a0\u00bbTortelli sulla lastra\u00a0\u00bb url=\u00a0\u00bbhttps:\/\/fumaiolo.com\/fr\/tortelli-sulla-lastra-fr\/\u00a0\u00bb image=\u00a0\u00bbhttps:\/\/fumaiolo.com\/wp-content\/uploads\/2021\/07\/tortello-sulla-lastra.png\u00a0\u00bb icon_placement=\u00a0\u00bbleft\u00a0\u00bb image_max_width=\u00a0\u00bb60px\u00a0\u00bb title_tablet=\u00a0\u00bbTORTELLI SULLA LASTRA\u00a0\u00bb title_phone=\u00a0\u00bb \u00a0\u00bb title_last_edited=\u00a0\u00bbon|tablet\u00a0\u00bb icon_placement_tablet=\u00a0\u00bbtop\u00a0\u00bb icon_placement_phone=\u00a0\u00bb\u00a0\u00bb icon_placement_last_edited=\u00a0\u00bbon|tablet\u00a0\u00bb image_max_width_tablet=\u00a0\u00bb\u00a0\u00bb image_max_width_phone=\u00a0\u00bb\u00a0\u00bb image_max_width_last_edited=\u00a0\u00bbon|phone\u00a0\u00bb _builder_version=\u00a0\u00bb4.10.7&Prime; _module_preset=\u00a0\u00bbdefault\u00a0\u00bb header_font=\u00a0\u00bb|600|||||||\u00a0\u00bb header_font_size=\u00a0\u00bb16px\u00a0\u00bb body_font=\u00a0\u00bb|||on|||||\u00a0\u00bb module_alignment=\u00a0\u00bbcenter\u00a0\u00bb custom_margin=\u00a0\u00bb|25px|||false|false\u00a0\u00bb custom_margin_tablet=\u00a0\u00bb|0px|||false|false\u00a0\u00bb custom_margin_phone=\u00a0\u00bb15px||||false|false\u00a0\u00bb custom_margin_last_edited=\u00a0\u00bbon|phone\u00a0\u00bb link_option_url=\u00a0\u00bbhttps:\/\/fumaiolo.com\/fr\/tortelli-sulla-lastra-fr\/\u00a0\u00bb header_text_align_tablet=\u00a0\u00bbcenter\u00a0\u00bb header_text_align_phone=\u00a0\u00bb\u00a0\u00bb header_text_align_last_edited=\u00a0\u00bbon|tablet\u00a0\u00bb body_text_align_tablet=\u00a0\u00bbcenter\u00a0\u00bb body_text_align_phone=\u00a0\u00bb\u00a0\u00bb body_text_align_last_edited=\u00a0\u00bbon|tablet\u00a0\u00bb text_orientation_tablet=\u00a0\u00bbcenter\u00a0\u00bb text_orientation_phone=\u00a0\u00bb\u00a0\u00bb text_orientation_last_edited=\u00a0\u00bbon|tablet\u00a0\u00bb module_alignment_tablet=\u00a0\u00bbcenter\u00a0\u00bb module_alignment_phone=\u00a0\u00bb\u00a0\u00bb module_alignment_last_edited=\u00a0\u00bbon|tablet\u00a0\u00bb custom_css_blurb_image=\u00a0\u00bbmargin-left:auto;||margin-right: auto;||\u00a0\u00bb custom_css_blurb_title=\u00a0\u00bbmargin-top:18px;\u00a0\u00bb global_colors_info=\u00a0\u00bb{}\u00a0\u00bb custom_css_blurb_title_last_edited=\u00a0\u00bbon|tablet\u00a0\u00bb custom_css_blurb_image_last_edited=\u00a0\u00bbon|tablet\u00a0\u00bb custom_css_blurb_image_tablet=\u00a0\u00bbmargin-left:auto;||margin-right: auto;||display:inline-block;||vertical-align:top;||margin-bottom:0;\u00a0\u00bb custom_css_blurb_title_tablet=\u00a0\u00bbmargin-top:18px;\u00a0\u00bb custom_css_blurb_title_phone=\u00a0\u00bbmargin-top:18px;\u00a0\u00bb custom_css_blurb_image_phone=\u00a0\u00bbmargin-left:auto;||margin-right: auto;||display:inline-block;||vertical-align:top;||margin-bottom:0;\u00a0\u00bb][\/et_pb_blurb][\/et_pb_column][et_pb_column type=\u00a0\u00bb1_5&Prime; _builder_version=\u00a0\u00bb4.9.7&Prime; _module_preset=\u00a0\u00bbdefault\u00a0\u00bb global_colors_info=\u00a0\u00bb{}\u00a0\u00bb][et_pb_blurb title=\u00a0\u00bbLes sauces\u00a0\u00bb url=\u00a0\u00bbhttps:\/\/fumaiolo.com\/fr\/les-sauces\/\u00a0\u00bb image=\u00a0\u00bbhttps:\/\/fumaiolo.com\/wp-content\/uploads\/2021\/07\/sughi.png\u00a0\u00bb icon_placement=\u00a0\u00bbleft\u00a0\u00bb image_max_width=\u00a0\u00bb46px\u00a0\u00bb title_tablet=\u00a0\u00bbLes sauces\u00a0\u00bb title_phone=\u00a0\u00bb \u00a0\u00bb title_last_edited=\u00a0\u00bbon|tablet\u00a0\u00bb icon_placement_tablet=\u00a0\u00bbtop\u00a0\u00bb icon_placement_phone=\u00a0\u00bb\u00a0\u00bb icon_placement_last_edited=\u00a0\u00bbon|tablet\u00a0\u00bb image_max_width_tablet=\u00a0\u00bb\u00a0\u00bb image_max_width_phone=\u00a0\u00bb\u00a0\u00bb image_max_width_last_edited=\u00a0\u00bbon|phone\u00a0\u00bb _builder_version=\u00a0\u00bb4.10.7&Prime; _module_preset=\u00a0\u00bbdefault\u00a0\u00bb header_font=\u00a0\u00bb|600|||||||\u00a0\u00bb header_font_size=\u00a0\u00bb16px\u00a0\u00bb body_font=\u00a0\u00bb|||on|||||\u00a0\u00bb module_alignment=\u00a0\u00bbcenter\u00a0\u00bb custom_margin_tablet=\u00a0\u00bb\u00a0\u00bb custom_margin_phone=\u00a0\u00bb15px||||false|false\u00a0\u00bb custom_margin_last_edited=\u00a0\u00bbon|phone\u00a0\u00bb link_option_url=\u00a0\u00bbhttps:\/\/fumaiolo.com\/fr\/les-sauces\/\u00a0\u00bb header_text_align_tablet=\u00a0\u00bbcenter\u00a0\u00bb header_text_align_phone=\u00a0\u00bb\u00a0\u00bb header_text_align_last_edited=\u00a0\u00bbon|tablet\u00a0\u00bb body_text_align_tablet=\u00a0\u00bbcenter\u00a0\u00bb body_text_align_phone=\u00a0\u00bb\u00a0\u00bb body_text_align_last_edited=\u00a0\u00bbon|tablet\u00a0\u00bb text_orientation_tablet=\u00a0\u00bbcenter\u00a0\u00bb text_orientation_phone=\u00a0\u00bb\u00a0\u00bb text_orientation_last_edited=\u00a0\u00bbon|tablet\u00a0\u00bb module_alignment_tablet=\u00a0\u00bbcenter\u00a0\u00bb module_alignment_phone=\u00a0\u00bb\u00a0\u00bb module_alignment_last_edited=\u00a0\u00bbon|tablet\u00a0\u00bb custom_css_blurb_image=\u00a0\u00bbmargin-left:auto;||margin-right: auto;||\u00a0\u00bb custom_css_blurb_title=\u00a0\u00bbmargin-top:20px\u00a0\u00bb global_colors_info=\u00a0\u00bb{}\u00a0\u00bb custom_css_blurb_title_last_edited=\u00a0\u00bbon|tablet\u00a0\u00bb custom_css_blurb_title_tablet=\u00a0\u00bbmargin-top:18px\u00a0\u00bb custom_css_blurb_image_last_edited=\u00a0\u00bbon|tablet\u00a0\u00bb custom_css_blurb_image_tablet=\u00a0\u00bbmargin-left:auto;||margin-right: auto;||display:inline-block;||vertical-align:top;||margin-bottom: 0;\u00a0\u00bb custom_css_blurb_title_phone=\u00a0\u00bbmargin-top:18px\u00a0\u00bb custom_css_blurb_image_phone=\u00a0\u00bbmargin-left:auto;||margin-right: auto;||display:inline-block;||vertical-align:top;||margin-bottom: 0;\u00a0\u00bb][\/et_pb_blurb][\/et_pb_column][et_pb_column type=\u00a0\u00bb1_5&Prime; _builder_version=\u00a0\u00bb4.9.7&Prime; _module_preset=\u00a0\u00bbdefault\u00a0\u00bb global_colors_info=\u00a0\u00bb{}\u00a0\u00bb][et_pb_blurb title=\u00a0\u00bbConserves sous huile\u00a0\u00bb url=\u00a0\u00bbhttps:\/\/fumaiolo.com\/fr\/conserves-sous-huile\/\u00a0\u00bb image=\u00a0\u00bbhttps:\/\/fumaiolo.com\/wp-content\/uploads\/2021\/07\/sottoli.png\u00a0\u00bb icon_placement=\u00a0\u00bbleft\u00a0\u00bb image_max_width=\u00a0\u00bb44px\u00a0\u00bb title_tablet=\u00a0\u00bbConserves sous huile\u00a0\u00bb title_phone=\u00a0\u00bb \u00a0\u00bb title_last_edited=\u00a0\u00bbon|tablet\u00a0\u00bb icon_placement_tablet=\u00a0\u00bbtop\u00a0\u00bb icon_placement_phone=\u00a0\u00bb\u00a0\u00bb icon_placement_last_edited=\u00a0\u00bbon|tablet\u00a0\u00bb image_max_width_tablet=\u00a0\u00bb\u00a0\u00bb image_max_width_phone=\u00a0\u00bb\u00a0\u00bb image_max_width_last_edited=\u00a0\u00bbon|phone\u00a0\u00bb _builder_version=\u00a0\u00bb4.10.7&Prime; _module_preset=\u00a0\u00bbdefault\u00a0\u00bb header_font=\u00a0\u00bb|600|||||||\u00a0\u00bb header_font_size=\u00a0\u00bb16px\u00a0\u00bb body_font=\u00a0\u00bb|||on|||||\u00a0\u00bb module_alignment=\u00a0\u00bbcenter\u00a0\u00bb custom_margin_tablet=\u00a0\u00bb\u00a0\u00bb custom_margin_phone=\u00a0\u00bb15px||||false|false\u00a0\u00bb custom_margin_last_edited=\u00a0\u00bbon|phone\u00a0\u00bb link_option_url=\u00a0\u00bbhttps:\/\/fumaiolo.com\/fr\/conserves-sous-huile\/\u00a0\u00bb header_text_align_tablet=\u00a0\u00bbcenter\u00a0\u00bb header_text_align_phone=\u00a0\u00bb\u00a0\u00bb header_text_align_last_edited=\u00a0\u00bbon|tablet\u00a0\u00bb body_text_align_tablet=\u00a0\u00bbcenter\u00a0\u00bb body_text_align_phone=\u00a0\u00bb\u00a0\u00bb body_text_align_last_edited=\u00a0\u00bbon|tablet\u00a0\u00bb text_orientation_tablet=\u00a0\u00bbcenter\u00a0\u00bb text_orientation_phone=\u00a0\u00bb\u00a0\u00bb text_orientation_last_edited=\u00a0\u00bbon|tablet\u00a0\u00bb module_alignment_tablet=\u00a0\u00bbcenter\u00a0\u00bb module_alignment_phone=\u00a0\u00bb\u00a0\u00bb module_alignment_last_edited=\u00a0\u00bbon|tablet\u00a0\u00bb custom_css_blurb_image=\u00a0\u00bbmargin-left:auto;||margin-right: auto;||\u00a0\u00bb custom_css_blurb_title=\u00a0\u00bbmargin-top:20px\u00a0\u00bb global_colors_info=\u00a0\u00bb{}\u00a0\u00bb custom_css_blurb_image_last_edited=\u00a0\u00bbon|tablet\u00a0\u00bb custom_css_blurb_image_tablet=\u00a0\u00bbmargin-left:auto;||margin-right: auto;||display:inline-block;||vertical-align:top;||margin-bottom:0&Prime; custom_css_blurb_title_last_edited=\u00a0\u00bbon|tablet\u00a0\u00bb custom_css_blurb_title_tablet=\u00a0\u00bbmargin-top:18px\u00a0\u00bb custom_css_blurb_image_phone=\u00a0\u00bbmargin-left:auto;||margin-right: auto;||display:inline-block;||vertical-align:top;||margin-bottom:0&Prime; custom_css_blurb_title_phone=\u00a0\u00bbmargin-top:18px\u00a0\u00bb][\/et_pb_blurb][\/et_pb_column][\/et_pb_row][\/et_pb_section][et_pb_section fb_built=\u00a0\u00bb1&Prime; _builder_version=\u00a0\u00bb4.9.7&Prime; _module_preset=\u00a0\u00bbdefault\u00a0\u00bb global_colors_info=\u00a0\u00bb{}\u00a0\u00bb][et_pb_row column_structure=\u00a0\u00bb1_5,3_5,1_5&Prime; use_custom_gutter=\u00a0\u00bbon\u00a0\u00bb gutter_width=\u00a0\u00bb2&Prime; custom_padding_last_edited=\u00a0\u00bbon|tablet\u00a0\u00bb _builder_version=\u00a0\u00bb4.9.10&Prime; _module_preset=\u00a0\u00bbdefault\u00a0\u00bb width=\u00a0\u00bb90%\u00a0\u00bb max_width=\u00a0\u00bb1200px\u00a0\u00bb module_alignment=\u00a0\u00bbcenter\u00a0\u00bb custom_margin=\u00a0\u00bb||||false|false\u00a0\u00bb custom_margin_tablet=\u00a0\u00bb||||false|false\u00a0\u00bb custom_margin_phone=\u00a0\u00bb\u00a0\u00bb custom_margin_last_edited=\u00a0\u00bbon|tablet\u00a0\u00bb custom_padding=\u00a0\u00bb|||20px|false|false\u00a0\u00bb custom_padding_tablet=\u00a0\u00bb|||0px|false|false\u00a0\u00bb custom_padding_phone=\u00a0\u00bb\u00a0\u00bb locked=\u00a0\u00bboff\u00a0\u00bb global_colors_info=\u00a0\u00bb{}\u00a0\u00bb custom_css_main_element_last_edited=\u00a0\u00bbon|tablet\u00a0\u00bb custom_css_main_element_tablet=\u00a0\u00bbdisplay:flex;||position:relative;\u00a0\u00bb custom_css_main_element_phone=\u00a0\u00bb ||\u00a0\u00bb][et_pb_column type=\u00a0\u00bb1_5&Prime; disabled_on=\u00a0\u00bboff|on|off\u00a0\u00bb _builder_version=\u00a0\u00bb4.9.10&Prime; _module_preset=\u00a0\u00bbdefault\u00a0\u00bb scroll_blur=\u00a0\u00bb0|40|60|84|10px|0px|1px\u00a0\u00bb global_colors_info=\u00a0\u00bb{}\u00a0\u00bb][et_pb_image src=\u00a0\u00bbhttps:\/\/fumaiolo.com\/wp-content\/uploads\/2021\/07\/piada-taglio.png\u00a0\u00bb title_text=\u00a0\u00bbpiada taglio\u00a0\u00bb align=\u00a0\u00bbcenter\u00a0\u00bb align_tablet=\u00a0\u00bbcenter\u00a0\u00bb align_phone=\u00a0\u00bbcenter\u00a0\u00bb align_last_edited=\u00a0\u00bbon|phone\u00a0\u00bb module_class=\u00a0\u00bbpasta\u00a0\u00bb _builder_version=\u00a0\u00bb4.11.4&Prime; _module_preset=\u00a0\u00bbdefault\u00a0\u00bb height=\u00a0\u00bb73px\u00a0\u00bb custom_margin=\u00a0\u00bb-15px|||-200px|false|false\u00a0\u00bb custom_margin_tablet=\u00a0\u00bb-15px||30px|0px|false|false\u00a0\u00bb custom_margin_phone=\u00a0\u00bb\u00a0\u00bb custom_margin_last_edited=\u00a0\u00bbon|tablet\u00a0\u00bb scroll_vertical_motion=\u00a0\u00bb0|63|63|100|1|0|-1&Prime; scroll_fade=\u00a0\u00bb23|71|100|100|0|100|0%\u00a0\u00bb scroll_scaling=\u00a0\u00bb0|66|100|100|30%|100|30%\u00a0\u00bb global_colors_info=\u00a0\u00bb{}\u00a0\u00bb][\/et_pb_image][\/et_pb_column][et_pb_column type=\u00a0\u00bb3_5&Prime; _builder_version=\u00a0\u00bb4.9.7&Prime; _module_preset=\u00a0\u00bbdefault\u00a0\u00bb global_colors_info=\u00a0\u00bb{}\u00a0\u00bb][et_pb_text content_tablet=\u00a0\u00bb<\/p>\n<p>PIADINA<\/p>\n<p>        \u00a0\u00bb content_phone=\u00a0\u00bb<\/p>\n<p>PIADINA<\/p>\n<p>        \u00a0\u00bb content_last_edited=\u00a0\u00bbon|tablet\u00a0\u00bb _builder_version=\u00a0\u00bb4.11.4&Prime; _module_preset=\u00a0\u00bbdefault\u00a0\u00bb text_font=\u00a0\u00bb|800|||||||\u00a0\u00bb text_text_color=\u00a0\u00bb#f9bb2d\u00a0\u00bb text_font_size=\u00a0\u00bb43px\u00a0\u00bb header_font=\u00a0\u00bb|800|||||||\u00a0\u00bb header_text_align=\u00a0\u00bbleft\u00a0\u00bb background_color=\u00a0\u00bb#FFFFFF\u00a0\u00bb module_alignment=\u00a0\u00bbleft\u00a0\u00bb custom_margin=\u00a0\u00bb5px|||-150px|false|false\u00a0\u00bb custom_margin_tablet=\u00a0\u00bb-30px|||0px|false|false\u00a0\u00bb custom_margin_phone=\u00a0\u00bb|0px||0px|false|false\u00a0\u00bb custom_margin_last_edited=\u00a0\u00bbon|tablet\u00a0\u00bb custom_padding=\u00a0\u00bb0px||0px||false|false\u00a0\u00bb custom_padding_tablet=\u00a0\u00bb0px||0px||false|false\u00a0\u00bb custom_padding_phone=\u00a0\u00bb||||false|false\u00a0\u00bb custom_padding_last_edited=\u00a0\u00bbon|tablet\u00a0\u00bb mix_blend_mode=\u00a0\u00bbluminosity\u00a0\u00bb scroll_blur=\u00a0\u00bb0|41|100|100|10px|0px|3px\u00a0\u00bb text_text_color_tablet=\u00a0\u00bb#f9bb2d\u00a0\u00bb text_text_color_phone=\u00a0\u00bb#f9bb2d\u00a0\u00bb text_text_color_last_edited=\u00a0\u00bbon|desktop\u00a0\u00bb text_font_size_tablet=\u00a0\u00bb\u00a0\u00bb text_font_size_phone=\u00a0\u00bb40px\u00a0\u00bb text_font_size_last_edited=\u00a0\u00bbon|phone\u00a0\u00bb header_text_align_tablet=\u00a0\u00bb\u00a0\u00bb header_text_align_phone=\u00a0\u00bbcenter\u00a0\u00bb header_text_align_last_edited=\u00a0\u00bbon|phone\u00a0\u00bb text_orientation_tablet=\u00a0\u00bbcenter\u00a0\u00bb text_orientation_phone=\u00a0\u00bbcenter\u00a0\u00bb text_orientation_last_edited=\u00a0\u00bbon|phone\u00a0\u00bb module_alignment_tablet=\u00a0\u00bb\u00a0\u00bb module_alignment_phone=\u00a0\u00bbcenter\u00a0\u00bb module_alignment_last_edited=\u00a0\u00bbon|phone\u00a0\u00bb global_colors_info=\u00a0\u00bb{}\u00a0\u00bb custom_css_main_element_last_edited=\u00a0\u00bbon|phone\u00a0\u00bb custom_css_main_element_tablet=\u00a0\u00bbtext-align:left;\u00a0\u00bb custom_css_main_element_phone=\u00a0\u00bb-||\u00a0\u00bb]<\/p>\n<p>PIADINA<\/p>\n<p>[\/et_pb_text][\/et_pb_column][et_pb_column type=\u00a0\u00bb1_5&Prime; disabled_on=\u00a0\u00bboff|on|off\u00a0\u00bb _builder_version=\u00a0\u00bb4.9.10&Prime; _module_preset=\u00a0\u00bbdefault\u00a0\u00bb global_colors_info=\u00a0\u00bb{}\u00a0\u00bb][\/et_pb_column][\/et_pb_row][et_pb_row use_custom_gutter=\u00a0\u00bbon\u00a0\u00bb gutter_width=\u00a0\u00bb2&Prime; module_class=\u00a0\u00bbquattrocolonne\u00a0\u00bb _builder_version=\u00a0\u00bb4.9.10&Prime; _module_preset=\u00a0\u00bbdefault\u00a0\u00bb width=\u00a0\u00bb90%\u00a0\u00bb max_width=\u00a0\u00bb1200px\u00a0\u00bb custom_margin_tablet=\u00a0\u00bb\u00a0\u00bb custom_margin_phone=\u00a0\u00bb-100px||||false|false\u00a0\u00bb custom_margin_last_edited=\u00a0\u00bbon|phone\u00a0\u00bb custom_padding=\u00a0\u00bb0px||||false|false\u00a0\u00bb global_colors_info=\u00a0\u00bb{}\u00a0\u00bb][et_pb_column type=\u00a0\u00bb4_4&Prime; _builder_version=\u00a0\u00bb4.9.7&Prime; _module_preset=\u00a0\u00bbdefault\u00a0\u00bb global_colors_info=\u00a0\u00bb{}\u00a0\u00bb][et_pb_shop type=\u00a0\u00bbproduct_category\u00a0\u00bb include_categories=\u00a0\u00bb34&Prime; icon_hover_color=\u00a0\u00bbRGBA(0,0,0,0)\u00a0\u00bb hover_overlay_color=\u00a0\u00bbrgba(255,255,255,0.17)\u00a0\u00bb _builder_version=\u00a0\u00bb4.10.7&Prime; _module_preset=\u00a0\u00bbdefault\u00a0\u00bb title_font=\u00a0\u00bb|700||on|||||\u00a0\u00bb title_text_align=\u00a0\u00bbcenter\u00a0\u00bb border_color_all_image=\u00a0\u00bb#FFFFFF\u00a0\u00bb global_colors_info=\u00a0\u00bb{}\u00a0\u00bb][\/et_pb_shop][\/et_pb_column][\/et_pb_row][\/et_pb_section]<\/p>\n","protected":false},"excerpt":{"rendered":"<p>Symbole de la Romagne et cheval de bataille de l&rsquo;entreprise, la piadina Fumaiolo se caract\u00e9rise depuis toujours par sa recette utilisant de l&rsquo;huile de ma\u00efs au lieu du saindoux, ce qui lui conf\u00e8re 40% de mati\u00e8res grasses en moins que la piadina classique. Il est propos\u00e9 dans le format typique en tranches ou dans le [&hellip;]<\/p>\n","protected":false},"author":3,"featured_media":0,"parent":0,"menu_order":0,"comment_status":"closed","ping_status":"closed","template":"","meta":{"_et_pb_use_builder":"on","_et_pb_old_content":"","_et_gb_content_width":"","wp_mapbox_gl_js_media":[],"footnotes":""},"class_list":["post-248367","page","type-page","status-publish","hentry"],"acf":[],"_links":{"self":[{"href":"https:\/\/fumaiolo.com\/fr\/wp-json\/wp\/v2\/pages\/248367","targetHints":{"allow":["GET"]}}],"collection":[{"href":"https:\/\/fumaiolo.com\/fr\/wp-json\/wp\/v2\/pages"}],"about":[{"href":"https:\/\/fumaiolo.com\/fr\/wp-json\/wp\/v2\/types\/page"}],"author":[{"embeddable":true,"href":"https:\/\/fumaiolo.com\/fr\/wp-json\/wp\/v2\/users\/3"}],"replies":[{"embeddable":true,"href":"https:\/\/fumaiolo.com\/fr\/wp-json\/wp\/v2\/comments?post=248367"}],"version-history":[{"count":19,"href":"https:\/\/fumaiolo.com\/fr\/wp-json\/wp\/v2\/pages\/248367\/revisions"}],"predecessor-version":[{"id":253293,"href":"https:\/\/fumaiolo.com\/fr\/wp-json\/wp\/v2\/pages\/248367\/revisions\/253293"}],"wp:attachment":[{"href":"https:\/\/fumaiolo.com\/fr\/wp-json\/wp\/v2\/media?parent=248367"}],"curies":[{"name":"wp","href":"https:\/\/api.w.org\/{rel}","templated":true}]}}