{"id":252299,"date":"2021-10-27T10:15:42","date_gmt":"2021-10-27T16:27:28","guid":{"rendered":"https:\/\/fumaiolo.com\/product\/cappelletti-ai-formaggi-2\/"},"modified":"2021-10-27T18:27:28","modified_gmt":"2021-10-27T16:27:28","slug":"cappelletti-ai-formaggi-horeca-2","status":"publish","type":"product","link":"https:\/\/fumaiolo.com\/es\/prodotto\/cappelletti-ai-formaggi-horeca-2\/","title":{"rendered":"Cappelletti ai formaggi"},"content":{"rendered":"<p>Una combinaci\u00f3n de deliciosos sabores, que sorprender\u00e1 incluso a los paladares m\u00e1s exigentes. Los Raviolini ai Formaggi Fumaiolo son el resultado del exquisito encuentro entre la masa y los quesos \u201cricotta\u201d, Pecorino y Grana Padano.<\/p>\n<h2 class=\"olivier\" style=\"color: #373737\"><strong>Preparaci\u00f3n<\/strong><\/h2>\n<div class=\"text\">\n<p class=\"p1\">Vierta el producto, todav\u00eda congelado, en abundante agua hirviendo con sal. Cu\u00e9lela transcurridos aproximadamente <span class=\"s1\">dos minutos<\/span> tras volver a ponerse en ebullici\u00f3n.<\/p>\n<\/div>\n<p>&nbsp;<\/p>\n","protected":false},"excerpt":{"rendered":"<p>Una combinaci\u00f3n de deliciosos sabores, que sorprender\u00e1 incluso a los paladares m\u00e1s exigentes. Los Raviolini ai Formaggi Fumaiolo son el resultado del exquisito encuentro entre la masa y los quesos \u201cricotta\u201d, Pecorino y Grana Padano. Preparaci\u00f3n Vierta el producto, todav\u00eda congelado, en abundante agua hirviendo con sal. Cu\u00e9lela transcurridos aproximadamente dos minutos tras volver a [&hellip;]<\/p>\n","protected":false},"featured_media":252019,"comment_status":"closed","ping_status":"closed","template":"","meta":{"_et_pb_use_builder":"","_et_pb_old_content":"","_et_gb_content_width":"","wp_mapbox_gl_js_media":[]},"product_cat":[372,373],"product_tag":[],"class_list":["post-252299","product","type-product","status-publish","has-post-thumbnail","hentry","product_cat-horeca-es","product_cat-le-ripiene-es"],"acf":[],"_links":{"self":[{"href":"https:\/\/fumaiolo.com\/es\/wp-json\/wp\/v2\/product\/252299","targetHints":{"allow":["GET"]}}],"collection":[{"href":"https:\/\/fumaiolo.com\/es\/wp-json\/wp\/v2\/product"}],"about":[{"href":"https:\/\/fumaiolo.com\/es\/wp-json\/wp\/v2\/types\/product"}],"replies":[{"embeddable":true,"href":"https:\/\/fumaiolo.com\/es\/wp-json\/wp\/v2\/comments?post=252299"}],"wp:featuredmedia":[{"embeddable":true,"href":"https:\/\/fumaiolo.com\/es\/wp-json\/wp\/v2\/media\/252019"}],"wp:attachment":[{"href":"https:\/\/fumaiolo.com\/es\/wp-json\/wp\/v2\/media?parent=252299"}],"wp:term":[{"taxonomy":"product_cat","embeddable":true,"href":"https:\/\/fumaiolo.com\/es\/wp-json\/wp\/v2\/product_cat?post=252299"},{"taxonomy":"product_tag","embeddable":true,"href":"https:\/\/fumaiolo.com\/es\/wp-json\/wp\/v2\/product_tag?post=252299"}],"curies":[{"name":"wp","href":"https:\/\/api.w.org\/{rel}","templated":true}]}}