{"id":252289,"date":"2021-10-27T09:35:32","date_gmt":"2021-10-27T16:25:29","guid":{"rendered":"https:\/\/fumaiolo.com\/product\/strozzapreti-curcuma-e-zafferano-2\/"},"modified":"2021-10-27T18:25:29","modified_gmt":"2021-10-27T16:25:29","slug":"strozzapreti-curcuma-e-zafferano-horeca-2","status":"publish","type":"product","link":"https:\/\/fumaiolo.com\/es\/prodotto\/strozzapreti-curcuma-e-zafferano-horeca-2\/","title":{"rendered":"Strozzapreti curcuma e zafferano"},"content":{"rendered":"<p>En esta sabros\u00edsima propuesta que a\u00fana tradici\u00f3n e innovaci\u00f3n, los Strozzapreti de Fumaiolo se visten de un resplandeciente amarillo. La sencillez y la naturaleza de la tradici\u00f3n de la Roma\u00f1a se combinan con el sabor rotundo e inconfundible del azafr\u00e1n y de la c\u00farcuma para dar vida a un plato dominado por un car\u00e1cter tentador y apetitoso.<\/p>\n<h2 class=\"olivier\" style=\"color: #373737\"><strong>Preparaci\u00f3n<\/strong><\/h2>\n<div class=\"text\">\n<div class=\"offset-1 col-11 col-md-8\">\n<div class=\"text\">\n<div class=\"offset-1 col-11 col-md-8\">\n<div class=\"text\">\n<p class=\"p1\">Vierta el producto, todav\u00eda congelado, en abundante agua hirviendo con sal. <span class=\"s1\">Cu\u00e9lela transcurridos<\/span> aproximadamente cuatro minutos tras volver a ponerse en ebullici\u00f3n.<\/p>\n<\/div>\n<\/div>\n<\/div>\n<\/div>\n<\/div>\n<p>&nbsp;<\/p>\n","protected":false},"excerpt":{"rendered":"<p>En esta sabros\u00edsima propuesta que a\u00fana tradici\u00f3n e innovaci\u00f3n, los Strozzapreti de Fumaiolo se visten de un resplandeciente amarillo. La sencillez y la naturaleza de la tradici\u00f3n de la Roma\u00f1a se combinan con el sabor rotundo e inconfundible del azafr\u00e1n y de la c\u00farcuma para dar vida a un plato dominado por un car\u00e1cter tentador [&hellip;]<\/p>\n","protected":false},"featured_media":252005,"comment_status":"closed","ping_status":"closed","template":"","meta":{"_et_pb_use_builder":"","_et_pb_old_content":"","_et_gb_content_width":"","wp_mapbox_gl_js_media":[]},"product_cat":[372,377],"product_tag":[],"class_list":["post-252289","product","type-product","status-publish","has-post-thumbnail","hentry","product_cat-horeca-es","product_cat-le-tradizionali-es"],"acf":[],"_links":{"self":[{"href":"https:\/\/fumaiolo.com\/es\/wp-json\/wp\/v2\/product\/252289","targetHints":{"allow":["GET"]}}],"collection":[{"href":"https:\/\/fumaiolo.com\/es\/wp-json\/wp\/v2\/product"}],"about":[{"href":"https:\/\/fumaiolo.com\/es\/wp-json\/wp\/v2\/types\/product"}],"replies":[{"embeddable":true,"href":"https:\/\/fumaiolo.com\/es\/wp-json\/wp\/v2\/comments?post=252289"}],"wp:featuredmedia":[{"embeddable":true,"href":"https:\/\/fumaiolo.com\/es\/wp-json\/wp\/v2\/media\/252005"}],"wp:attachment":[{"href":"https:\/\/fumaiolo.com\/es\/wp-json\/wp\/v2\/media?parent=252289"}],"wp:term":[{"taxonomy":"product_cat","embeddable":true,"href":"https:\/\/fumaiolo.com\/es\/wp-json\/wp\/v2\/product_cat?post=252289"},{"taxonomy":"product_tag","embeddable":true,"href":"https:\/\/fumaiolo.com\/es\/wp-json\/wp\/v2\/product_tag?post=252289"}],"curies":[{"name":"wp","href":"https:\/\/api.w.org\/{rel}","templated":true}]}}