{"id":252288,"date":"2021-10-27T10:06:25","date_gmt":"2021-10-27T16:25:06","guid":{"rendered":"https:\/\/fumaiolo.com\/product\/raviolini-ai-formaggi-2\/"},"modified":"2021-10-28T11:25:21","modified_gmt":"2021-10-28T09:25:21","slug":"raviolini-ai-formaggi-horeca","status":"publish","type":"product","link":"https:\/\/fumaiolo.com\/es\/prodotto\/raviolini-ai-formaggi-horeca\/","title":{"rendered":"Raviolini ai formaggi"},"content":{"rendered":"<p>&#8211; Los Raviolini ai Formaggi Fumaiolo son el resultado del exquisito encuentro entre la masa y los quesos \u201cricotta\u201d, Pecorino y Grana Padano.<\/p>\n<h2 class=\"olivier\" style=\"color: #373737\"><strong>Preparaci\u00f3n<\/strong><\/h2>\n<div class=\"text\">\n<div class=\"offset-1 col-11 col-md-8\">\n<div class=\"text\">\n<div class=\"offset-1 col-11 col-md-8\">\n<div class=\"text\">\n<p class=\"p1\">Vierta el producto, todav\u00eda congelado, en abundante agua hirviendo con sal. <span class=\"s1\">Cu\u00e9lela transcurridos<\/span> aproximadamente cuatro minutos tras volver a ponerse en ebullici\u00f3n.<\/p>\n<\/div>\n<\/div>\n<\/div>\n<\/div>\n<\/div>\n<p>&nbsp;<\/p>\n","protected":false},"excerpt":{"rendered":"<p>&#8211; Los Raviolini ai Formaggi Fumaiolo son el resultado del exquisito encuentro entre la masa y los quesos \u201cricotta\u201d, Pecorino y Grana Padano. Preparaci\u00f3n Vierta el producto, todav\u00eda congelado, en abundante agua hirviendo con sal. Cu\u00e9lela transcurridos aproximadamente cuatro minutos tras volver a ponerse en ebullici\u00f3n. &nbsp;<\/p>\n","protected":false},"featured_media":252012,"comment_status":"closed","ping_status":"closed","template":"","meta":{"_et_pb_use_builder":"","_et_pb_old_content":"","_et_gb_content_width":"","wp_mapbox_gl_js_media":[]},"product_cat":[372,373],"product_tag":[],"class_list":["post-252288","product","type-product","status-publish","has-post-thumbnail","hentry","product_cat-horeca-es","product_cat-le-ripiene-es"],"acf":[],"_links":{"self":[{"href":"https:\/\/fumaiolo.com\/es\/wp-json\/wp\/v2\/product\/252288","targetHints":{"allow":["GET"]}}],"collection":[{"href":"https:\/\/fumaiolo.com\/es\/wp-json\/wp\/v2\/product"}],"about":[{"href":"https:\/\/fumaiolo.com\/es\/wp-json\/wp\/v2\/types\/product"}],"replies":[{"embeddable":true,"href":"https:\/\/fumaiolo.com\/es\/wp-json\/wp\/v2\/comments?post=252288"}],"wp:featuredmedia":[{"embeddable":true,"href":"https:\/\/fumaiolo.com\/es\/wp-json\/wp\/v2\/media\/252012"}],"wp:attachment":[{"href":"https:\/\/fumaiolo.com\/es\/wp-json\/wp\/v2\/media?parent=252288"}],"wp:term":[{"taxonomy":"product_cat","embeddable":true,"href":"https:\/\/fumaiolo.com\/es\/wp-json\/wp\/v2\/product_cat?post=252288"},{"taxonomy":"product_tag","embeddable":true,"href":"https:\/\/fumaiolo.com\/es\/wp-json\/wp\/v2\/product_tag?post=252288"}],"curies":[{"name":"wp","href":"https:\/\/api.w.org\/{rel}","templated":true}]}}