{"id":252280,"date":"2021-10-26T16:30:36","date_gmt":"2021-10-27T16:20:49","guid":{"rendered":"https:\/\/fumaiolo.com\/product\/tortelli-di-erbe-sulla-lastra-2\/"},"modified":"2021-10-27T18:20:49","modified_gmt":"2021-10-27T16:20:49","slug":"tortelli-di-erbe-sulla-lastra-horeca-2","status":"publish","type":"product","link":"https:\/\/fumaiolo.com\/es\/prodotto\/tortelli-di-erbe-sulla-lastra-horeca-2\/","title":{"rendered":"Tortelli di erbe sulla lastra"},"content":{"rendered":"<p>Los Tortelli sulla Lastra Fumaiolo respetan y renuevan la tradici\u00f3n del Alto Apenino toscano-roma\u00f1o. Un plato apetitoso que contiene, entre dos finas capas, una masa suave y sabrosa.<\/p>\n<h2 class=\"olivier\" style=\"color: #373737\"><strong>Preparaci\u00f3n<\/strong><\/h2>\n<div class=\"text\">\n<div class=\"offset-1 col-11 col-md-8\">\n<div class=\"text\">\n<div class=\"offset-1 col-11 col-md-8\">\n<div class=\"text\">\n<p class=\"p1\">Todav\u00eda congelados, cali\u00e9ntelos en una sart\u00e9n antiadherente o una tostadora, o fr\u00edalos en abundante aceite caliente.<\/p>\n<\/div>\n<\/div>\n<\/div>\n<\/div>\n<\/div>\n<p>&nbsp;<\/p>\n","protected":false},"excerpt":{"rendered":"<p>Los Tortelli sulla Lastra Fumaiolo respetan y renuevan la tradici\u00f3n del Alto Apenino toscano-roma\u00f1o. Un plato apetitoso que contiene, entre dos finas capas, una masa suave y sabrosa. Preparaci\u00f3n Todav\u00eda congelados, cali\u00e9ntelos en una sart\u00e9n antiadherente o una tostadora, o fr\u00edalos en abundante aceite caliente. &nbsp;<\/p>\n","protected":false},"featured_media":255079,"comment_status":"closed","ping_status":"closed","template":"","meta":{"_et_pb_use_builder":"","_et_pb_old_content":"","_et_gb_content_width":"","wp_mapbox_gl_js_media":[]},"product_cat":[372,381],"product_tag":[],"class_list":["post-252280","product","type-product","status-publish","has-post-thumbnail","hentry","product_cat-horeca-es","product_cat-i-tortelli-sulla-lastra-es"],"acf":[],"_links":{"self":[{"href":"https:\/\/fumaiolo.com\/es\/wp-json\/wp\/v2\/product\/252280","targetHints":{"allow":["GET"]}}],"collection":[{"href":"https:\/\/fumaiolo.com\/es\/wp-json\/wp\/v2\/product"}],"about":[{"href":"https:\/\/fumaiolo.com\/es\/wp-json\/wp\/v2\/types\/product"}],"replies":[{"embeddable":true,"href":"https:\/\/fumaiolo.com\/es\/wp-json\/wp\/v2\/comments?post=252280"}],"wp:featuredmedia":[{"embeddable":true,"href":"https:\/\/fumaiolo.com\/es\/wp-json\/wp\/v2\/media\/255079"}],"wp:attachment":[{"href":"https:\/\/fumaiolo.com\/es\/wp-json\/wp\/v2\/media?parent=252280"}],"wp:term":[{"taxonomy":"product_cat","embeddable":true,"href":"https:\/\/fumaiolo.com\/es\/wp-json\/wp\/v2\/product_cat?post=252280"},{"taxonomy":"product_tag","embeddable":true,"href":"https:\/\/fumaiolo.com\/es\/wp-json\/wp\/v2\/product_tag?post=252280"}],"curies":[{"name":"wp","href":"https:\/\/api.w.org\/{rel}","templated":true}]}}