{"id":252258,"date":"2021-10-26T16:17:29","date_gmt":"2021-10-27T16:14:33","guid":{"rendered":"https:\/\/fumaiolo.com\/product\/pappardelle-2\/"},"modified":"2021-10-27T18:14:33","modified_gmt":"2021-10-27T16:14:33","slug":"pappardelle-horeca-2","status":"publish","type":"product","link":"https:\/\/fumaiolo.com\/es\/prodotto\/pappardelle-horeca-2\/","title":{"rendered":"Pappardelle"},"content":{"rendered":"<p>Para aquellos que aman el sabor de la pasta, las Pappardelle Fumaiolo son la opci\u00f3n ideal. Con su tama\u00f1o m\u00e1s grande y su masa porosa, presentan el tama\u00f1o perfecto para combinaciones inusuales y sofisticadas.<\/p>\n<h2 class=\"olivier\" style=\"color: #373737\"><strong>Preparaci\u00f3n<\/strong><\/h2>\n<div class=\"text\">\n<p class=\"p1\">Vierta el producto, todav\u00eda congelado, en abundante agua hirviendo con sal. <span class=\"s1\">La pasta<\/span>se cocina cuando llega a la superficie y la ebullici\u00f3n comienza de nuevo.<\/p>\n<\/div>\n<p>&nbsp;<\/p>\n","protected":false},"excerpt":{"rendered":"<p>Para aquellos que aman el sabor de la pasta, las Pappardelle Fumaiolo son la opci\u00f3n ideal. Con su tama\u00f1o m\u00e1s grande y su masa porosa, presentan el tama\u00f1o perfecto para combinaciones inusuales y sofisticadas. Preparaci\u00f3n Vierta el producto, todav\u00eda congelado, en abundante agua hirviendo con sal. La pastase cocina cuando llega a la superficie y [&hellip;]<\/p>\n","protected":false},"featured_media":251887,"comment_status":"closed","ping_status":"closed","template":"","meta":{"_et_pb_use_builder":"","_et_pb_old_content":"","_et_gb_content_width":"","wp_mapbox_gl_js_media":[]},"product_cat":[372,377],"product_tag":[],"class_list":["post-252258","product","type-product","status-publish","has-post-thumbnail","hentry","product_cat-horeca-es","product_cat-le-tradizionali-es"],"acf":[],"_links":{"self":[{"href":"https:\/\/fumaiolo.com\/es\/wp-json\/wp\/v2\/product\/252258","targetHints":{"allow":["GET"]}}],"collection":[{"href":"https:\/\/fumaiolo.com\/es\/wp-json\/wp\/v2\/product"}],"about":[{"href":"https:\/\/fumaiolo.com\/es\/wp-json\/wp\/v2\/types\/product"}],"replies":[{"embeddable":true,"href":"https:\/\/fumaiolo.com\/es\/wp-json\/wp\/v2\/comments?post=252258"}],"wp:featuredmedia":[{"embeddable":true,"href":"https:\/\/fumaiolo.com\/es\/wp-json\/wp\/v2\/media\/251887"}],"wp:attachment":[{"href":"https:\/\/fumaiolo.com\/es\/wp-json\/wp\/v2\/media?parent=252258"}],"wp:term":[{"taxonomy":"product_cat","embeddable":true,"href":"https:\/\/fumaiolo.com\/es\/wp-json\/wp\/v2\/product_cat?post=252258"},{"taxonomy":"product_tag","embeddable":true,"href":"https:\/\/fumaiolo.com\/es\/wp-json\/wp\/v2\/product_tag?post=252258"}],"curies":[{"name":"wp","href":"https:\/\/api.w.org\/{rel}","templated":true}]}}