{"id":252240,"date":"2021-10-26T15:36:07","date_gmt":"2021-10-27T16:08:21","guid":{"rendered":"https:\/\/fumaiolo.com\/product\/gnocchi-curcuma-e-zafferano-2\/"},"modified":"2021-10-27T18:08:21","modified_gmt":"2021-10-27T16:08:21","slug":"gnocchi-curcuma-e-zafferano-horeca-2","status":"publish","type":"product","link":"https:\/\/fumaiolo.com\/es\/prodotto\/gnocchi-curcuma-e-zafferano-horeca-2\/","title":{"rendered":"Gnocchi curcuma e zafferano"},"content":{"rendered":"<p>Delicados y muy suaves, los Gnocchi de azafr\u00e1n y c\u00farcuma de Fumaiolo conservan todo el sabor y la exquisitez de los gnocchi caseros. Al sabor delicado de las patatas de los Apeninos, se a\u00f1aden las propiedades beneficiosas del azafr\u00e1n y el particular, pero fino, aroma de la c\u00farcuma. Este plato brinda al paladar una explosi\u00f3n de sabor envolvente, acompa\u00f1ado de una armon\u00eda perfecta de sabores.<\/p>\n<h2 class=\"olivier\" style=\"color: #373737\"><strong>Preparaci\u00f3n<\/strong><\/h2>\n<div class=\"text\">\n<div class=\"offset-1 col-11 col-md-8\">\n<div class=\"text\">\n<div class=\"offset-1 col-11 col-md-8\">\n<div class=\"text\">\n<p class=\"p1\">Vierta el producto, todav\u00eda congelado, en abundante agua hirviendo con sal. La pasta se cocina cuando llega a la superficie y la ebullici\u00f3n comienza de nuevo.<\/p>\n<\/div>\n<\/div>\n<\/div>\n<\/div>\n<\/div>\n<p>&nbsp;<\/p>\n","protected":false},"excerpt":{"rendered":"<p>Delicados y muy suaves, los Gnocchi de azafr\u00e1n y c\u00farcuma de Fumaiolo conservan todo el sabor y la exquisitez de los gnocchi caseros. Al sabor delicado de las patatas de los Apeninos, se a\u00f1aden las propiedades beneficiosas del azafr\u00e1n y el particular, pero fino, aroma de la c\u00farcuma. Este plato brinda al paladar una explosi\u00f3n [&hellip;]<\/p>\n","protected":false},"featured_media":252172,"comment_status":"closed","ping_status":"closed","template":"","meta":{"_et_pb_use_builder":"","_et_pb_old_content":"","_et_gb_content_width":"","wp_mapbox_gl_js_media":[]},"product_cat":[372,377],"product_tag":[],"class_list":["post-252240","product","type-product","status-publish","has-post-thumbnail","hentry","product_cat-horeca-es","product_cat-le-tradizionali-es"],"acf":[],"_links":{"self":[{"href":"https:\/\/fumaiolo.com\/es\/wp-json\/wp\/v2\/product\/252240","targetHints":{"allow":["GET"]}}],"collection":[{"href":"https:\/\/fumaiolo.com\/es\/wp-json\/wp\/v2\/product"}],"about":[{"href":"https:\/\/fumaiolo.com\/es\/wp-json\/wp\/v2\/types\/product"}],"replies":[{"embeddable":true,"href":"https:\/\/fumaiolo.com\/es\/wp-json\/wp\/v2\/comments?post=252240"}],"wp:featuredmedia":[{"embeddable":true,"href":"https:\/\/fumaiolo.com\/es\/wp-json\/wp\/v2\/media\/252172"}],"wp:attachment":[{"href":"https:\/\/fumaiolo.com\/es\/wp-json\/wp\/v2\/media?parent=252240"}],"wp:term":[{"taxonomy":"product_cat","embeddable":true,"href":"https:\/\/fumaiolo.com\/es\/wp-json\/wp\/v2\/product_cat?post=252240"},{"taxonomy":"product_tag","embeddable":true,"href":"https:\/\/fumaiolo.com\/es\/wp-json\/wp\/v2\/product_tag?post=252240"}],"curies":[{"name":"wp","href":"https:\/\/api.w.org\/{rel}","templated":true}]}}