{"id":252232,"date":"2021-10-26T15:18:38","date_gmt":"2021-10-27T16:06:12","guid":{"rendered":"https:\/\/fumaiolo.com\/product\/gnocchi-rossi-2\/"},"modified":"2021-10-27T18:06:12","modified_gmt":"2021-10-27T16:06:12","slug":"gnocchi-rossi-horeca-2","status":"publish","type":"product","link":"https:\/\/fumaiolo.com\/es\/prodotto\/gnocchi-rossi-horeca-2\/","title":{"rendered":"Gnocchi rossi"},"content":{"rendered":"<p>Deliciosos y con un sabor delicado, los Gnocchi Rojos de Fumaiolo est\u00e1n elaborados con fragantes patatas de los Apeninos y a la remolacha roja, la cual les aporta ese toque de color que hace que estos gnocchi sean a\u00fan m\u00e1s deliciosos. Ideales para degustar con salsas delicadas o con condimentos m\u00e1s fuertes, para un primer plato sabroso y con car\u00e1cter.<\/p>\n<h2 class=\"olivier\" style=\"color: #373737\"><strong>Preparaci\u00f3n<\/strong><\/h2>\n<div class=\"text\">\n<p class=\"p1\">Vierta el producto, todav\u00eda congelado, en abundante agua hirviendo con sal. La pasta se cocina cuando llega a la superficie y la ebullici\u00f3n comienza de nuevo.<\/p>\n<\/div>\n<p>&nbsp;<\/p>\n","protected":false},"excerpt":{"rendered":"<p>Deliciosos y con un sabor delicado, los Gnocchi Rojos de Fumaiolo est\u00e1n elaborados con fragantes patatas de los Apeninos y a la remolacha roja, la cual les aporta ese toque de color que hace que estos gnocchi sean a\u00fan m\u00e1s deliciosos. Ideales para degustar con salsas delicadas o con condimentos m\u00e1s fuertes, para un primer [&hellip;]<\/p>\n","protected":false},"featured_media":252166,"comment_status":"closed","ping_status":"closed","template":"","meta":{"_et_pb_use_builder":"","_et_pb_old_content":"","_et_gb_content_width":"","wp_mapbox_gl_js_media":[]},"product_cat":[372,377],"product_tag":[],"class_list":["post-252232","product","type-product","status-publish","has-post-thumbnail","hentry","product_cat-horeca-es","product_cat-le-tradizionali-es"],"acf":[],"_links":{"self":[{"href":"https:\/\/fumaiolo.com\/es\/wp-json\/wp\/v2\/product\/252232","targetHints":{"allow":["GET"]}}],"collection":[{"href":"https:\/\/fumaiolo.com\/es\/wp-json\/wp\/v2\/product"}],"about":[{"href":"https:\/\/fumaiolo.com\/es\/wp-json\/wp\/v2\/types\/product"}],"replies":[{"embeddable":true,"href":"https:\/\/fumaiolo.com\/es\/wp-json\/wp\/v2\/comments?post=252232"}],"wp:featuredmedia":[{"embeddable":true,"href":"https:\/\/fumaiolo.com\/es\/wp-json\/wp\/v2\/media\/252166"}],"wp:attachment":[{"href":"https:\/\/fumaiolo.com\/es\/wp-json\/wp\/v2\/media?parent=252232"}],"wp:term":[{"taxonomy":"product_cat","embeddable":true,"href":"https:\/\/fumaiolo.com\/es\/wp-json\/wp\/v2\/product_cat?post=252232"},{"taxonomy":"product_tag","embeddable":true,"href":"https:\/\/fumaiolo.com\/es\/wp-json\/wp\/v2\/product_tag?post=252232"}],"curies":[{"name":"wp","href":"https:\/\/api.w.org\/{rel}","templated":true}]}}