{"id":252221,"date":"2021-10-26T15:07:25","date_gmt":"2021-10-27T16:04:02","guid":{"rendered":"https:\/\/fumaiolo.com\/product\/gnocchi-di-patate-2\/"},"modified":"2021-10-27T18:04:02","modified_gmt":"2021-10-27T16:04:02","slug":"gnocchi-di-patate-horeca-2","status":"publish","type":"product","link":"https:\/\/fumaiolo.com\/es\/prodotto\/gnocchi-di-patate-horeca-2\/","title":{"rendered":"Gnocchi di patate"},"content":{"rendered":"<p>Las patatas de los Apeninos, doradas y desmenuzables, se procesan con harina y huevos para dar vida a los Gnocchi Fumaiolo. Con su textura suave y un sabor delicado, los Gnocchi di Patate ofrecen un sabor \u00fanico que lo impregna todo.<\/p>\n<h2 class=\"olivier\" style=\"color: #373737\"><strong>Preparaci\u00f3n<\/strong><\/h2>\n<div class=\"text\">\n<p class=\"p1\">Vierta el producto, todav\u00eda congelado, en abundante agua hirviendo con sal. La pasta se cocina cuando llega a la superficie y la <span class=\"s1\">ebullici\u00f3n<\/span> comienza de nuevo.<\/p>\n<\/div>\n<p>&nbsp;<\/p>\n","protected":false},"excerpt":{"rendered":"<p>Las patatas de los Apeninos, doradas y desmenuzables, se procesan con harina y huevos para dar vida a los Gnocchi Fumaiolo. Con su textura suave y un sabor delicado, los Gnocchi di Patate ofrecen un sabor \u00fanico que lo impregna todo. Preparaci\u00f3n Vierta el producto, todav\u00eda congelado, en abundante agua hirviendo con sal. La pasta [&hellip;]<\/p>\n","protected":false},"featured_media":252154,"comment_status":"closed","ping_status":"closed","template":"","meta":{"_et_pb_use_builder":"","_et_pb_old_content":"","_et_gb_content_width":"","wp_mapbox_gl_js_media":[]},"product_cat":[372,377],"product_tag":[],"class_list":["post-252221","product","type-product","status-publish","has-post-thumbnail","hentry","product_cat-horeca-es","product_cat-le-tradizionali-es"],"acf":[],"_links":{"self":[{"href":"https:\/\/fumaiolo.com\/es\/wp-json\/wp\/v2\/product\/252221","targetHints":{"allow":["GET"]}}],"collection":[{"href":"https:\/\/fumaiolo.com\/es\/wp-json\/wp\/v2\/product"}],"about":[{"href":"https:\/\/fumaiolo.com\/es\/wp-json\/wp\/v2\/types\/product"}],"replies":[{"embeddable":true,"href":"https:\/\/fumaiolo.com\/es\/wp-json\/wp\/v2\/comments?post=252221"}],"wp:featuredmedia":[{"embeddable":true,"href":"https:\/\/fumaiolo.com\/es\/wp-json\/wp\/v2\/media\/252154"}],"wp:attachment":[{"href":"https:\/\/fumaiolo.com\/es\/wp-json\/wp\/v2\/media?parent=252221"}],"wp:term":[{"taxonomy":"product_cat","embeddable":true,"href":"https:\/\/fumaiolo.com\/es\/wp-json\/wp\/v2\/product_cat?post=252221"},{"taxonomy":"product_tag","embeddable":true,"href":"https:\/\/fumaiolo.com\/es\/wp-json\/wp\/v2\/product_tag?post=252221"}],"curies":[{"name":"wp","href":"https:\/\/api.w.org\/{rel}","templated":true}]}}