{"id":252209,"date":"2021-10-26T14:19:57","date_gmt":"2021-10-27T15:59:12","guid":{"rendered":"https:\/\/fumaiolo.com\/product\/ravioli-di-erbe-2\/"},"modified":"2021-10-27T17:59:12","modified_gmt":"2021-10-27T15:59:12","slug":"ravioli-di-erbe-horeca-2","status":"publish","type":"product","link":"https:\/\/fumaiolo.com\/es\/prodotto\/ravioli-di-erbe-horeca-2\/","title":{"rendered":"Ravioli di erbe"},"content":{"rendered":"<p>Un cl\u00e1sico de la cocina italiana que Fumaiolo ofrece en su particular versi\u00f3n con sabores equilibrados. La hoja de masa elaborada con huevo, es amarilla y \u00e1spera, contiene un relleno suave de espinacas, potenciadas con una particular nota especiada.<\/p>\n<h2 class=\"olivier\" style=\"color: #373737\"><strong>Preparaci\u00f3n<\/strong><\/h2>\n<div class=\"text\">\n<p class=\"p1\">Vierta el producto, todav\u00eda congelado, en abundante agua hirviendo con sal. Cu\u00e9lela transcurridos aproximadamente <span class=\"s1\">tres minutos<\/span> tras volver a ponerse en ebullici\u00f3n.<\/p>\n<\/div>\n<p>&nbsp;<\/p>\n","protected":false},"excerpt":{"rendered":"<p>Un cl\u00e1sico de la cocina italiana que Fumaiolo ofrece en su particular versi\u00f3n con sabores equilibrados. La hoja de masa elaborada con huevo, es amarilla y \u00e1spera, contiene un relleno suave de espinacas, potenciadas con una particular nota especiada. Preparaci\u00f3n Vierta el producto, todav\u00eda congelado, en abundante agua hirviendo con sal. Cu\u00e9lela transcurridos aproximadamente tres [&hellip;]<\/p>\n","protected":false},"featured_media":251943,"comment_status":"closed","ping_status":"closed","template":"","meta":{"_et_pb_use_builder":"","_et_pb_old_content":"","_et_gb_content_width":"","wp_mapbox_gl_js_media":[]},"product_cat":[372,373],"product_tag":[],"class_list":["post-252209","product","type-product","status-publish","has-post-thumbnail","hentry","product_cat-horeca-es","product_cat-le-ripiene-es"],"acf":[],"_links":{"self":[{"href":"https:\/\/fumaiolo.com\/es\/wp-json\/wp\/v2\/product\/252209","targetHints":{"allow":["GET"]}}],"collection":[{"href":"https:\/\/fumaiolo.com\/es\/wp-json\/wp\/v2\/product"}],"about":[{"href":"https:\/\/fumaiolo.com\/es\/wp-json\/wp\/v2\/types\/product"}],"replies":[{"embeddable":true,"href":"https:\/\/fumaiolo.com\/es\/wp-json\/wp\/v2\/comments?post=252209"}],"wp:featuredmedia":[{"embeddable":true,"href":"https:\/\/fumaiolo.com\/es\/wp-json\/wp\/v2\/media\/251943"}],"wp:attachment":[{"href":"https:\/\/fumaiolo.com\/es\/wp-json\/wp\/v2\/media?parent=252209"}],"wp:term":[{"taxonomy":"product_cat","embeddable":true,"href":"https:\/\/fumaiolo.com\/es\/wp-json\/wp\/v2\/product_cat?post=252209"},{"taxonomy":"product_tag","embeddable":true,"href":"https:\/\/fumaiolo.com\/es\/wp-json\/wp\/v2\/product_tag?post=252209"}],"curies":[{"name":"wp","href":"https:\/\/api.w.org\/{rel}","templated":true}]}}