{"id":252189,"date":"2021-10-26T12:30:37","date_gmt":"2021-10-27T15:30:37","guid":{"rendered":"https:\/\/fumaiolo.com\/product\/tortelletti-di-erbe-2\/"},"modified":"2021-10-27T17:30:37","modified_gmt":"2021-10-27T15:30:37","slug":"tortelletti-di-erbe-horeca-2","status":"publish","type":"product","link":"https:\/\/fumaiolo.com\/es\/prodotto\/tortelletti-di-erbe-horeca-2\/","title":{"rendered":"Tortelletti di erbe"},"content":{"rendered":"<p>De la alianza entre sabrosos quesos y hierbas nacen los Tortelletti Fumaiolo. Hechos con espinacas h\u00e1bilmente mezcladas con Grana Padano y un queso \u201cricotta\u201d muy fresco, envuelto por una l\u00e1mina arrugada, que da lugar a un primer plato delicado y apetitoso.<\/p>\n<h2 class=\"olivier\" style=\"color: #373737\"><strong>Preparaci\u00f3n<\/strong><\/h2>\n<div class=\"text\">\n<p class=\"p1\">Vierta el producto, todav\u00eda congelado, en abundante agua hirviendo con sal. <span class=\"s1\">La pasta<\/span>se cocina cuando llega a la superficie y la ebullici\u00f3n comienza de nuevo.<\/p>\n<\/div>\n<p>&nbsp;<\/p>\n","protected":false},"excerpt":{"rendered":"<p>De la alianza entre sabrosos quesos y hierbas nacen los Tortelletti Fumaiolo. Hechos con espinacas h\u00e1bilmente mezcladas con Grana Padano y un queso \u201cricotta\u201d muy fresco, envuelto por una l\u00e1mina arrugada, que da lugar a un primer plato delicado y apetitoso. Preparaci\u00f3n Vierta el producto, todav\u00eda congelado, en abundante agua hirviendo con sal. La pastase [&hellip;]<\/p>\n","protected":false},"featured_media":251962,"comment_status":"closed","ping_status":"closed","template":"","meta":{"_et_pb_use_builder":"","_et_pb_old_content":"","_et_gb_content_width":"","wp_mapbox_gl_js_media":[]},"product_cat":[372,373],"product_tag":[],"class_list":["post-252189","product","type-product","status-publish","has-post-thumbnail","hentry","product_cat-horeca-es","product_cat-le-ripiene-es"],"acf":[],"_links":{"self":[{"href":"https:\/\/fumaiolo.com\/es\/wp-json\/wp\/v2\/product\/252189","targetHints":{"allow":["GET"]}}],"collection":[{"href":"https:\/\/fumaiolo.com\/es\/wp-json\/wp\/v2\/product"}],"about":[{"href":"https:\/\/fumaiolo.com\/es\/wp-json\/wp\/v2\/types\/product"}],"replies":[{"embeddable":true,"href":"https:\/\/fumaiolo.com\/es\/wp-json\/wp\/v2\/comments?post=252189"}],"wp:featuredmedia":[{"embeddable":true,"href":"https:\/\/fumaiolo.com\/es\/wp-json\/wp\/v2\/media\/251962"}],"wp:attachment":[{"href":"https:\/\/fumaiolo.com\/es\/wp-json\/wp\/v2\/media?parent=252189"}],"wp:term":[{"taxonomy":"product_cat","embeddable":true,"href":"https:\/\/fumaiolo.com\/es\/wp-json\/wp\/v2\/product_cat?post=252189"},{"taxonomy":"product_tag","embeddable":true,"href":"https:\/\/fumaiolo.com\/es\/wp-json\/wp\/v2\/product_tag?post=252189"}],"curies":[{"name":"wp","href":"https:\/\/api.w.org\/{rel}","templated":true}]}}