{"id":247486,"date":"2021-07-20T18:53:30","date_gmt":"2021-09-08T08:03:38","guid":{"rendered":"https:\/\/fumaiolo.com\/product\/tortelloni-di-erbe\/"},"modified":"2021-10-27T14:02:20","modified_gmt":"2021-10-27T12:02:20","slug":"tortelloni-di-erbe","status":"publish","type":"product","link":"https:\/\/fumaiolo.com\/es\/prodotto\/tortelloni-di-erbe\/","title":{"rendered":"Tortelloni di erbe"},"content":{"rendered":"<p>Los Tortelloni di Erbe se preparan con espinacas cultivadas en la zona. La pasta es gruesa, para conservar el relleno, y se presta para ser acompa\u00f1ada con salsas frescas elaboradas con ingredientes de temporada. Para disfrutar de manera sencilla pero emocionante.<\/p>\n<h2 class=\"olivier\" style=\"color: #373737\"><strong>Preparaci\u00f3n<\/strong><\/h2>\n<div class=\"text\">\n<p class=\"p1\">Vierta el producto, todav\u00eda congelado, en abundante agua hirviendo con sal. Cu\u00e9lela transcurridos aproximadamente <span class=\"s1\">tres minutos<\/span> tras volver a ponerse en ebullici\u00f3n.<\/p>\n<\/div>\n<p>&nbsp;<\/p>\n","protected":false},"excerpt":{"rendered":"<p>Los Tortelloni di Erbe se preparan con espinacas cultivadas en la zona. La pasta es gruesa, para conservar el relleno, y se presta para ser acompa\u00f1ada con salsas frescas elaboradas con ingredientes de temporada. Para disfrutar de manera sencilla pero emocionante. Preparaci\u00f3n Vierta el producto, todav\u00eda congelado, en abundante agua hirviendo con sal. Cu\u00e9lela transcurridos [&hellip;]<\/p>\n","protected":false},"featured_media":254854,"comment_status":"closed","ping_status":"closed","template":"","meta":{"_et_pb_use_builder":"","_et_pb_old_content":"","_et_gb_content_width":"","wp_mapbox_gl_js_media":[]},"product_cat":[265,316],"product_tag":[],"class_list":["post-247486","product","type-product","status-publish","has-post-thumbnail","hentry","product_cat-la-pasta-es","product_cat-tortelli-es"],"acf":[],"_links":{"self":[{"href":"https:\/\/fumaiolo.com\/es\/wp-json\/wp\/v2\/product\/247486","targetHints":{"allow":["GET"]}}],"collection":[{"href":"https:\/\/fumaiolo.com\/es\/wp-json\/wp\/v2\/product"}],"about":[{"href":"https:\/\/fumaiolo.com\/es\/wp-json\/wp\/v2\/types\/product"}],"replies":[{"embeddable":true,"href":"https:\/\/fumaiolo.com\/es\/wp-json\/wp\/v2\/comments?post=247486"}],"wp:featuredmedia":[{"embeddable":true,"href":"https:\/\/fumaiolo.com\/es\/wp-json\/wp\/v2\/media\/254854"}],"wp:attachment":[{"href":"https:\/\/fumaiolo.com\/es\/wp-json\/wp\/v2\/media?parent=247486"}],"wp:term":[{"taxonomy":"product_cat","embeddable":true,"href":"https:\/\/fumaiolo.com\/es\/wp-json\/wp\/v2\/product_cat?post=247486"},{"taxonomy":"product_tag","embeddable":true,"href":"https:\/\/fumaiolo.com\/es\/wp-json\/wp\/v2\/product_tag?post=247486"}],"curies":[{"name":"wp","href":"https:\/\/api.w.org\/{rel}","templated":true}]}}