{"id":247481,"date":"2021-07-21T09:31:09","date_gmt":"2021-09-08T07:57:08","guid":{"rendered":"https:\/\/fumaiolo.com\/product\/tortelloni-di-patate\/"},"modified":"2021-10-27T14:09:51","modified_gmt":"2021-10-27T12:09:51","slug":"tortelloni-di-patate","status":"publish","type":"product","link":"https:\/\/fumaiolo.com\/es\/prodotto\/tortelloni-di-patate\/","title":{"rendered":"Tortelloni di patate"},"content":{"rendered":"<p>Un delicado equilibrio de sabores para obtener un relleno suave y sabroso. Dos capas de masa contienen un relleno preparado con patatas de los Apeninos, queso \u201cricotta\u201d seleccionado y Grana Padano.<\/p>\n<h2 class=\"olivier\" style=\"color: #373737\"><strong>Preparaci\u00f3n<\/strong><\/h2>\n<div class=\"text\">\n<p class=\"p1\">Vierta el producto, todav\u00eda congelado, en abundante agua hirviendo con sal. Cu\u00e9lela transcurridos aproximadamente <span class=\"s1\">tres minutos<\/span> tras volver a ponerse en ebullici\u00f3n.<\/p>\n<\/div>\n<p>&nbsp;<\/p>\n","protected":false},"excerpt":{"rendered":"<p>Un delicado equilibrio de sabores para obtener un relleno suave y sabroso. Dos capas de masa contienen un relleno preparado con patatas de los Apeninos, queso \u201cricotta\u201d seleccionado y Grana Padano. Preparaci\u00f3n Vierta el producto, todav\u00eda congelado, en abundante agua hirviendo con sal. Cu\u00e9lela transcurridos aproximadamente tres minutos tras volver a ponerse en ebullici\u00f3n. &nbsp;<\/p>\n","protected":false},"featured_media":254859,"comment_status":"closed","ping_status":"closed","template":"","meta":{"_et_pb_use_builder":"","_et_pb_old_content":"","_et_gb_content_width":"","wp_mapbox_gl_js_media":[]},"product_cat":[265,316],"product_tag":[],"class_list":["post-247481","product","type-product","status-publish","has-post-thumbnail","hentry","product_cat-la-pasta-es","product_cat-tortelli-es"],"acf":[],"_links":{"self":[{"href":"https:\/\/fumaiolo.com\/es\/wp-json\/wp\/v2\/product\/247481","targetHints":{"allow":["GET"]}}],"collection":[{"href":"https:\/\/fumaiolo.com\/es\/wp-json\/wp\/v2\/product"}],"about":[{"href":"https:\/\/fumaiolo.com\/es\/wp-json\/wp\/v2\/types\/product"}],"replies":[{"embeddable":true,"href":"https:\/\/fumaiolo.com\/es\/wp-json\/wp\/v2\/comments?post=247481"}],"wp:featuredmedia":[{"embeddable":true,"href":"https:\/\/fumaiolo.com\/es\/wp-json\/wp\/v2\/media\/254859"}],"wp:attachment":[{"href":"https:\/\/fumaiolo.com\/es\/wp-json\/wp\/v2\/media?parent=247481"}],"wp:term":[{"taxonomy":"product_cat","embeddable":true,"href":"https:\/\/fumaiolo.com\/es\/wp-json\/wp\/v2\/product_cat?post=247481"},{"taxonomy":"product_tag","embeddable":true,"href":"https:\/\/fumaiolo.com\/es\/wp-json\/wp\/v2\/product_tag?post=247481"}],"curies":[{"name":"wp","href":"https:\/\/api.w.org\/{rel}","templated":true}]}}