{"id":247471,"date":"2021-07-23T13:49:27","date_gmt":"2021-09-08T07:39:38","guid":{"rendered":"https:\/\/fumaiolo.com\/product\/ravioli-di-patate\/"},"modified":"2021-10-27T14:29:26","modified_gmt":"2021-10-27T12:29:26","slug":"ravioli-di-patate","status":"publish","type":"product","link":"https:\/\/fumaiolo.com\/es\/prodotto\/ravioli-di-patate\/","title":{"rendered":"Ravioli di patate"},"content":{"rendered":"<p>El delicado aroma de la nuez moscada en un relleno aterciopelado y deliciosamente saludable elaborado con patatas, \u201cricotta\u201d y Grana Padano. As\u00ed es como nacen los Ravioli di Patate Fumaiolo, seg\u00fan dicta la tradici\u00f3n.<\/p>\n<h2 class=\"olivier\" style=\"color: #373737\"><strong>Preparaci\u00f3n<\/strong><\/h2>\n<div class=\"text\">\n<p class=\"p1\">Vierta el producto, todav\u00eda congelado, en abundante agua hirviendo con sal. Cu\u00e9lela transcurridos aproximadamente <span class=\"s1\">tres minutos<\/span> tras volver a ponerse en ebullici\u00f3n.<\/p>\n<\/div>\n<p>&nbsp;<\/p>\n","protected":false},"excerpt":{"rendered":"<p>El delicado aroma de la nuez moscada en un relleno aterciopelado y deliciosamente saludable elaborado con patatas, \u201cricotta\u201d y Grana Padano. As\u00ed es como nacen los Ravioli di Patate Fumaiolo, seg\u00fan dicta la tradici\u00f3n. Preparaci\u00f3n Vierta el producto, todav\u00eda congelado, en abundante agua hirviendo con sal. Cu\u00e9lela transcurridos aproximadamente tres minutos tras volver a ponerse [&hellip;]<\/p>\n","protected":false},"featured_media":254834,"comment_status":"closed","ping_status":"closed","template":"","meta":{"_et_pb_use_builder":"","_et_pb_old_content":"","_et_gb_content_width":"","wp_mapbox_gl_js_media":[]},"product_cat":[265,313],"product_tag":[],"class_list":["post-247471","product","type-product","status-publish","has-post-thumbnail","hentry","product_cat-la-pasta-es","product_cat-ravioli-es"],"acf":[],"_links":{"self":[{"href":"https:\/\/fumaiolo.com\/es\/wp-json\/wp\/v2\/product\/247471","targetHints":{"allow":["GET"]}}],"collection":[{"href":"https:\/\/fumaiolo.com\/es\/wp-json\/wp\/v2\/product"}],"about":[{"href":"https:\/\/fumaiolo.com\/es\/wp-json\/wp\/v2\/types\/product"}],"replies":[{"embeddable":true,"href":"https:\/\/fumaiolo.com\/es\/wp-json\/wp\/v2\/comments?post=247471"}],"wp:featuredmedia":[{"embeddable":true,"href":"https:\/\/fumaiolo.com\/es\/wp-json\/wp\/v2\/media\/254834"}],"wp:attachment":[{"href":"https:\/\/fumaiolo.com\/es\/wp-json\/wp\/v2\/media?parent=247471"}],"wp:term":[{"taxonomy":"product_cat","embeddable":true,"href":"https:\/\/fumaiolo.com\/es\/wp-json\/wp\/v2\/product_cat?post=247471"},{"taxonomy":"product_tag","embeddable":true,"href":"https:\/\/fumaiolo.com\/es\/wp-json\/wp\/v2\/product_tag?post=247471"}],"curies":[{"name":"wp","href":"https:\/\/api.w.org\/{rel}","templated":true}]}}