{"id":247457,"date":"2021-07-23T16:00:07","date_gmt":"2021-09-07T14:43:33","guid":{"rendered":"https:\/\/fumaiolo.com\/product\/gnocchi-verdi\/"},"modified":"2021-10-27T14:59:20","modified_gmt":"2021-10-27T12:59:20","slug":"gnocchi-verdi","status":"publish","type":"product","link":"https:\/\/fumaiolo.com\/es\/prodotto\/gnocchi-verdi\/","title":{"rendered":"Gnocchi verdi"},"content":{"rendered":"<p>Las exquisitas y f\u00e1cilmente desmenuzables patatas se combinan con el aroma fresco de las hierbas del Monte Fumaiolo. As\u00ed es como nacen los suaves y deliciosos Gnocchi Verdi. Son perfectos tanto para acompa\u00f1ar salsas m\u00e1s dulces como <span class=\"s1\">para condimentos con m\u00e1s car\u00e1cter.<\/span><\/p>\n<h2 class=\"olivier\" style=\"color: #373737\"><strong>Preparaci\u00f3n<\/strong><\/h2>\n<div class=\"text\">\n<p class=\"p1\">Vierta el producto, todav\u00eda congelado, en abundante agua hirviendo con sal. <span class=\"s1\">La pasta<\/span>se cocina cuando llega a la superficie y la ebullici\u00f3n comienza de nuevo.<\/p>\n<\/div>\n<p>&nbsp;<\/p>\n","protected":false},"excerpt":{"rendered":"<p>Las exquisitas y f\u00e1cilmente desmenuzables patatas se combinan con el aroma fresco de las hierbas del Monte Fumaiolo. As\u00ed es como nacen los suaves y deliciosos Gnocchi Verdi. Son perfectos tanto para acompa\u00f1ar salsas m\u00e1s dulces como para condimentos con m\u00e1s car\u00e1cter. Preparaci\u00f3n Vierta el producto, todav\u00eda congelado, en abundante agua hirviendo con sal. La [&hellip;]<\/p>\n","protected":false},"featured_media":254054,"comment_status":"closed","ping_status":"closed","template":"","meta":{"_et_pb_use_builder":"","_et_pb_old_content":"","_et_gb_content_width":"","wp_mapbox_gl_js_media":[]},"product_cat":[264,265],"product_tag":[],"class_list":["post-247457","product","type-product","status-publish","has-post-thumbnail","hentry","product_cat-gnocchi-es","product_cat-la-pasta-es"],"acf":[],"_links":{"self":[{"href":"https:\/\/fumaiolo.com\/es\/wp-json\/wp\/v2\/product\/247457","targetHints":{"allow":["GET"]}}],"collection":[{"href":"https:\/\/fumaiolo.com\/es\/wp-json\/wp\/v2\/product"}],"about":[{"href":"https:\/\/fumaiolo.com\/es\/wp-json\/wp\/v2\/types\/product"}],"replies":[{"embeddable":true,"href":"https:\/\/fumaiolo.com\/es\/wp-json\/wp\/v2\/comments?post=247457"}],"wp:featuredmedia":[{"embeddable":true,"href":"https:\/\/fumaiolo.com\/es\/wp-json\/wp\/v2\/media\/254054"}],"wp:attachment":[{"href":"https:\/\/fumaiolo.com\/es\/wp-json\/wp\/v2\/media?parent=247457"}],"wp:term":[{"taxonomy":"product_cat","embeddable":true,"href":"https:\/\/fumaiolo.com\/es\/wp-json\/wp\/v2\/product_cat?post=247457"},{"taxonomy":"product_tag","embeddable":true,"href":"https:\/\/fumaiolo.com\/es\/wp-json\/wp\/v2\/product_tag?post=247457"}],"curies":[{"name":"wp","href":"https:\/\/api.w.org\/{rel}","templated":true}]}}