{"id":247443,"date":"2021-07-23T16:06:45","date_gmt":"2021-09-07T14:07:09","guid":{"rendered":"https:\/\/fumaiolo.com\/product\/gnocchi-di-zucca\/"},"modified":"2021-10-27T15:12:40","modified_gmt":"2021-10-27T13:12:40","slug":"gnocchi-di-zucca","status":"publish","type":"product","link":"https:\/\/fumaiolo.com\/es\/prodotto\/gnocchi-di-zucca\/","title":{"rendered":"Gnocchi di zucca"},"content":{"rendered":"<p>Dulces, sabrosos y fragantes gracias a la calabaza y suaves gracias a las delicadas patatas de los Apeninos, estos gnocchi resultan perfectos para llevar a la mesa los sabores del oto\u00f1o. Combinan a la perfecci\u00f3n con el gorgonzola y otros quesos azules, pero tambi\u00e9n resultan ideales con salsas m\u00e1s delicadas, como la de calabaza y menta, u otras m\u00e1s ricas, como la de speck y nueces.<\/p>\n<h2 class=\"olivier\" style=\"color: #373737\"><strong>Preparaci\u00f3n<\/strong><\/h2>\n<div class=\"text\">\n<p class=\"p1\">Vierta el producto, todav\u00eda congelado, en abundante agua hirviendo con sal. La pasta se cocina cuando llega a la superficie y la ebullici\u00f3n comienza de nuevo.<\/p>\n<\/div>\n<p>&nbsp;<\/p>\n","protected":false},"excerpt":{"rendered":"<p>Dulces, sabrosos y fragantes gracias a la calabaza y suaves gracias a las delicadas patatas de los Apeninos, estos gnocchi resultan perfectos para llevar a la mesa los sabores del oto\u00f1o. Combinan a la perfecci\u00f3n con el gorgonzola y otros quesos azules, pero tambi\u00e9n resultan ideales con salsas m\u00e1s delicadas, como la de calabaza y [&hellip;]<\/p>\n","protected":false},"featured_media":247444,"comment_status":"closed","ping_status":"closed","template":"","meta":{"_et_pb_use_builder":"","_et_pb_old_content":"","_et_gb_content_width":"","wp_mapbox_gl_js_media":[]},"product_cat":[264,265],"product_tag":[],"class_list":["post-247443","product","type-product","status-publish","has-post-thumbnail","hentry","product_cat-gnocchi-es","product_cat-la-pasta-es"],"acf":[],"_links":{"self":[{"href":"https:\/\/fumaiolo.com\/es\/wp-json\/wp\/v2\/product\/247443","targetHints":{"allow":["GET"]}}],"collection":[{"href":"https:\/\/fumaiolo.com\/es\/wp-json\/wp\/v2\/product"}],"about":[{"href":"https:\/\/fumaiolo.com\/es\/wp-json\/wp\/v2\/types\/product"}],"replies":[{"embeddable":true,"href":"https:\/\/fumaiolo.com\/es\/wp-json\/wp\/v2\/comments?post=247443"}],"wp:featuredmedia":[{"embeddable":true,"href":"https:\/\/fumaiolo.com\/es\/wp-json\/wp\/v2\/media\/247444"}],"wp:attachment":[{"href":"https:\/\/fumaiolo.com\/es\/wp-json\/wp\/v2\/media?parent=247443"}],"wp:term":[{"taxonomy":"product_cat","embeddable":true,"href":"https:\/\/fumaiolo.com\/es\/wp-json\/wp\/v2\/product_cat?post=247443"},{"taxonomy":"product_tag","embeddable":true,"href":"https:\/\/fumaiolo.com\/es\/wp-json\/wp\/v2\/product_tag?post=247443"}],"curies":[{"name":"wp","href":"https:\/\/api.w.org\/{rel}","templated":true}]}}